{"id":21258,"date":"2024-11-12T11:56:30","date_gmt":"2024-11-12T10:56:30","guid":{"rendered":"https:\/\/vitalstoffversand.com\/produkt\/gen-acide-gamma-aminobutyrique-gaba-320-gelules\/"},"modified":"2026-03-11T14:36:41","modified_gmt":"2026-03-11T13:36:41","slug":"gen-acide-gamma-aminobutyrique-gaba-320-gelules","status":"publish","type":"product","link":"https:\/\/dev.vitalstoffversand.com\/fr\/produit\/gen-acide-gamma-aminobutyrique-gaba-320-gelules\/","title":{"rendered":"GEN <br>Acide gamma-aminobutyrique Gaba &#8211; 320 g\u00e9lules"},"content":{"rendered":"<p>L&#8217;acide \u03b3-aminobutyrique (en anglais gamma-aminobutyric acid, en abr\u00e9g\u00e9 GABA) fait partie des acides amin\u00e9s non prot\u00e9inog\u00e8nes et est, avec le glutamate, un neurotransmetteur important du syst\u00e8me nerveux central.<\/p>\n<p>Le GABA peut ralentir de nombreux stimuli, ce qui peut avoir un effet positif sur le stress et le sommeil.<\/p>\n<ul>\n<li>Sans gluten<\/li>\n<li>Sans lactose<\/li>\n<li>Sans OGM<\/li>\n<li>Fabriqu\u00e9 selon les normes de qualit\u00e9 strictes de l&#8217;UE<\/li>\n<\/ul>\n","protected":false},"excerpt":{"rendered":"<p>L&#8217;acide \u03b3-aminobutyrique (en anglais gamma-aminobutyric acid, en abr\u00e9g\u00e9 GABA) fait partie des acides amin\u00e9s non prot\u00e9inog\u00e8nes et est, avec le glutamate, un neurotransmetteur important du syst\u00e8me nerveux central. Le GABA peut ralentir de nombreux stimuli, ce qui peut avoir un effet positif sur le stress et le sommeil. Sans gluten Sans lactose Sans OGM Fabriqu\u00e9 [&hellip;]<\/p>\n","protected":false},"featured_media":61169,"template":"","meta":{"_acf_changed":false},"product_brand":[10197],"product_cat":[332,365],"product_tag":[],"class_list":{"0":"post-21258","1":"product","2":"type-product","3":"status-publish","4":"has-post-thumbnail","6":"product_brand-gen-german-elite-nutrition-fr","7":"product_cat-acides-amines","8":"product_cat-produits-de-a-a-z","10":"first","11":"instock","12":"taxable","13":"shipping-taxable","14":"purchasable","15":"product-type-simple"},"acf":[],"_links":{"self":[{"href":"https:\/\/dev.vitalstoffversand.com\/fr\/wp-json\/wp\/v2\/product\/21258","targetHints":{"allow":["GET"]}}],"collection":[{"href":"https:\/\/dev.vitalstoffversand.com\/fr\/wp-json\/wp\/v2\/product"}],"about":[{"href":"https:\/\/dev.vitalstoffversand.com\/fr\/wp-json\/wp\/v2\/types\/product"}],"wp:featuredmedia":[{"embeddable":true,"href":"https:\/\/dev.vitalstoffversand.com\/fr\/wp-json\/wp\/v2\/media\/61169"}],"wp:attachment":[{"href":"https:\/\/dev.vitalstoffversand.com\/fr\/wp-json\/wp\/v2\/media?parent=21258"}],"wp:term":[{"taxonomy":"product_brand","embeddable":true,"href":"https:\/\/dev.vitalstoffversand.com\/fr\/wp-json\/wp\/v2\/product_brand?post=21258"},{"taxonomy":"product_cat","embeddable":true,"href":"https:\/\/dev.vitalstoffversand.com\/fr\/wp-json\/wp\/v2\/product_cat?post=21258"},{"taxonomy":"product_tag","embeddable":true,"href":"https:\/\/dev.vitalstoffversand.com\/fr\/wp-json\/wp\/v2\/product_tag?post=21258"}],"curies":[{"name":"wp","href":"https:\/\/api.w.org\/{rel}","templated":true}]}}