{"id":21241,"date":"2024-11-12T11:46:01","date_gmt":"2024-11-12T10:46:01","guid":{"rendered":"https:\/\/vitalstoffversand.com\/produkt\/gen-bcaa-211-neutre-500-g\/"},"modified":"2026-03-11T14:30:12","modified_gmt":"2026-03-11T13:30:12","slug":"gen-bcaa-211-neutre-500-g","status":"publish","type":"product","link":"https:\/\/dev.vitalstoffversand.com\/fr\/produit\/gen-bcaa-211-neutre-500-g\/","title":{"rendered":"GEN <br>BCAA 2:1:1 neutre &#8211; 500 g"},"content":{"rendered":"<p>BCAA est l&#8217;abr\u00e9viation de Branched-Chain Amino Acids et regroupe les acides amin\u00e9s prot\u00e9inog\u00e8nes leucine, valine et isoleucine.<\/p>\n<p>Ceux-ci sont essentiels et ne peuvent pas \u00eatre produits par notre propre corps.<\/p>\n<p>BCAA 2:1:1 ne contient pas d&#8217;ar\u00f4mes.<\/p>\n<p>En g\u00e9n\u00e9ral, les BCAA ont un go\u00fbt amer et sont relativement difficiles \u00e0 dissoudre.<\/p>\n<ul>\n<li>V\u00e9gan<\/li>\n<li>Sans gluten<\/li>\n<li>Sans lactose<\/li>\n<li>Sans OGM<\/li>\n<li>Fabriqu\u00e9 selon les normes de qualit\u00e9 strictes de l&#8217;UE<\/li>\n<\/ul>\n","protected":false},"excerpt":{"rendered":"<p>BCAA est l&#8217;abr\u00e9viation de Branched-Chain Amino Acids et regroupe les acides amin\u00e9s prot\u00e9inog\u00e8nes leucine, valine et isoleucine. Ceux-ci sont essentiels et ne peuvent pas \u00eatre produits par notre propre corps. BCAA 2:1:1 ne contient pas d&#8217;ar\u00f4mes. En g\u00e9n\u00e9ral, les BCAA ont un go\u00fbt amer et sont relativement difficiles \u00e0 dissoudre. V\u00e9gan Sans gluten Sans lactose [&hellip;]<\/p>\n","protected":false},"featured_media":44435,"template":"","meta":{"_acf_changed":false},"product_brand":[10197],"product_cat":[332,365],"product_tag":[],"class_list":{"0":"post-21241","1":"product","2":"type-product","3":"status-publish","4":"has-post-thumbnail","6":"product_brand-gen-german-elite-nutrition-fr","7":"product_cat-acides-amines","8":"product_cat-produits-de-a-a-z","10":"first","11":"instock","12":"taxable","13":"shipping-taxable","14":"purchasable","15":"product-type-simple"},"acf":[],"_links":{"self":[{"href":"https:\/\/dev.vitalstoffversand.com\/fr\/wp-json\/wp\/v2\/product\/21241","targetHints":{"allow":["GET"]}}],"collection":[{"href":"https:\/\/dev.vitalstoffversand.com\/fr\/wp-json\/wp\/v2\/product"}],"about":[{"href":"https:\/\/dev.vitalstoffversand.com\/fr\/wp-json\/wp\/v2\/types\/product"}],"wp:featuredmedia":[{"embeddable":true,"href":"https:\/\/dev.vitalstoffversand.com\/fr\/wp-json\/wp\/v2\/media\/44435"}],"wp:attachment":[{"href":"https:\/\/dev.vitalstoffversand.com\/fr\/wp-json\/wp\/v2\/media?parent=21241"}],"wp:term":[{"taxonomy":"product_brand","embeddable":true,"href":"https:\/\/dev.vitalstoffversand.com\/fr\/wp-json\/wp\/v2\/product_brand?post=21241"},{"taxonomy":"product_cat","embeddable":true,"href":"https:\/\/dev.vitalstoffversand.com\/fr\/wp-json\/wp\/v2\/product_cat?post=21241"},{"taxonomy":"product_tag","embeddable":true,"href":"https:\/\/dev.vitalstoffversand.com\/fr\/wp-json\/wp\/v2\/product_tag?post=21241"}],"curies":[{"name":"wp","href":"https:\/\/api.w.org\/{rel}","templated":true}]}}