{"id":21094,"date":"2024-11-12T11:09:47","date_gmt":"2024-11-12T10:09:47","guid":{"rendered":"https:\/\/vitalstoffversand.com\/produkt\/gen-bcaa-ultra-811-365-capsules\/"},"modified":"2026-03-11T14:10:58","modified_gmt":"2026-03-11T13:10:58","slug":"gen-bcaa-ultra-811-365-capsules","status":"publish","type":"product","link":"https:\/\/dev.vitalstoffversand.com\/fr\/produit\/gen-bcaa-ultra-811-365-capsules\/","title":{"rendered":"GEN <br>BCAA Ultra 8:1:1 &#8211; 365 capsules"},"content":{"rendered":"<p>BCAA Ultra 8:1:1 contient une proportion accrue de l&#8217;acide amin\u00e9 L-leucine, compl\u00e9t\u00e9e par de la L-isoleucine et de la L-valine.<\/p>\n<p>Normalement, on trouve dans les produits BCAA standard un rapport de 2:1:1 entre les BCAA.<\/p>\n<p>Cette combinaison 8:1:1 est particuli\u00e8rement appr\u00e9ci\u00e9e des sportifs.<\/p>\n<ul>\n<li>Sans gluten<\/li>\n<li>Sans lactose<\/li>\n<li>Sans OGM<\/li>\n<li>Fabriqu\u00e9 selon les normes de qualit\u00e9 strictes de l&#8217;UE<\/li>\n<\/ul>\n","protected":false},"excerpt":{"rendered":"<p>BCAA Ultra 8:1:1 contient une proportion accrue de l&#8217;acide amin\u00e9 L-leucine, compl\u00e9t\u00e9e par de la L-isoleucine et de la L-valine. Normalement, on trouve dans les produits BCAA standard un rapport de 2:1:1 entre les BCAA. Cette combinaison 8:1:1 est particuli\u00e8rement appr\u00e9ci\u00e9e des sportifs. Sans gluten Sans lactose Sans OGM Fabriqu\u00e9 selon les normes de qualit\u00e9 [&hellip;]<\/p>\n","protected":false},"featured_media":44147,"template":"","meta":{"_acf_changed":false},"product_brand":[10197],"product_cat":[332,365],"product_tag":[],"class_list":{"0":"post-21094","1":"product","2":"type-product","3":"status-publish","4":"has-post-thumbnail","6":"product_brand-gen-german-elite-nutrition-fr","7":"product_cat-acides-amines","8":"product_cat-produits-de-a-a-z","10":"first","11":"instock","12":"taxable","13":"shipping-taxable","14":"purchasable","15":"product-type-simple"},"acf":[],"_links":{"self":[{"href":"https:\/\/dev.vitalstoffversand.com\/fr\/wp-json\/wp\/v2\/product\/21094","targetHints":{"allow":["GET"]}}],"collection":[{"href":"https:\/\/dev.vitalstoffversand.com\/fr\/wp-json\/wp\/v2\/product"}],"about":[{"href":"https:\/\/dev.vitalstoffversand.com\/fr\/wp-json\/wp\/v2\/types\/product"}],"wp:featuredmedia":[{"embeddable":true,"href":"https:\/\/dev.vitalstoffversand.com\/fr\/wp-json\/wp\/v2\/media\/44147"}],"wp:attachment":[{"href":"https:\/\/dev.vitalstoffversand.com\/fr\/wp-json\/wp\/v2\/media?parent=21094"}],"wp:term":[{"taxonomy":"product_brand","embeddable":true,"href":"https:\/\/dev.vitalstoffversand.com\/fr\/wp-json\/wp\/v2\/product_brand?post=21094"},{"taxonomy":"product_cat","embeddable":true,"href":"https:\/\/dev.vitalstoffversand.com\/fr\/wp-json\/wp\/v2\/product_cat?post=21094"},{"taxonomy":"product_tag","embeddable":true,"href":"https:\/\/dev.vitalstoffversand.com\/fr\/wp-json\/wp\/v2\/product_tag?post=21094"}],"curies":[{"name":"wp","href":"https:\/\/api.w.org\/{rel}","templated":true}]}}