{"id":21086,"date":"2024-11-12T11:07:31","date_gmt":"2024-11-12T10:07:31","guid":{"rendered":"https:\/\/vitalstoffversand.com\/produkt\/gen-l-arginine-380-capsules\/"},"modified":"2026-03-11T14:11:43","modified_gmt":"2026-03-11T13:11:43","slug":"gen-l-arginine-380-capsules","status":"publish","type":"product","link":"https:\/\/dev.vitalstoffversand.com\/fr\/produit\/gen-l-arginine-380-capsules\/","title":{"rendered":"GEN <br>L-Arginine &#8211; 380 capsules"},"content":{"rendered":"<p>La L-arginine est le seul acide amin\u00e9 capable de produire de l&#8217;oxyde nitrique (NO), essentiel au contr\u00f4le des vaisseaux sanguins.<\/p>\n<p>L&#8217;arginine participe \u00e9galement \u00e0 la construction des prot\u00e9ines de l&#8217;organisme.<\/p>\n<p>Ces deux caract\u00e9ristiques le rendent int\u00e9ressant aussi bien pour les sportifs que pour les personnes soucieuses de leur sant\u00e9.<\/p>\n<ul>\n<li>V\u00e9gan<\/li>\n<li>Sans gluten<\/li>\n<li>Sans lactose<\/li>\n<li>Sans OGM<\/li>\n<li>Fabriqu\u00e9 selon les normes de qualit\u00e9 strictes de l&#8217;UE<\/li>\n<\/ul>\n","protected":false},"excerpt":{"rendered":"<p>La L-arginine est le seul acide amin\u00e9 capable de produire de l&#8217;oxyde nitrique (NO), essentiel au contr\u00f4le des vaisseaux sanguins. L&#8217;arginine participe \u00e9galement \u00e0 la construction des prot\u00e9ines de l&#8217;organisme. Ces deux caract\u00e9ristiques le rendent int\u00e9ressant aussi bien pour les sportifs que pour les personnes soucieuses de leur sant\u00e9. V\u00e9gan Sans gluten Sans lactose Sans [&hellip;]<\/p>\n","protected":false},"featured_media":44106,"template":"","meta":{"_acf_changed":false},"product_brand":[10197],"product_cat":[332,365],"product_tag":[],"class_list":{"0":"post-21086","1":"product","2":"type-product","3":"status-publish","4":"has-post-thumbnail","6":"product_brand-gen-german-elite-nutrition-fr","7":"product_cat-acides-amines","8":"product_cat-produits-de-a-a-z","10":"first","11":"instock","12":"taxable","13":"shipping-taxable","14":"purchasable","15":"product-type-simple"},"acf":[],"_links":{"self":[{"href":"https:\/\/dev.vitalstoffversand.com\/fr\/wp-json\/wp\/v2\/product\/21086","targetHints":{"allow":["GET"]}}],"collection":[{"href":"https:\/\/dev.vitalstoffversand.com\/fr\/wp-json\/wp\/v2\/product"}],"about":[{"href":"https:\/\/dev.vitalstoffversand.com\/fr\/wp-json\/wp\/v2\/types\/product"}],"wp:featuredmedia":[{"embeddable":true,"href":"https:\/\/dev.vitalstoffversand.com\/fr\/wp-json\/wp\/v2\/media\/44106"}],"wp:attachment":[{"href":"https:\/\/dev.vitalstoffversand.com\/fr\/wp-json\/wp\/v2\/media?parent=21086"}],"wp:term":[{"taxonomy":"product_brand","embeddable":true,"href":"https:\/\/dev.vitalstoffversand.com\/fr\/wp-json\/wp\/v2\/product_brand?post=21086"},{"taxonomy":"product_cat","embeddable":true,"href":"https:\/\/dev.vitalstoffversand.com\/fr\/wp-json\/wp\/v2\/product_cat?post=21086"},{"taxonomy":"product_tag","embeddable":true,"href":"https:\/\/dev.vitalstoffversand.com\/fr\/wp-json\/wp\/v2\/product_tag?post=21086"}],"curies":[{"name":"wp","href":"https:\/\/api.w.org\/{rel}","templated":true}]}}