{"id":20701,"date":"2025-01-21T18:27:19","date_gmt":"2025-01-21T17:27:19","guid":{"rendered":"https:\/\/vitalstoffversand.com\/?post_type=product&#038;p=20701"},"modified":"2026-03-11T13:28:15","modified_gmt":"2026-03-11T12:28:15","slug":"alphavitalis-extrait-decorce-de-pin-opc-240-gelules-kopie","status":"publish","type":"product","link":"https:\/\/dev.vitalstoffversand.com\/fr\/produit\/alphavitalis-extrait-decorce-de-pin-opc-240-gelules-kopie\/","title":{"rendered":"alphavitalis <br>Wechselsanft (Doux \u00e0 changer) Complexe de substances actives &#8211; 120 g\u00e9lules"},"content":{"rendered":"<p>Wechselsanft Vitalstoffkomplex est une combinaison harmonis\u00e9e d&#8217;extraits v\u00e9g\u00e9taux et de vitamines, sp\u00e9cialement con\u00e7ue pour les femmes en p\u00e9riode de m\u00e9nopause.<\/p>\n<p>Les substances actives que sont l&#8217;igname, la sauge, le tr\u00e8fle rouge, le millepertuis, l&#8217;act\u00e9e \u00e0 grappes, le poivre des moines et le houblon, compl\u00e9t\u00e9es par des <a href=\"https:\/\/dev.vitalstoffversand.com\/knowledge-base\/vitamin-b6\/\" target=\"_blank\" rel=\"noopener\"><span style=\"color: #0000ff;\"><strong>\u2192 vitamine B6<\/strong><\/span><\/a>, <a href=\"https:\/\/dev.vitalstoffversand.com\/knowledge-base\/vitamin-b12\/\" target=\"_blank\" rel=\"noopener\"><strong><span style=\"color: #0000ff;\">\u2192 vitamine B12<\/span><\/strong><\/a>, <a href=\"https:\/\/dev.vitalstoffversand.com\/knowledge-base\/vitamin-b9-folat\/\" target=\"_blank\" rel=\"noopener\"><strong>\u2192 acide folique<\/strong><\/a> et <a href=\"https:\/\/dev.vitalstoffversand.com\/knowledge-base\/eisen\/\" target=\"_blank\" rel=\"noopener\"><strong><span style=\"color: #0000ff;\">\u2192 fer<\/span><\/strong><\/a> travaillent &#8220;main dans la main&#8221; lorsqu&#8217;il s&#8217;agit d&#8217;aider les femmes \u00e0 faire face aux troubles de la m\u00e9nopause.<\/p>\n<ul>\n<li>v\u00e9gan<\/li>\n<li>Sans gluten<\/li>\n<li>Sans lactose<\/li>\n<li>Sans OGM<\/li>\n<li>Fabriqu\u00e9 selon les normes de qualit\u00e9 strictes de l&#8217;UE<\/li>\n<\/ul>\n","protected":false},"excerpt":{"rendered":"<p>Wechselsanft Vitalstoffkomplex est une combinaison harmonis\u00e9e d&#8217;extraits v\u00e9g\u00e9taux et de vitamines, sp\u00e9cialement con\u00e7ue pour les femmes en p\u00e9riode de m\u00e9nopause. Les substances actives que sont l&#8217;igname, la sauge, le tr\u00e8fle rouge, le millepertuis, l&#8217;act\u00e9e \u00e0 grappes, le poivre des moines et le houblon, compl\u00e9t\u00e9es par des \u2192 vitamine B6, \u2192 vitamine B12, \u2192 acide folique [&hellip;]<\/p>\n","protected":false},"featured_media":40549,"template":"","meta":{"_acf_changed":false},"product_brand":[10190],"product_cat":[348,365],"product_tag":[],"class_list":{"0":"post-20701","1":"product","2":"type-product","3":"status-publish","4":"has-post-thumbnail","6":"product_brand-alphavitalis-fr","7":"product_cat-nutriments","8":"product_cat-produits-de-a-a-z","10":"first","11":"instock","12":"taxable","13":"shipping-taxable","14":"purchasable","15":"product-type-simple"},"acf":[],"_links":{"self":[{"href":"https:\/\/dev.vitalstoffversand.com\/fr\/wp-json\/wp\/v2\/product\/20701","targetHints":{"allow":["GET"]}}],"collection":[{"href":"https:\/\/dev.vitalstoffversand.com\/fr\/wp-json\/wp\/v2\/product"}],"about":[{"href":"https:\/\/dev.vitalstoffversand.com\/fr\/wp-json\/wp\/v2\/types\/product"}],"wp:featuredmedia":[{"embeddable":true,"href":"https:\/\/dev.vitalstoffversand.com\/fr\/wp-json\/wp\/v2\/media\/40549"}],"wp:attachment":[{"href":"https:\/\/dev.vitalstoffversand.com\/fr\/wp-json\/wp\/v2\/media?parent=20701"}],"wp:term":[{"taxonomy":"product_brand","embeddable":true,"href":"https:\/\/dev.vitalstoffversand.com\/fr\/wp-json\/wp\/v2\/product_brand?post=20701"},{"taxonomy":"product_cat","embeddable":true,"href":"https:\/\/dev.vitalstoffversand.com\/fr\/wp-json\/wp\/v2\/product_cat?post=20701"},{"taxonomy":"product_tag","embeddable":true,"href":"https:\/\/dev.vitalstoffversand.com\/fr\/wp-json\/wp\/v2\/product_tag?post=20701"}],"curies":[{"name":"wp","href":"https:\/\/api.w.org\/{rel}","templated":true}]}}