{"id":20693,"date":"2025-01-21T14:51:58","date_gmt":"2025-01-21T13:51:58","guid":{"rendered":"https:\/\/vitalstoffversand.com\/produkt\/alphavitalis-extrait-decorce-de-pin-opc-240-gelules\/"},"modified":"2026-03-11T13:30:50","modified_gmt":"2026-03-11T12:30:50","slug":"alphavitalis-extrait-decorce-de-pin-opc-240-gelules","status":"publish","type":"product","link":"https:\/\/dev.vitalstoffversand.com\/fr\/produit\/alphavitalis-extrait-decorce-de-pin-opc-240-gelules\/","title":{"rendered":"alphavitalis <br>Extrait d&#8217;\u00e9corce de pin (OPC) &#8211; 240 g\u00e9lules"},"content":{"rendered":"<p>Un produit TOP parmi les extraits d&#8217;\u00e9corce de pin.<\/p>\n<p>Chaque g\u00e9lule contient 250 mg d&#8217;extrait d&#8217;\u00e9corce de pin avec une forte dose de 95 pour cent de proanthocyanidines et plus de 80 mg de v\u00e9ritables OPC ainsi que de la vitamine C issue de l&#8217;extrait de cynorrhodon.<\/p>\n<ul>\n<li>V\u00e9gan<\/li>\n<li>Sans gluten<\/li>\n<li>Sans lactose<\/li>\n<li>Sans OGM<\/li>\n<li>Test\u00e9 en laboratoire pour d\u00e9tecter la pr\u00e9sence de substances nocives et d\u00e9terminer la teneur en OPC<\/li>\n<li>Fabriqu\u00e9 selon les normes de qualit\u00e9 strictes de l&#8217;UE<\/li>\n<\/ul>\n","protected":false},"excerpt":{"rendered":"<p>Un produit TOP parmi les extraits d&#8217;\u00e9corce de pin. Chaque g\u00e9lule contient 250 mg d&#8217;extrait d&#8217;\u00e9corce de pin avec une forte dose de 95 pour cent de proanthocyanidines et plus de 80 mg de v\u00e9ritables OPC ainsi que de la vitamine C issue de l&#8217;extrait de cynorrhodon. V\u00e9gan Sans gluten Sans lactose Sans OGM Test\u00e9 [&hellip;]<\/p>\n","protected":false},"featured_media":40542,"template":"","meta":{"_acf_changed":false},"product_brand":[10190],"product_cat":[348,365],"product_tag":[],"class_list":{"0":"post-20693","1":"product","2":"type-product","3":"status-publish","4":"has-post-thumbnail","6":"product_brand-alphavitalis-fr","7":"product_cat-nutriments","8":"product_cat-produits-de-a-a-z","10":"first","11":"instock","12":"taxable","13":"shipping-taxable","14":"purchasable","15":"product-type-simple"},"acf":[],"_links":{"self":[{"href":"https:\/\/dev.vitalstoffversand.com\/fr\/wp-json\/wp\/v2\/product\/20693","targetHints":{"allow":["GET"]}}],"collection":[{"href":"https:\/\/dev.vitalstoffversand.com\/fr\/wp-json\/wp\/v2\/product"}],"about":[{"href":"https:\/\/dev.vitalstoffversand.com\/fr\/wp-json\/wp\/v2\/types\/product"}],"wp:featuredmedia":[{"embeddable":true,"href":"https:\/\/dev.vitalstoffversand.com\/fr\/wp-json\/wp\/v2\/media\/40542"}],"wp:attachment":[{"href":"https:\/\/dev.vitalstoffversand.com\/fr\/wp-json\/wp\/v2\/media?parent=20693"}],"wp:term":[{"taxonomy":"product_brand","embeddable":true,"href":"https:\/\/dev.vitalstoffversand.com\/fr\/wp-json\/wp\/v2\/product_brand?post=20693"},{"taxonomy":"product_cat","embeddable":true,"href":"https:\/\/dev.vitalstoffversand.com\/fr\/wp-json\/wp\/v2\/product_cat?post=20693"},{"taxonomy":"product_tag","embeddable":true,"href":"https:\/\/dev.vitalstoffversand.com\/fr\/wp-json\/wp\/v2\/product_tag?post=20693"}],"curies":[{"name":"wp","href":"https:\/\/api.w.org\/{rel}","templated":true}]}}