{"id":20462,"date":"2024-11-12T14:52:35","date_gmt":"2024-11-12T13:52:35","guid":{"rendered":"https:\/\/vitalstoffversand.com\/produkt\/gen-premium-shaker-700-ml\/"},"modified":"2026-03-12T12:22:04","modified_gmt":"2026-03-12T11:22:04","slug":"gen-premium-shaker-700-ml","status":"publish","type":"product","link":"https:\/\/dev.vitalstoffversand.com\/fr\/produit\/gen-premium-shaker-700-ml\/","title":{"rendered":"GEN <br>Premium Shaker &#8211; 700 ml"},"content":{"rendered":"<p>GEN Circle Technology Protein ShakerX\u00ae d&#8217;une capacit\u00e9 de 700 ml.<\/p>\n<p>Cool, styl\u00e9 et facile \u00e0 nettoyer.<\/p>\n<p>Caract\u00e9ristiques du produit :<\/p>\n<ul>\n<li>Capacit\u00e9 : 700 ml<\/li>\n<li>Facile \u00e0 nettoyer et adapt\u00e9 au lave-vaisselle.<\/li>\n<li>Fermeture sp\u00e9ciale anti-fuite.<\/li>\n<li>Gr\u00e2ce \u00e0 la technologie unique Circle Technology, plus besoin de tamis ou de balle.<\/li>\n<li>Fabriqu\u00e9 en plastique certifi\u00e9 (polypropyl\u00e8ne), naturellement sans BPA.<\/li>\n<\/ul>\n","protected":false},"excerpt":{"rendered":"<p>GEN Circle Technology Protein ShakerX\u00ae d&#8217;une capacit\u00e9 de 700 ml. Cool, styl\u00e9 et facile \u00e0 nettoyer. Caract\u00e9ristiques du produit : Capacit\u00e9 : 700 ml Facile \u00e0 nettoyer et adapt\u00e9 au lave-vaisselle. Fermeture sp\u00e9ciale anti-fuite. Gr\u00e2ce \u00e0 la technologie unique Circle Technology, plus besoin de tamis ou de balle. Fabriqu\u00e9 en plastique certifi\u00e9 (polypropyl\u00e8ne), naturellement sans [&hellip;]<\/p>\n","protected":false},"featured_media":49140,"template":"","meta":{"_acf_changed":false},"product_brand":[10197],"product_cat":[377,365],"product_tag":[],"class_list":{"0":"post-20462","1":"product","2":"type-product","3":"status-publish","4":"has-post-thumbnail","6":"product_brand-gen-german-elite-nutrition-fr","7":"product_cat-accessoires-autres","8":"product_cat-produits-de-a-a-z","10":"first","11":"instock","12":"taxable","13":"shipping-taxable","14":"purchasable","15":"product-type-simple"},"acf":[],"_links":{"self":[{"href":"https:\/\/dev.vitalstoffversand.com\/fr\/wp-json\/wp\/v2\/product\/20462","targetHints":{"allow":["GET"]}}],"collection":[{"href":"https:\/\/dev.vitalstoffversand.com\/fr\/wp-json\/wp\/v2\/product"}],"about":[{"href":"https:\/\/dev.vitalstoffversand.com\/fr\/wp-json\/wp\/v2\/types\/product"}],"wp:featuredmedia":[{"embeddable":true,"href":"https:\/\/dev.vitalstoffversand.com\/fr\/wp-json\/wp\/v2\/media\/49140"}],"wp:attachment":[{"href":"https:\/\/dev.vitalstoffversand.com\/fr\/wp-json\/wp\/v2\/media?parent=20462"}],"wp:term":[{"taxonomy":"product_brand","embeddable":true,"href":"https:\/\/dev.vitalstoffversand.com\/fr\/wp-json\/wp\/v2\/product_brand?post=20462"},{"taxonomy":"product_cat","embeddable":true,"href":"https:\/\/dev.vitalstoffversand.com\/fr\/wp-json\/wp\/v2\/product_cat?post=20462"},{"taxonomy":"product_tag","embeddable":true,"href":"https:\/\/dev.vitalstoffversand.com\/fr\/wp-json\/wp\/v2\/product_tag?post=20462"}],"curies":[{"name":"wp","href":"https:\/\/api.w.org\/{rel}","templated":true}]}}