{"id":19868,"date":"2025-01-07T14:19:05","date_gmt":"2025-01-07T13:19:05","guid":{"rendered":"https:\/\/vitalstoffversand.com\/informations-de-paiement\/"},"modified":"2025-08-26T13:30:30","modified_gmt":"2025-08-26T11:30:30","slug":"informations-de-paiement","status":"publish","type":"page","link":"https:\/\/dev.vitalstoffversand.com\/fr\/informations-de-paiement\/","title":{"rendered":"Informations de paiement"},"content":{"rendered":"\n<p><\/p>\n\n<div style=\"height:30px\" aria-hidden=\"true\" class=\"wp-block-spacer\"><\/div>\n\n<h2 class=\"wp-block-heading\">Devises accept\u00e9es<\/h2>\n\n<p>Nous acceptons les paiements en <\/p>\n\n<div class=\"wp-block-group is-nowrap is-layout-flex wp-container-core-group-is-layout-6c531013 wp-block-group-is-layout-flex\">\n<p>Euro (EUR &#8211; \u20ac)<br\/>Franc suisse (CHF &#8211; CHF)<br\/>Couronne tch\u00e8que (CZK &#8211; K\u010d)<br\/>Couronne danoise (DKK &#8211; kr.)<br\/>Livre sterling (GBP &#8211; \u00a3)<br\/>Forint hongrois (HUF &#8211; Ft)<br\/>Couronne norv\u00e9gienne (NOK &#8211; kr)<br\/>Z\u0142oty polonais (PLN &#8211; z\u0142)<br\/>Leu roumain (RON &#8211; lei)<br\/>Couronne su\u00e9doise (SEK &#8211; kr)<\/p>\n\n\n\n<p><a href=\"https:\/\/dev.vitalstoffversand.com\/wp-admin\/post-new.php?lang=en&amp;post_type=page&amp;trid=5412&amp;source_lang=de\"><\/a><\/p>\n<\/div>\n\n<div style=\"height:30px\" aria-hidden=\"true\" class=\"wp-block-spacer\"><\/div>\n\n<h2 class=\"wp-block-heading\">Frais de paiement<\/h2>\n\n<p>Nous ne facturons aucun frais pour les modes de paiement propos\u00e9s.<\/p>\n\n<p>Remarque : <br\/>Selon le mode de paiement choisi, des frais externes sur lesquels nous n&#8217;avons aucune influence peuvent \u00eatre factur\u00e9s.<\/p>\n\n<div style=\"height:30px\" aria-hidden=\"true\" class=\"wp-block-spacer\"><\/div>\n\n<h2 class=\"wp-block-heading\">Modes de paiement<\/h2>\n\n<p><strong>Paiement anticip\u00e9 par virement bancaire<\/strong>:<br\/>Virez le montant de la facture \u00e0 l&#8217;avance sur notre compte bancaire.<br\/>D\u00e8s r\u00e9ception de ton paiement, nous exp\u00e9dierons ta commande sans d\u00e9lai.<\/p>\n\n<p><strong>PayPal \/ PayPal Checkout<\/strong>:<br\/>Payez en toute s\u00e9curit\u00e9, rapidement et facilement avec votre compte PayPal.<br\/>Tu peux \u00e9galement payer par carte de cr\u00e9dit ou par pr\u00e9l\u00e8vement automatique sans avoir de compte PayPal.<br\/>De plus, tu disposes de fonctions telles que \u00ab Payer plus tard \u00bb.<br\/><br\/><strong>Amazon Pay<\/strong>:<br\/>Utilise les informations de paiement et d&#8217;exp\u00e9dition que tu as enregistr\u00e9es sur Amazon pour payer rapidement et en toute s\u00e9curit\u00e9.<\/p>\n\n<p><strong>Cartes de cr\u00e9dit \/ d\u00e9bit :<\/strong><br\/>Nous acceptons toutes les cartes de cr\u00e9dit et de d\u00e9bit courantes. <br\/>Ton paiement est trait\u00e9 de mani\u00e8re s\u00e9curis\u00e9e et crypt\u00e9e.<br\/>Le traitement des paiements est effectu\u00e9 par les prestataires de services de paiement Stripe ou Mollie, qui font office d&#8217;interface technique entre notre boutique et les prestataires de paiement respectifs.<\/p>\n\n<div style=\"height:20px\" aria-hidden=\"true\" class=\"wp-block-spacer\"><\/div>\n\n<h2 class=\"wp-block-heading\">Autres modes de paiement via Mollie et Stripe *<\/h2>\n\n<p>*) Einige Zahlungsarten sind l\u00e4nderspezifisch und nicht \u00fcberall verf\u00fcgbar.<\/p>\n\n<ul class=\"wp-block-list\">\n<li><strong>Achat sur facture Billie (B2B uniquement) :<\/strong> <br\/>Pour les clients professionnels enregistr\u00e9s : achetez maintenant, payez plus tard.<br\/><em>Remarque : v\u00e9rification de solvabilit\u00e9 possible par Billie.<\/em><\/li>\n\n\n\n<li><strong>Trustly<\/strong><br\/>Virement bancaire direct sans inscription \u2013 rapide, s\u00e9curis\u00e9, dans toute l&#8217;Europe.<\/li>\n\n\n\n<li><strong>Facture KLARNA \/ Achat \u00e0 temp\u00e9rament <\/strong>: <br\/>Achetez maintenant, payez plus tard ou en plusieurs fois.<br\/><em>Remarque : v\u00e9rification de solvabilit\u00e9 possible par Klarna.<\/em><\/li>\n\n\n\n<li><strong>Riverty<\/strong>: <br\/>Options de paiement flexibles<br\/><em>Remarque : Riverty se r\u00e9serve le droit de v\u00e9rifier la solvabilit\u00e9.<\/em><\/li>\n\n\n\n<li><strong>Apple Pay \/ Google Pay \/ Microsoft Pay \/ Chrome Pay<\/strong>: <br\/>Payez directement depuis votre appareil ou votre navigateur.<\/li>\n\n\n\n<li><strong>Mobile Pay \/ Swish \/ Twint \/ Satispay<\/strong><br\/>Services de paiement mobile pour des transactions rapides.<\/li>\n\n\n\n<li><strong>Bancontact \/ Belfius Pay \/ KBC\/CBC<\/strong><br\/>Modes de paiement belges pour les virements bancaires directs.<\/li>\n\n\n\n<li><strong>eps \/ Klarna Payer imm\u00e9diatement \/ iDEAL \/ Multibanco \/ Przelewy24 \/ BLIK<\/strong><br\/>M\u00e9thodes nationales de virement en ligne.<\/li>\n\n\n\n<li><strong>Revolut<\/strong>: <br\/>Solution bancaire num\u00e9rique pour des paiements rapides et s\u00e9curis\u00e9s.<\/li>\n<\/ul>\n\n<div style=\"height:15px\" aria-hidden=\"true\" class=\"wp-block-spacer\"><\/div>\n\n<p class=\"has-medium-font-size\"><strong>Protection des donn\u00e9es et mentions l\u00e9gales<\/strong><\/p>\n\n<p>Tous les paiements sont trait\u00e9s par des prestataires de services de paiement certifi\u00e9s et transmis sous forme crypt\u00e9e.<\/p>\n\n<ul class=\"wp-block-list\">\n<li>Tu trouveras de plus amples informations dans nos <a href=\"https:\/\/dev.vitalstoffversand.com\/fr\/conditions-generales\/\" data-type=\"page\" data-id=\"30\">conditions g\u00e9n\u00e9rales<\/a>.<\/li>\n\n\n\n<li>Tu trouveras de plus amples informations sur le traitement de tes donn\u00e9es de paiement dans notre <a href=\"https:\/\/dev.vitalstoffversand.com\/fr\/confidentialite\/\" data-type=\"page\" data-id=\"27\">d\u00e9claration de confidentialit\u00e9<\/a>.<\/li>\n<\/ul>\n\n<p><\/p>\n","protected":false},"excerpt":{"rendered":"<p>Devises accept\u00e9es Nous acceptons les paiements en Euro (EUR &#8211; \u20ac)Franc suisse (CHF &#8211; CHF)Couronne tch\u00e8que (CZK &#8211; K\u010d)Couronne danoise (DKK &#8211; kr.)Livre sterling (GBP &#8211; \u00a3)Forint hongrois (HUF &#8211; Ft)Couronne norv\u00e9gienne (NOK &#8211; kr)Z\u0142oty polonais (PLN &#8211; z\u0142)Leu roumain (RON &#8211; lei)Couronne su\u00e9doise (SEK &#8211; kr) Frais de paiement Nous ne facturons aucun frais [&hellip;]<\/p>\n","protected":false},"author":1,"featured_media":0,"parent":0,"menu_order":0,"comment_status":"closed","ping_status":"closed","template":"","meta":{"_acf_changed":false,"footnotes":""},"class_list":["post-19868","page","type-page","status-publish","hentry"],"acf":[],"_links":{"self":[{"href":"https:\/\/dev.vitalstoffversand.com\/fr\/wp-json\/wp\/v2\/pages\/19868","targetHints":{"allow":["GET"]}}],"collection":[{"href":"https:\/\/dev.vitalstoffversand.com\/fr\/wp-json\/wp\/v2\/pages"}],"about":[{"href":"https:\/\/dev.vitalstoffversand.com\/fr\/wp-json\/wp\/v2\/types\/page"}],"author":[{"embeddable":true,"href":"https:\/\/dev.vitalstoffversand.com\/fr\/wp-json\/wp\/v2\/users\/1"}],"replies":[{"embeddable":true,"href":"https:\/\/dev.vitalstoffversand.com\/fr\/wp-json\/wp\/v2\/comments?post=19868"}],"version-history":[{"count":0,"href":"https:\/\/dev.vitalstoffversand.com\/fr\/wp-json\/wp\/v2\/pages\/19868\/revisions"}],"wp:attachment":[{"href":"https:\/\/dev.vitalstoffversand.com\/fr\/wp-json\/wp\/v2\/media?parent=19868"}],"curies":[{"name":"wp","href":"https:\/\/api.w.org\/{rel}","templated":true}]}}