{"id":19835,"date":"2025-01-07T15:17:32","date_gmt":"2025-01-07T14:17:32","guid":{"rendered":"https:\/\/vitalstoffversand.com\/b2b\/"},"modified":"2025-01-16T17:46:12","modified_gmt":"2025-01-16T16:46:12","slug":"b2b","status":"publish","type":"page","link":"https:\/\/dev.vitalstoffversand.com\/fr\/b2b\/","title":{"rendered":"B2B"},"content":{"rendered":"\n<div style=\"height:40px\" aria-hidden=\"true\" class=\"wp-block-spacer\"><\/div>\n\n<p>Tu es \u00e0 la recherche d&#8217;une solution tout-en-un pour une gamme de produits \u00e9tendue, de qualit\u00e9, mais aussi \u00e0 un prix avantageux, et tu souhaites \u00e9viter la charge de travail, les frais d&#8217;exp\u00e9dition et, le cas \u00e9ch\u00e9ant, les valeurs minimales de commande aupr\u00e8s de nombreux partenaires ou fournisseurs diff\u00e9rents ?<\/p>\n\n<p>Alors tu es \u00e0 la bonne adresse chez nous.<\/p>\n\n<div style=\"height:30px\" aria-hidden=\"true\" class=\"wp-block-spacer\"><\/div>\n\n<p class=\"has-medium-font-size\"><strong>M\u00e9decins, naturopathes, th\u00e9rapeutes et membres d&#8217;autres professions m\u00e9dicales<\/strong><\/p>\n\n<ul class=\"wp-block-list\">\n<li>Des r\u00e9ductions int\u00e9ressantes<\/li>\n\n\n\n<li>Acc\u00e8s \u00e0 un assortiment \u00e9largi<\/li>\n\n\n\n<li>Pas de montant minimum de commande<\/li>\n<\/ul>\n\n<div style=\"height:30px\" aria-hidden=\"true\" class=\"wp-block-spacer\"><\/div>\n\n<p class=\"has-medium-font-size\"><strong>Revendeurs<\/strong><\/p>\n\n<ul class=\"wp-block-list\">\n<li>Des conditions d&#8217;achat attractives<\/li>\n\n\n\n<li>Acc\u00e8s \u00e0 un assortiment \u00e9largi<\/li>\n\n\n\n<li>Valeur minimale de commande seulement 150,00 EUR, plus TVA <\/li>\n<\/ul>\n\n<div style=\"height:35px\" aria-hidden=\"true\" class=\"wp-block-spacer\"><\/div>\n\n<p>Enregistre-toi en tant que <strong>sp\u00e9cialiste<\/strong> ou<strong> revendeur<\/strong>.<\/p>\n\n<p>Pour l&#8217;activation en tant que client B2B, une preuve de commerce ou d&#8217;activit\u00e9 est n\u00e9cessaire.<\/p>\n\n<p>Nous vous prions de t\u00e9l\u00e9charger les documents correspondants pendant l&#8217;enregistrement ou de les envoyer par courrier \u00e9lectronique apr\u00e8s l&#8217;enregistrement.<br\/>e-mail \u00e0 <a href=\"mailto:admin@vitalstoffversand.com\">mail@vitalstoffversand.com<\/a> ou <a href=\"mailto:mail@phoenix-dransfeld.de\">mail@phoenix-drogerie.de<\/a>.<\/p>\n\n<p>Ton compte client B2B sera ensuite contr\u00f4l\u00e9 manuellement par nos soins et activ\u00e9 apr\u00e8s un contr\u00f4le r\u00e9ussi.<\/p>\n\n<p>Jusqu&#8217;\u00e0 l&#8217;activation, tu as un acc\u00e8s client normal et tu vois les prix standard.<\/p>\n\n<p>Nous nous r\u00e9jouissons d&#8217;une bonne collaboration.<\/p>\n\n<p><\/p>\n","protected":false},"excerpt":{"rendered":"<p>Tu es \u00e0 la recherche d&#8217;une solution tout-en-un pour une gamme de produits \u00e9tendue, de qualit\u00e9, mais aussi \u00e0 un prix avantageux, et tu souhaites \u00e9viter la charge de travail, les frais d&#8217;exp\u00e9dition et, le cas \u00e9ch\u00e9ant, les valeurs minimales de commande aupr\u00e8s de nombreux partenaires ou fournisseurs diff\u00e9rents ? Alors tu es \u00e0 la [&hellip;]<\/p>\n","protected":false},"author":1,"featured_media":0,"parent":0,"menu_order":0,"comment_status":"closed","ping_status":"closed","template":"","meta":{"_acf_changed":false,"footnotes":""},"class_list":["post-19835","page","type-page","status-publish","hentry"],"acf":[],"_links":{"self":[{"href":"https:\/\/dev.vitalstoffversand.com\/fr\/wp-json\/wp\/v2\/pages\/19835","targetHints":{"allow":["GET"]}}],"collection":[{"href":"https:\/\/dev.vitalstoffversand.com\/fr\/wp-json\/wp\/v2\/pages"}],"about":[{"href":"https:\/\/dev.vitalstoffversand.com\/fr\/wp-json\/wp\/v2\/types\/page"}],"author":[{"embeddable":true,"href":"https:\/\/dev.vitalstoffversand.com\/fr\/wp-json\/wp\/v2\/users\/1"}],"replies":[{"embeddable":true,"href":"https:\/\/dev.vitalstoffversand.com\/fr\/wp-json\/wp\/v2\/comments?post=19835"}],"version-history":[{"count":0,"href":"https:\/\/dev.vitalstoffversand.com\/fr\/wp-json\/wp\/v2\/pages\/19835\/revisions"}],"wp:attachment":[{"href":"https:\/\/dev.vitalstoffversand.com\/fr\/wp-json\/wp\/v2\/media?parent=19835"}],"curies":[{"name":"wp","href":"https:\/\/api.w.org\/{rel}","templated":true}]}}