{"id":66771,"date":"2026-01-09T14:28:03","date_gmt":"2026-01-09T13:28:03","guid":{"rendered":"https:\/\/vitalstoffversand.com\/produkt\/vit4ever-collavant-n2-complejo-de-colageno-tipo-2-60-capsulas\/"},"modified":"2026-03-21T15:52:35","modified_gmt":"2026-03-21T14:52:35","slug":"vit4ever-collavant-n2-complejo-de-colageno-tipo-2-60-capsulas","status":"publish","type":"product","link":"https:\/\/dev.vitalstoffversand.com\/es\/producto\/vit4ever-collavant-n2-complejo-de-colageno-tipo-2-60-capsulas\/","title":{"rendered":"Vit4ever <br>Collavant\u00ae\u202fn2 &#8211; Complejo de col\u00e1geno tipo 2 &#8211; 60 c\u00e1psulas"},"content":{"rendered":"<p>Complejo de col\u00e1geno tipo II, compuesto por la materia prima patentada Collavant\u00ae n2 col\u00e1geno, \u00e1cido hialur\u00f3nico y extracto de incienso, <strong><a href=\"https:\/\/dev.vitalstoffversand.com\/knowledge-base\/vitamin-c\/\" target=\"_blank\" rel=\"noopener\"><span style=\"color: #0000ff;\">\u2192 vitamina C<\/span><\/a><\/strong> y <a href=\"https:\/\/dev.vitalstoffversand.com\/knowledge-base\/mangan\/\" target=\"_blank\" rel=\"noopener\"><strong><span style=\"color: #0000ff;\">\u2192 manganeso<\/span><\/strong><\/a><span style=\"color: #000000;\">.<\/span><\/p>\n<p>Esta f\u00f3rmula ofrece una base nutricional cuidadosamente elaborada para favorecer la salud de las articulaciones y el tejido conjuntivo.<\/p>\n<ul>\n<li>Sin gluten<\/li>\n<li>Sin lactosa<\/li>\n<li>Sin OGM<\/li>\n<li>Fabricado seg\u00fan los estrictos est\u00e1ndares de calidad de la UE.<\/li>\n<\/ul>\n","protected":false},"excerpt":{"rendered":"<p>Complejo de col\u00e1geno tipo II, compuesto por la materia prima patentada Collavant\u00ae n2 col\u00e1geno, \u00e1cido hialur\u00f3nico y extracto de incienso, \u2192 vitamina C y \u2192 manganeso. Esta f\u00f3rmula ofrece una base nutricional cuidadosamente elaborada para favorecer la salud de las articulaciones y el tejido conjuntivo. Sin gluten Sin lactosa Sin OGM Fabricado seg\u00fan los estrictos [&hellip;]<\/p>\n","protected":false},"featured_media":66768,"template":"","meta":{"_acf_changed":false},"product_brand":[10219],"product_cat":[350,363],"product_tag":[],"class_list":{"0":"post-66771","1":"product","2":"type-product","3":"status-publish","4":"has-post-thumbnail","6":"product_brand-vit4ever-es","7":"product_cat-nutrientes","8":"product_cat-productos-de-a-z","10":"first","11":"instock","12":"taxable","13":"shipping-taxable","14":"purchasable","15":"product-type-simple"},"acf":[],"_links":{"self":[{"href":"https:\/\/dev.vitalstoffversand.com\/es\/wp-json\/wp\/v2\/product\/66771","targetHints":{"allow":["GET"]}}],"collection":[{"href":"https:\/\/dev.vitalstoffversand.com\/es\/wp-json\/wp\/v2\/product"}],"about":[{"href":"https:\/\/dev.vitalstoffversand.com\/es\/wp-json\/wp\/v2\/types\/product"}],"wp:featuredmedia":[{"embeddable":true,"href":"https:\/\/dev.vitalstoffversand.com\/es\/wp-json\/wp\/v2\/media\/66768"}],"wp:attachment":[{"href":"https:\/\/dev.vitalstoffversand.com\/es\/wp-json\/wp\/v2\/media?parent=66771"}],"wp:term":[{"taxonomy":"product_brand","embeddable":true,"href":"https:\/\/dev.vitalstoffversand.com\/es\/wp-json\/wp\/v2\/product_brand?post=66771"},{"taxonomy":"product_cat","embeddable":true,"href":"https:\/\/dev.vitalstoffversand.com\/es\/wp-json\/wp\/v2\/product_cat?post=66771"},{"taxonomy":"product_tag","embeddable":true,"href":"https:\/\/dev.vitalstoffversand.com\/es\/wp-json\/wp\/v2\/product_tag?post=66771"}],"curies":[{"name":"wp","href":"https:\/\/api.w.org\/{rel}","templated":true}]}}