{"id":66713,"date":"2026-01-09T14:20:14","date_gmt":"2026-01-09T13:20:14","guid":{"rendered":"https:\/\/vitalstoffversand.com\/produkt\/vit4ever-mioinositol-240-capsulas\/"},"modified":"2026-03-21T15:52:40","modified_gmt":"2026-03-21T14:52:40","slug":"vit4ever-mioinositol-240-capsulas","status":"publish","type":"product","link":"https:\/\/dev.vitalstoffversand.com\/es\/producto\/vit4ever-mioinositol-240-capsulas\/","title":{"rendered":"Vit4ever <br>Mioinositol &#8211; 240 c\u00e1psulas"},"content":{"rendered":"<p>El mioinositol es un compuesto natural que interviene en numerosos procesos metab\u00f3licos del cuerpo humano y se obtiene a trav\u00e9s de la alimentaci\u00f3n.<\/p>\n<p>Dado que el inositol se encuentra principalmente en los c\u00edtricos, las legumbres y los cereales, no siempre se garantiza un aporte suficiente.<\/p>\n<ul>\n<li>Vegano<\/li>\n<li>Sin gluten<\/li>\n<li>Sin lactosa<\/li>\n<li>Sin OGM<\/li>\n<li>Fabricado seg\u00fan los estrictos est\u00e1ndares de calidad de la UE.<\/li>\n<\/ul>\n","protected":false},"excerpt":{"rendered":"<p>El mioinositol es un compuesto natural que interviene en numerosos procesos metab\u00f3licos del cuerpo humano y se obtiene a trav\u00e9s de la alimentaci\u00f3n. Dado que el inositol se encuentra principalmente en los c\u00edtricos, las legumbres y los cereales, no siempre se garantiza un aporte suficiente. Vegano Sin gluten Sin lactosa Sin OGM Fabricado seg\u00fan los [&hellip;]<\/p>\n","protected":false},"featured_media":66707,"template":"","meta":{"_acf_changed":false},"product_brand":[10219],"product_cat":[350,363],"product_tag":[],"class_list":{"0":"post-66713","1":"product","2":"type-product","3":"status-publish","4":"has-post-thumbnail","6":"product_brand-vit4ever-es","7":"product_cat-nutrientes","8":"product_cat-productos-de-a-z","10":"first","11":"instock","12":"taxable","13":"shipping-taxable","14":"purchasable","15":"product-type-simple"},"acf":[],"_links":{"self":[{"href":"https:\/\/dev.vitalstoffversand.com\/es\/wp-json\/wp\/v2\/product\/66713","targetHints":{"allow":["GET"]}}],"collection":[{"href":"https:\/\/dev.vitalstoffversand.com\/es\/wp-json\/wp\/v2\/product"}],"about":[{"href":"https:\/\/dev.vitalstoffversand.com\/es\/wp-json\/wp\/v2\/types\/product"}],"wp:featuredmedia":[{"embeddable":true,"href":"https:\/\/dev.vitalstoffversand.com\/es\/wp-json\/wp\/v2\/media\/66707"}],"wp:attachment":[{"href":"https:\/\/dev.vitalstoffversand.com\/es\/wp-json\/wp\/v2\/media?parent=66713"}],"wp:term":[{"taxonomy":"product_brand","embeddable":true,"href":"https:\/\/dev.vitalstoffversand.com\/es\/wp-json\/wp\/v2\/product_brand?post=66713"},{"taxonomy":"product_cat","embeddable":true,"href":"https:\/\/dev.vitalstoffversand.com\/es\/wp-json\/wp\/v2\/product_cat?post=66713"},{"taxonomy":"product_tag","embeddable":true,"href":"https:\/\/dev.vitalstoffversand.com\/es\/wp-json\/wp\/v2\/product_tag?post=66713"}],"curies":[{"name":"wp","href":"https:\/\/api.w.org\/{rel}","templated":true}]}}