{"id":66706,"date":"2026-02-24T14:14:24","date_gmt":"2026-02-24T13:14:24","guid":{"rendered":"https:\/\/vitalstoffversand.com\/produkt\/vit4ever-extracto-de-incienso-240-capsulas\/"},"modified":"2026-03-21T15:52:06","modified_gmt":"2026-03-21T14:52:06","slug":"vit4ever-extracto-de-incienso-240-capsulas","status":"publish","type":"product","link":"https:\/\/dev.vitalstoffversand.com\/es\/producto\/vit4ever-extracto-de-incienso-240-capsulas\/","title":{"rendered":"Vit4ever <br>Extracto de incienso &#8211; 240 c\u00e1psulas"},"content":{"rendered":"<p>El incienso es una resina natural (ol\u00edbano) y se aprecia desde hace miles de a\u00f1os tanto en la medicina popular ayurv\u00e9dica como entre los antiguos egipcios.<\/p>\n<p>Adem\u00e1s de aceites esenciales, la resina contiene \u00e1cidos bosw\u00e9licos, que estimulan una enzima responsable de la formaci\u00f3n de leucotrienos con propiedades antiinflamatorias, lo que tradicionalmente convierte al incienso en una alternativa natural para tratar las molestias articulares y las inflamaciones intestinales.<\/p>\n<ul>\n<li>Vegano<\/li>\n<li>Sin gluten<\/li>\n<li>Sin lactosa<\/li>\n<li>Sin OGM<\/li>\n<li>Fabricado seg\u00fan los estrictos est\u00e1ndares de calidad de la UE.<\/li>\n<\/ul>\n","protected":false},"excerpt":{"rendered":"<p>El incienso es una resina natural (ol\u00edbano) y se aprecia desde hace miles de a\u00f1os tanto en la medicina popular ayurv\u00e9dica como entre los antiguos egipcios. Adem\u00e1s de aceites esenciales, la resina contiene \u00e1cidos bosw\u00e9licos, que estimulan una enzima responsable de la formaci\u00f3n de leucotrienos con propiedades antiinflamatorias, lo que tradicionalmente convierte al incienso en [&hellip;]<\/p>\n","protected":false},"featured_media":66701,"template":"","meta":{"_acf_changed":false},"product_brand":[10219],"product_cat":[350,363],"product_tag":[],"class_list":{"0":"post-66706","1":"product","2":"type-product","3":"status-publish","4":"has-post-thumbnail","6":"product_brand-vit4ever-es","7":"product_cat-nutrientes","8":"product_cat-productos-de-a-z","10":"first","11":"instock","12":"taxable","13":"shipping-taxable","14":"purchasable","15":"product-type-simple"},"acf":[],"_links":{"self":[{"href":"https:\/\/dev.vitalstoffversand.com\/es\/wp-json\/wp\/v2\/product\/66706","targetHints":{"allow":["GET"]}}],"collection":[{"href":"https:\/\/dev.vitalstoffversand.com\/es\/wp-json\/wp\/v2\/product"}],"about":[{"href":"https:\/\/dev.vitalstoffversand.com\/es\/wp-json\/wp\/v2\/types\/product"}],"wp:featuredmedia":[{"embeddable":true,"href":"https:\/\/dev.vitalstoffversand.com\/es\/wp-json\/wp\/v2\/media\/66701"}],"wp:attachment":[{"href":"https:\/\/dev.vitalstoffversand.com\/es\/wp-json\/wp\/v2\/media?parent=66706"}],"wp:term":[{"taxonomy":"product_brand","embeddable":true,"href":"https:\/\/dev.vitalstoffversand.com\/es\/wp-json\/wp\/v2\/product_brand?post=66706"},{"taxonomy":"product_cat","embeddable":true,"href":"https:\/\/dev.vitalstoffversand.com\/es\/wp-json\/wp\/v2\/product_cat?post=66706"},{"taxonomy":"product_tag","embeddable":true,"href":"https:\/\/dev.vitalstoffversand.com\/es\/wp-json\/wp\/v2\/product_tag?post=66706"}],"curies":[{"name":"wp","href":"https:\/\/api.w.org\/{rel}","templated":true}]}}