{"id":66610,"date":"2025-10-31T18:28:39","date_gmt":"2025-10-31T17:28:39","guid":{"rendered":"https:\/\/vitalstoffversand.com\/produkt\/vit4ever-proteina-vegana-yummy-varios-saboresproteina-vegana-yummy-varios-sabores\/"},"modified":"2025-10-31T18:28:39","modified_gmt":"2025-10-31T17:28:39","slug":"vit4ever-proteina-vegana-yummy-varios-saboresproteina-vegana-yummy-varios-sabores","status":"publish","type":"product","link":"https:\/\/dev.vitalstoffversand.com\/es\/producto\/vit4ever-proteina-vegana-yummy-varios-saboresproteina-vegana-yummy-varios-sabores\/","title":{"rendered":"Vit4ever <br>Prote\u00edna vegana Yummy: diferentes saboresProte\u00edna vegana Yummy: diferentes sabores"},"content":{"rendered":"<p>Lo \u00faltimo en ciencia nutricional, combinado con un sabor intenso y un perfil de amino\u00e1cidos dise\u00f1ado para el rendimiento.<\/p>\n<p>Prote\u00edna vegetal en 8 deliciosos sabores.<\/p>\n<p>En envases de 908 gramos o, si lo prefieres, en envases de prueba o monodosis.<\/p>\n<ul>\n<li>Vegano<\/li>\n<li>Sin gluten<\/li>\n<li>Sin lactosa<\/li>\n<li>Sin OGM<\/li>\n<li>Fabricado seg\u00fan los estrictos est\u00e1ndares de calidad de la UE.<\/li>\n<\/ul>\n","protected":false},"excerpt":{"rendered":"<p>Lo \u00faltimo en ciencia nutricional, combinado con un sabor intenso y un perfil de amino\u00e1cidos dise\u00f1ado para el rendimiento. Prote\u00edna vegetal en 8 deliciosos sabores. En envases de 908 gramos o, si lo prefieres, en envases de prueba o monodosis. Vegano Sin gluten Sin lactosa Sin OGM Fabricado seg\u00fan los estrictos est\u00e1ndares de calidad de [&hellip;]<\/p>\n","protected":false},"featured_media":66578,"template":"","meta":{"_acf_changed":false},"product_brand":[10219],"product_cat":[343,363],"product_tag":[],"class_list":{"0":"post-66610","1":"product","2":"type-product","3":"status-publish","4":"has-post-thumbnail","6":"product_brand-vit4ever-es","7":"product_cat-proteinas","8":"product_cat-productos-de-a-z","10":"first","11":"instock","12":"taxable","13":"shipping-taxable","14":"purchasable","15":"product-type-variable"},"acf":[],"_links":{"self":[{"href":"https:\/\/dev.vitalstoffversand.com\/es\/wp-json\/wp\/v2\/product\/66610","targetHints":{"allow":["GET"]}}],"collection":[{"href":"https:\/\/dev.vitalstoffversand.com\/es\/wp-json\/wp\/v2\/product"}],"about":[{"href":"https:\/\/dev.vitalstoffversand.com\/es\/wp-json\/wp\/v2\/types\/product"}],"wp:featuredmedia":[{"embeddable":true,"href":"https:\/\/dev.vitalstoffversand.com\/es\/wp-json\/wp\/v2\/media\/66578"}],"wp:attachment":[{"href":"https:\/\/dev.vitalstoffversand.com\/es\/wp-json\/wp\/v2\/media?parent=66610"}],"wp:term":[{"taxonomy":"product_brand","embeddable":true,"href":"https:\/\/dev.vitalstoffversand.com\/es\/wp-json\/wp\/v2\/product_brand?post=66610"},{"taxonomy":"product_cat","embeddable":true,"href":"https:\/\/dev.vitalstoffversand.com\/es\/wp-json\/wp\/v2\/product_cat?post=66610"},{"taxonomy":"product_tag","embeddable":true,"href":"https:\/\/dev.vitalstoffversand.com\/es\/wp-json\/wp\/v2\/product_tag?post=66610"}],"curies":[{"name":"wp","href":"https:\/\/api.w.org\/{rel}","templated":true}]}}