{"id":66382,"date":"2025-10-08T13:28:04","date_gmt":"2025-10-08T11:28:04","guid":{"rendered":"https:\/\/vitalstoffversand.com\/produkt\/vit4ever-cafe-proteico-vegano-barista-diferentes-variedades\/"},"modified":"2025-10-08T13:28:04","modified_gmt":"2025-10-08T11:28:04","slug":"vit4ever-cafe-proteico-vegano-barista-diferentes-variedades","status":"publish","type":"product","link":"https:\/\/dev.vitalstoffversand.com\/es\/producto\/vit4ever-cafe-proteico-vegano-barista-diferentes-variedades\/","title":{"rendered":"Vit4ever <br>Caf\u00e9 proteico vegano Barista: diferentes sabores"},"content":{"rendered":"<p>El \u00abBarista Vegan Protein Coffee\u00bb, un caf\u00e9 vegetal, se elabora a partir de un aislado de prote\u00edna de haba de alta calidad combinado con caf\u00e9 instant\u00e1neo.<\/p>\n<p>Disfruta de la prote\u00edna vegetal con el sabor de la cremosa variante Classic Coffee o en forma de matcha con un toque de caf\u00e9.<\/p>\n<ul>\n<li>Vegano<\/li>\n<li>Sin gluten<\/li>\n<li>Sin OGM<\/li>\n<li>Fabricado seg\u00fan los estrictos est\u00e1ndares de calidad de la UE.<\/li>\n<\/ul>\n","protected":false},"excerpt":{"rendered":"<p>El \u00abBarista Vegan Protein Coffee\u00bb, un caf\u00e9 vegetal, se elabora a partir de un aislado de prote\u00edna de haba de alta calidad combinado con caf\u00e9 instant\u00e1neo. Disfruta de la prote\u00edna vegetal con el sabor de la cremosa variante Classic Coffee o en forma de matcha con un toque de caf\u00e9. Vegano Sin gluten Sin OGM [&hellip;]<\/p>\n","protected":false},"featured_media":58651,"template":"","meta":{"_acf_changed":false},"product_brand":[10219],"product_cat":[343,363],"product_tag":[],"class_list":{"0":"post-66382","1":"product","2":"type-product","3":"status-publish","4":"has-post-thumbnail","6":"product_brand-vit4ever-es","7":"product_cat-proteinas","8":"product_cat-productos-de-a-z","10":"first","11":"instock","12":"taxable","13":"shipping-taxable","14":"purchasable","15":"product-type-variable"},"acf":[],"_links":{"self":[{"href":"https:\/\/dev.vitalstoffversand.com\/es\/wp-json\/wp\/v2\/product\/66382","targetHints":{"allow":["GET"]}}],"collection":[{"href":"https:\/\/dev.vitalstoffversand.com\/es\/wp-json\/wp\/v2\/product"}],"about":[{"href":"https:\/\/dev.vitalstoffversand.com\/es\/wp-json\/wp\/v2\/types\/product"}],"wp:featuredmedia":[{"embeddable":true,"href":"https:\/\/dev.vitalstoffversand.com\/es\/wp-json\/wp\/v2\/media\/58651"}],"wp:attachment":[{"href":"https:\/\/dev.vitalstoffversand.com\/es\/wp-json\/wp\/v2\/media?parent=66382"}],"wp:term":[{"taxonomy":"product_brand","embeddable":true,"href":"https:\/\/dev.vitalstoffversand.com\/es\/wp-json\/wp\/v2\/product_brand?post=66382"},{"taxonomy":"product_cat","embeddable":true,"href":"https:\/\/dev.vitalstoffversand.com\/es\/wp-json\/wp\/v2\/product_cat?post=66382"},{"taxonomy":"product_tag","embeddable":true,"href":"https:\/\/dev.vitalstoffversand.com\/es\/wp-json\/wp\/v2\/product_tag?post=66382"}],"curies":[{"name":"wp","href":"https:\/\/api.w.org\/{rel}","templated":true}]}}