{"id":66299,"date":"2025-10-08T13:26:25","date_gmt":"2025-10-08T11:26:25","guid":{"rendered":"https:\/\/vitalstoffversand.com\/produkt\/vit4ever-barista-whey-protein-coffee-diferentes-variedades\/"},"modified":"2025-10-08T13:26:25","modified_gmt":"2025-10-08T11:26:25","slug":"vit4ever-barista-whey-protein-coffee-diferentes-variedades","status":"publish","type":"product","link":"https:\/\/dev.vitalstoffversand.com\/es\/producto\/vit4ever-barista-whey-protein-coffee-diferentes-variedades\/","title":{"rendered":"Vit4ever <br>Barista Whey Protein Coffee: diferentes sabores"},"content":{"rendered":"<p>Quien por la ma\u00f1ana tiene que elegir entre un caf\u00e9 y un batido de prote\u00ednas se encuentra ante una dif\u00edcil decisi\u00f3n.<\/p>\n<p>El caf\u00e9 Barista Protein te ahorra esa dif\u00edcil elecci\u00f3n, ya que combina lo mejor de ambos mundos.<\/p>\n<p>El intenso sabor a caf\u00e9 se combina con prote\u00edna de suero de alta calidad y lactasa a\u00f1adida para facilitar la digesti\u00f3n.<\/p>\n<ul>\n<li>Sin gluten<\/li>\n<li>Sin OGM<\/li>\n<li>Fabricado seg\u00fan los estrictos est\u00e1ndares de calidad de la UE.<\/li>\n<\/ul>\n","protected":false},"excerpt":{"rendered":"<p>Quien por la ma\u00f1ana tiene que elegir entre un caf\u00e9 y un batido de prote\u00ednas se encuentra ante una dif\u00edcil decisi\u00f3n. El caf\u00e9 Barista Protein te ahorra esa dif\u00edcil elecci\u00f3n, ya que combina lo mejor de ambos mundos. El intenso sabor a caf\u00e9 se combina con prote\u00edna de suero de alta calidad y lactasa a\u00f1adida [&hellip;]<\/p>\n","protected":false},"featured_media":58587,"template":"","meta":{"_acf_changed":false},"product_brand":[10219],"product_cat":[343,363],"product_tag":[],"class_list":{"0":"post-66299","1":"product","2":"type-product","3":"status-publish","4":"has-post-thumbnail","6":"product_brand-vit4ever-es","7":"product_cat-proteinas","8":"product_cat-productos-de-a-z","10":"first","11":"instock","12":"taxable","13":"shipping-taxable","14":"purchasable","15":"product-type-variable"},"acf":[],"_links":{"self":[{"href":"https:\/\/dev.vitalstoffversand.com\/es\/wp-json\/wp\/v2\/product\/66299","targetHints":{"allow":["GET"]}}],"collection":[{"href":"https:\/\/dev.vitalstoffversand.com\/es\/wp-json\/wp\/v2\/product"}],"about":[{"href":"https:\/\/dev.vitalstoffversand.com\/es\/wp-json\/wp\/v2\/types\/product"}],"wp:featuredmedia":[{"embeddable":true,"href":"https:\/\/dev.vitalstoffversand.com\/es\/wp-json\/wp\/v2\/media\/58587"}],"wp:attachment":[{"href":"https:\/\/dev.vitalstoffversand.com\/es\/wp-json\/wp\/v2\/media?parent=66299"}],"wp:term":[{"taxonomy":"product_brand","embeddable":true,"href":"https:\/\/dev.vitalstoffversand.com\/es\/wp-json\/wp\/v2\/product_brand?post=66299"},{"taxonomy":"product_cat","embeddable":true,"href":"https:\/\/dev.vitalstoffversand.com\/es\/wp-json\/wp\/v2\/product_cat?post=66299"},{"taxonomy":"product_tag","embeddable":true,"href":"https:\/\/dev.vitalstoffversand.com\/es\/wp-json\/wp\/v2\/product_tag?post=66299"}],"curies":[{"name":"wp","href":"https:\/\/api.w.org\/{rel}","templated":true}]}}