{"id":66251,"date":"2025-07-07T17:24:45","date_gmt":"2025-07-07T15:24:45","guid":{"rendered":"https:\/\/vitalstoffversand.com\/produkt\/vit4ever-aceite-de-oregano-y-aceite-de-oliva-ecologicos-90-capsulas\/"},"modified":"2025-07-07T17:24:45","modified_gmt":"2025-07-07T15:24:45","slug":"vit4ever-aceite-de-oregano-y-aceite-de-oliva-ecologicos-90-capsulas","status":"publish","type":"product","link":"https:\/\/dev.vitalstoffversand.com\/es\/producto\/vit4ever-aceite-de-oregano-y-aceite-de-oliva-ecologicos-90-capsulas\/","title":{"rendered":"Vit4ever <br>Aceite de or\u00e9gano y aceite de oliva ecol\u00f3gicos &#8211; 90 c\u00e1psulas"},"content":{"rendered":"<p>La combinaci\u00f3n de aceite de oliva virgen extra ecol\u00f3gico y aceite de or\u00e9gano ecol\u00f3gico te ofrece los beneficios de ambos aceites en una sola c\u00e1psula.<\/p>\n<p>El aceite de or\u00e9gano contiene un 80 % de carvacrol y su origen, procedente de cultivos ecol\u00f3gicos controlados, garantiza la m\u00e1xima calidad de los aceites.<\/p>\n<ul>\n<li>Vegano<\/li>\n<li>Sin gluten<\/li>\n<li>Sin lactosa<\/li>\n<li>Sin OGM<\/li>\n<li>Fabricado seg\u00fan los estrictos est\u00e1ndares de calidad de la UE.<\/li>\n<\/ul>\n","protected":false},"excerpt":{"rendered":"<p>La combinaci\u00f3n de aceite de oliva virgen extra ecol\u00f3gico y aceite de or\u00e9gano ecol\u00f3gico te ofrece los beneficios de ambos aceites en una sola c\u00e1psula. El aceite de or\u00e9gano contiene un 80 % de carvacrol y su origen, procedente de cultivos ecol\u00f3gicos controlados, garantiza la m\u00e1xima calidad de los aceites. Vegano Sin gluten Sin lactosa [&hellip;]<\/p>\n","protected":false},"featured_media":58443,"template":"","meta":{"_acf_changed":false},"product_brand":[10219],"product_cat":[350,303,363],"product_tag":[],"class_list":{"0":"post-66251","1":"product","2":"type-product","3":"status-publish","4":"has-post-thumbnail","6":"product_brand-vit4ever-es","7":"product_cat-nutrientes","8":"product_cat-ecologico","9":"product_cat-productos-de-a-z","11":"first","12":"instock","13":"taxable","14":"shipping-taxable","15":"purchasable","16":"product-type-simple"},"acf":[],"_links":{"self":[{"href":"https:\/\/dev.vitalstoffversand.com\/es\/wp-json\/wp\/v2\/product\/66251","targetHints":{"allow":["GET"]}}],"collection":[{"href":"https:\/\/dev.vitalstoffversand.com\/es\/wp-json\/wp\/v2\/product"}],"about":[{"href":"https:\/\/dev.vitalstoffversand.com\/es\/wp-json\/wp\/v2\/types\/product"}],"wp:featuredmedia":[{"embeddable":true,"href":"https:\/\/dev.vitalstoffversand.com\/es\/wp-json\/wp\/v2\/media\/58443"}],"wp:attachment":[{"href":"https:\/\/dev.vitalstoffversand.com\/es\/wp-json\/wp\/v2\/media?parent=66251"}],"wp:term":[{"taxonomy":"product_brand","embeddable":true,"href":"https:\/\/dev.vitalstoffversand.com\/es\/wp-json\/wp\/v2\/product_brand?post=66251"},{"taxonomy":"product_cat","embeddable":true,"href":"https:\/\/dev.vitalstoffversand.com\/es\/wp-json\/wp\/v2\/product_cat?post=66251"},{"taxonomy":"product_tag","embeddable":true,"href":"https:\/\/dev.vitalstoffversand.com\/es\/wp-json\/wp\/v2\/product_tag?post=66251"}],"curies":[{"name":"wp","href":"https:\/\/api.w.org\/{rel}","templated":true}]}}