{"id":66248,"date":"2025-07-07T17:22:43","date_gmt":"2025-07-07T15:22:43","guid":{"rendered":"https:\/\/vitalstoffversand.com\/produkt\/vit4ever-mantequilla-de-cacahuete-chocolate-blanco-500-g\/"},"modified":"2025-07-07T17:22:43","modified_gmt":"2025-07-07T15:22:43","slug":"vit4ever-mantequilla-de-cacahuete-chocolate-blanco-500-g","status":"publish","type":"product","link":"https:\/\/dev.vitalstoffversand.com\/es\/producto\/vit4ever-mantequilla-de-cacahuete-chocolate-blanco-500-g\/","title":{"rendered":"Vit4ever <br>Mantequilla de cacahuete + chocolate blanco &#8211; 500 g"},"content":{"rendered":"<p>Mantequilla de cacahuete con chocolate blanco.<\/p>\n<p>Su textura suave y cremosa ofrece un aut\u00e9ntico placer y permite m\u00faltiples formas de preparaci\u00f3n.<\/p>\n<p>Nota: Es normal que el aceite flote en la superficie de este producto. Basta con removerlo un poco para recuperar su textura cremosa. <\/p>\n<ul>\n<li>70 % de cacahuetes tostados + 30 % de chocolate blanco<\/li>\n<li>Sin az\u00facares a\u00f1adidos<\/li>\n<li>Sin aceite de palma<\/li>\n<li>Alto contenido en fibra y prote\u00ednas<\/li>\n<\/ul>\n","protected":false},"excerpt":{"rendered":"<p>Mantequilla de cacahuete con chocolate blanco. Su textura suave y cremosa ofrece un aut\u00e9ntico placer y permite m\u00faltiples formas de preparaci\u00f3n. Nota: Es normal que el aceite flote en la superficie de este producto. Basta con removerlo un poco para recuperar su textura cremosa. 70 % de cacahuetes tostados + 30 % de chocolate blanco [&hellip;]<\/p>\n","protected":false},"featured_media":58411,"template":"","meta":{"_acf_changed":false},"product_brand":[10219],"product_cat":[327,363],"product_tag":[],"class_list":{"0":"post-66248","1":"product","2":"type-product","3":"status-publish","4":"has-post-thumbnail","6":"product_brand-vit4ever-es","7":"product_cat-cocinar-y-picar","8":"product_cat-productos-de-a-z","10":"first","11":"instock","12":"taxable","13":"shipping-taxable","14":"purchasable","15":"product-type-simple"},"acf":[],"_links":{"self":[{"href":"https:\/\/dev.vitalstoffversand.com\/es\/wp-json\/wp\/v2\/product\/66248","targetHints":{"allow":["GET"]}}],"collection":[{"href":"https:\/\/dev.vitalstoffversand.com\/es\/wp-json\/wp\/v2\/product"}],"about":[{"href":"https:\/\/dev.vitalstoffversand.com\/es\/wp-json\/wp\/v2\/types\/product"}],"wp:featuredmedia":[{"embeddable":true,"href":"https:\/\/dev.vitalstoffversand.com\/es\/wp-json\/wp\/v2\/media\/58411"}],"wp:attachment":[{"href":"https:\/\/dev.vitalstoffversand.com\/es\/wp-json\/wp\/v2\/media?parent=66248"}],"wp:term":[{"taxonomy":"product_brand","embeddable":true,"href":"https:\/\/dev.vitalstoffversand.com\/es\/wp-json\/wp\/v2\/product_brand?post=66248"},{"taxonomy":"product_cat","embeddable":true,"href":"https:\/\/dev.vitalstoffversand.com\/es\/wp-json\/wp\/v2\/product_cat?post=66248"},{"taxonomy":"product_tag","embeddable":true,"href":"https:\/\/dev.vitalstoffversand.com\/es\/wp-json\/wp\/v2\/product_tag?post=66248"}],"curies":[{"name":"wp","href":"https:\/\/api.w.org\/{rel}","templated":true}]}}