{"id":66223,"date":"2025-09-01T18:53:48","date_gmt":"2025-09-01T16:53:48","guid":{"rendered":"https:\/\/vitalstoffversand.com\/produkt\/vit4ever-aceite-de-pescado-omega-3-intenso-365-capsulas\/"},"modified":"2026-03-21T15:54:22","modified_gmt":"2026-03-21T14:54:22","slug":"vit4ever-aceite-de-pescado-omega-3-intenso-365-capsulas","status":"publish","type":"product","link":"https:\/\/dev.vitalstoffversand.com\/es\/producto\/vit4ever-aceite-de-pescado-omega-3-intenso-365-capsulas\/","title":{"rendered":"Vit4ever <br>Aceite de pescado Omega 3 Intenso &#8211; 365 c\u00e1psulas"},"content":{"rendered":"<p>Los \u00e1cidos grasos omega 3 son esenciales para nuestro organismo y deben ingerirse a trav\u00e9s de los alimentos.<\/p>\n<p>El producto premium Omega 3 Intenso te proporciona 1000 mg de aceite de pescado con cada c\u00e1psula de gelatina blanda, de los cuales el 80% son \u00e1cidos grasos omega 3 puros, con 400 mg de <a href=\"https:\/\/dev.vitalstoffversand.com\/knowledge-base\/eicosapentaensaeure-und-docosahexaensaeure-epa-dha\/\" target=\"_blank\" rel=\"noopener\"><strong><span style=\"color: #0000ff;\">\u2192 EPA (\u00e1cido eicosapentaenoico)<\/span><\/strong><\/a> y 300 mg de <a href=\"https:\/\/dev.vitalstoffversand.com\/knowledge-base\/docosahexaensaeure-dha\/\" target=\"_blank\" rel=\"noopener\"><strong><span style=\"color: #0000ff;\">\u2192 DHA (\u00e1cido docosahexenoico)<\/span><\/strong><\/a> en la forma de triglic\u00e9ridos de mayor biodisponibilidad.<\/p>\n<ul>\n<li>Sin gluten<\/li>\n<li>Sin lactosa<\/li>\n<li>Sin OGM<\/li>\n<li>Fabricado seg\u00fan los estrictos est\u00e1ndares de calidad de la UE.<\/li>\n<\/ul>\n","protected":false},"excerpt":{"rendered":"<p>Los \u00e1cidos grasos omega 3 son esenciales para nuestro organismo y deben ingerirse a trav\u00e9s de los alimentos. El producto premium Omega 3 Intenso te proporciona 1000 mg de aceite de pescado con cada c\u00e1psula de gelatina blanda, de los cuales el 80% son \u00e1cidos grasos omega 3 puros, con 400 mg de \u2192 EPA [&hellip;]<\/p>\n","protected":false},"featured_media":54195,"template":"","meta":{"_acf_changed":false},"product_brand":[10219],"product_cat":[335,363],"product_tag":[],"class_list":{"0":"post-66223","1":"product","2":"type-product","3":"status-publish","4":"has-post-thumbnail","6":"product_brand-vit4ever-es","7":"product_cat-acidos-grasos","8":"product_cat-productos-de-a-z","10":"first","11":"instock","12":"taxable","13":"shipping-taxable","14":"purchasable","15":"product-type-simple"},"acf":[],"_links":{"self":[{"href":"https:\/\/dev.vitalstoffversand.com\/es\/wp-json\/wp\/v2\/product\/66223","targetHints":{"allow":["GET"]}}],"collection":[{"href":"https:\/\/dev.vitalstoffversand.com\/es\/wp-json\/wp\/v2\/product"}],"about":[{"href":"https:\/\/dev.vitalstoffversand.com\/es\/wp-json\/wp\/v2\/types\/product"}],"wp:featuredmedia":[{"embeddable":true,"href":"https:\/\/dev.vitalstoffversand.com\/es\/wp-json\/wp\/v2\/media\/54195"}],"wp:attachment":[{"href":"https:\/\/dev.vitalstoffversand.com\/es\/wp-json\/wp\/v2\/media?parent=66223"}],"wp:term":[{"taxonomy":"product_brand","embeddable":true,"href":"https:\/\/dev.vitalstoffversand.com\/es\/wp-json\/wp\/v2\/product_brand?post=66223"},{"taxonomy":"product_cat","embeddable":true,"href":"https:\/\/dev.vitalstoffversand.com\/es\/wp-json\/wp\/v2\/product_cat?post=66223"},{"taxonomy":"product_tag","embeddable":true,"href":"https:\/\/dev.vitalstoffversand.com\/es\/wp-json\/wp\/v2\/product_tag?post=66223"}],"curies":[{"name":"wp","href":"https:\/\/api.w.org\/{rel}","templated":true}]}}