{"id":66116,"date":"2025-12-17T14:18:17","date_gmt":"2025-12-17T13:18:17","guid":{"rendered":"https:\/\/vitalstoffversand.com\/produkt\/vit4ever-malato-de-magnesio-365-capsulas\/"},"modified":"2026-03-21T15:52:44","modified_gmt":"2026-03-21T14:52:44","slug":"vit4ever-malato-de-magnesio-365-capsulas","status":"publish","type":"product","link":"https:\/\/dev.vitalstoffversand.com\/es\/producto\/vit4ever-malato-de-magnesio-365-capsulas\/","title":{"rendered":"Vit4ever <br>Malato de magnesio &#8211; 365 c\u00e1psulas"},"content":{"rendered":"<p><strong><a href=\"https:\/\/dev.vitalstoffversand.com\/knowledge-base\/magnesium\/\" target=\"_blank\" rel=\"noopener\">\u2192 El magnesio<\/a><\/strong> es un mineral de enorme importancia para nuestro organismo, ya que interviene en numerosas funciones corporales.<\/p>\n<p>El malato de magnesio combina el magnesio con el malato, la forma salina del \u00e1cido m\u00e1lico, que se encuentra de forma natural en el metabolismo energ\u00e9tico.<\/p>\n<ul>\n<li>Vegano<\/li>\n<li>Sin gluten<\/li>\n<li>Sin lactosa<\/li>\n<li>Sin OGM<\/li>\n<li>Fabricado seg\u00fan los estrictos est\u00e1ndares de calidad de la UE.<\/li>\n<\/ul>\n","protected":false},"excerpt":{"rendered":"<p>\u2192 El magnesio es un mineral de enorme importancia para nuestro organismo, ya que interviene en numerosas funciones corporales. El malato de magnesio combina el magnesio con el malato, la forma salina del \u00e1cido m\u00e1lico, que se encuentra de forma natural en el metabolismo energ\u00e9tico. Vegano Sin gluten Sin lactosa Sin OGM Fabricado seg\u00fan los [&hellip;]<\/p>\n","protected":false},"featured_media":66111,"template":"","meta":{"_acf_changed":false},"product_brand":[10219],"product_cat":[342,363],"product_tag":[],"class_list":{"0":"post-66116","1":"product","2":"type-product","3":"status-publish","4":"has-post-thumbnail","6":"product_brand-vit4ever-es","7":"product_cat-minerales-y-oligoelementos","8":"product_cat-productos-de-a-z","10":"first","11":"instock","12":"taxable","13":"shipping-taxable","14":"purchasable","15":"product-type-simple"},"acf":[],"_links":{"self":[{"href":"https:\/\/dev.vitalstoffversand.com\/es\/wp-json\/wp\/v2\/product\/66116","targetHints":{"allow":["GET"]}}],"collection":[{"href":"https:\/\/dev.vitalstoffversand.com\/es\/wp-json\/wp\/v2\/product"}],"about":[{"href":"https:\/\/dev.vitalstoffversand.com\/es\/wp-json\/wp\/v2\/types\/product"}],"wp:featuredmedia":[{"embeddable":true,"href":"https:\/\/dev.vitalstoffversand.com\/es\/wp-json\/wp\/v2\/media\/66111"}],"wp:attachment":[{"href":"https:\/\/dev.vitalstoffversand.com\/es\/wp-json\/wp\/v2\/media?parent=66116"}],"wp:term":[{"taxonomy":"product_brand","embeddable":true,"href":"https:\/\/dev.vitalstoffversand.com\/es\/wp-json\/wp\/v2\/product_brand?post=66116"},{"taxonomy":"product_cat","embeddable":true,"href":"https:\/\/dev.vitalstoffversand.com\/es\/wp-json\/wp\/v2\/product_cat?post=66116"},{"taxonomy":"product_tag","embeddable":true,"href":"https:\/\/dev.vitalstoffversand.com\/es\/wp-json\/wp\/v2\/product_tag?post=66116"}],"curies":[{"name":"wp","href":"https:\/\/api.w.org\/{rel}","templated":true}]}}