{"id":65999,"date":"2025-04-08T11:32:55","date_gmt":"2025-04-08T09:32:55","guid":{"rendered":"https:\/\/vitalstoffversand.com\/produkt\/vit4ever-acido-folico-365-comprimidos\/"},"modified":"2025-04-08T11:32:55","modified_gmt":"2025-04-08T09:32:55","slug":"vit4ever-acido-folico-365-comprimidos","status":"publish","type":"product","link":"https:\/\/dev.vitalstoffversand.com\/es\/producto\/vit4ever-acido-folico-365-comprimidos\/","title":{"rendered":"Vit4ever <br>\u00c1cido f\u00f3lico &#8211; 365 comprimidos"},"content":{"rendered":"<p><a href=\"https:\/\/dev.vitalstoffversand.com\/knowledge-base\/vitamin-b9-folat\/\" target=\"_blank\" rel=\"noopener\"><strong><span style=\"color: #0000ff;\">\u2192 El \u00e1cido f\u00f3lico (vitamina B9)<\/span><\/strong><\/a> es la forma sint\u00e9tica del folato, que se encuentra de forma natural en alimentos predominantemente vegetales (verduras de hoja, frutos secos).<\/p>\n<p>El \u00e1cido f\u00f3lico ofrece una forma particularmente estable y f\u00e1cilmente biodisponible de vitamina B9.<\/p>\n<ul>\n<li>Vegano<\/li>\n<li>Sin gluten<\/li>\n<li>Sin lactosa<\/li>\n<li>Sin OGM<\/li>\n<li>Fabricado seg\u00fan los estrictos est\u00e1ndares de calidad de la UE.<\/li>\n<\/ul>\n","protected":false},"excerpt":{"rendered":"<p>\u2192 El \u00e1cido f\u00f3lico (vitamina B9) es la forma sint\u00e9tica del folato, que se encuentra de forma natural en alimentos predominantemente vegetales (verduras de hoja, frutos secos). El \u00e1cido f\u00f3lico ofrece una forma particularmente estable y f\u00e1cilmente biodisponible de vitamina B9. Vegano Sin gluten Sin lactosa Sin OGM Fabricado seg\u00fan los estrictos est\u00e1ndares de calidad [&hellip;]<\/p>\n","protected":false},"featured_media":57699,"template":"","meta":{"_acf_changed":false},"product_brand":[10219],"product_cat":[310,363],"product_tag":[],"class_list":{"0":"post-65999","1":"product","2":"type-product","3":"status-publish","4":"has-post-thumbnail","6":"product_brand-vit4ever-es","7":"product_cat-vitaminas","8":"product_cat-productos-de-a-z","10":"first","11":"instock","12":"taxable","13":"shipping-taxable","14":"purchasable","15":"product-type-simple"},"acf":[],"_links":{"self":[{"href":"https:\/\/dev.vitalstoffversand.com\/es\/wp-json\/wp\/v2\/product\/65999","targetHints":{"allow":["GET"]}}],"collection":[{"href":"https:\/\/dev.vitalstoffversand.com\/es\/wp-json\/wp\/v2\/product"}],"about":[{"href":"https:\/\/dev.vitalstoffversand.com\/es\/wp-json\/wp\/v2\/types\/product"}],"wp:featuredmedia":[{"embeddable":true,"href":"https:\/\/dev.vitalstoffversand.com\/es\/wp-json\/wp\/v2\/media\/57699"}],"wp:attachment":[{"href":"https:\/\/dev.vitalstoffversand.com\/es\/wp-json\/wp\/v2\/media?parent=65999"}],"wp:term":[{"taxonomy":"product_brand","embeddable":true,"href":"https:\/\/dev.vitalstoffversand.com\/es\/wp-json\/wp\/v2\/product_brand?post=65999"},{"taxonomy":"product_cat","embeddable":true,"href":"https:\/\/dev.vitalstoffversand.com\/es\/wp-json\/wp\/v2\/product_cat?post=65999"},{"taxonomy":"product_tag","embeddable":true,"href":"https:\/\/dev.vitalstoffversand.com\/es\/wp-json\/wp\/v2\/product_tag?post=65999"}],"curies":[{"name":"wp","href":"https:\/\/api.w.org\/{rel}","templated":true}]}}