{"id":65861,"date":"2025-04-07T16:39:22","date_gmt":"2025-04-07T14:39:22","guid":{"rendered":"https:\/\/vitalstoffversand.com\/produkt\/vit4ever-complejo-11-veces-magnesio-240-capsulas\/"},"modified":"2026-03-16T17:23:51","modified_gmt":"2026-03-16T16:23:51","slug":"vit4ever-complejo-11-veces-magnesio-240-capsulas","status":"publish","type":"product","link":"https:\/\/dev.vitalstoffversand.com\/es\/producto\/vit4ever-complejo-11-veces-magnesio-240-capsulas\/","title":{"rendered":"Vit4ever <br>Complejo 11 veces magnesio &#8211; 240 c\u00e1psulas"},"content":{"rendered":"<p>Magnesium 11-fold complex ofrece al cuerpo 11 compuestos de magnesio diferentes, que juntos act\u00faan como una orquesta bien coordinada y suministran a su cuerpo <strong><span style=\"color: #0000ff;\"><a style=\"color: #0000ff;\" href=\"https:\/\/dev.vitalstoffversand.com\/knowledge-base\/magnesium\/\" target=\"_blank\" rel=\"noopener\">\u2192 magnesio<\/a><\/span><\/strong> elemental de maneras diferentes pero \u00f3ptimas con las propiedades respectivas de estos compuestos.<\/p>\n<p>Los diferentes compuestos garantizan una mezcla \u00fanica de las ventajas de cada compuesto en t\u00e9rminos de tolerabilidad, absorbibilidad, velocidad de absorci\u00f3n, contenido en magnesio y biodisponibilidad.<\/p>\n<ul>\n<li>Vegano<\/li>\n<li>Sin gluten<\/li>\n<li>Sin lactosa<\/li>\n<li>Sin OGM<\/li>\n<li>Fabricado seg\u00fan los estrictos est\u00e1ndares de calidad de la UE.<\/li>\n<\/ul>\n","protected":false},"excerpt":{"rendered":"<p>Magnesium 11-fold complex ofrece al cuerpo 11 compuestos de magnesio diferentes, que juntos act\u00faan como una orquesta bien coordinada y suministran a su cuerpo \u2192 magnesio elemental de maneras diferentes pero \u00f3ptimas con las propiedades respectivas de estos compuestos. Los diferentes compuestos garantizan una mezcla \u00fanica de las ventajas de cada compuesto en t\u00e9rminos de [&hellip;]<\/p>\n","protected":false},"featured_media":57107,"template":"","meta":{"_acf_changed":false},"product_brand":[10219],"product_cat":[342,363],"product_tag":[],"class_list":{"0":"post-65861","1":"product","2":"type-product","3":"status-publish","4":"has-post-thumbnail","6":"product_brand-vit4ever-es","7":"product_cat-minerales-y-oligoelementos","8":"product_cat-productos-de-a-z","10":"first","11":"instock","12":"taxable","13":"shipping-taxable","14":"purchasable","15":"product-type-simple"},"acf":[],"_links":{"self":[{"href":"https:\/\/dev.vitalstoffversand.com\/es\/wp-json\/wp\/v2\/product\/65861","targetHints":{"allow":["GET"]}}],"collection":[{"href":"https:\/\/dev.vitalstoffversand.com\/es\/wp-json\/wp\/v2\/product"}],"about":[{"href":"https:\/\/dev.vitalstoffversand.com\/es\/wp-json\/wp\/v2\/types\/product"}],"wp:featuredmedia":[{"embeddable":true,"href":"https:\/\/dev.vitalstoffversand.com\/es\/wp-json\/wp\/v2\/media\/57107"}],"wp:attachment":[{"href":"https:\/\/dev.vitalstoffversand.com\/es\/wp-json\/wp\/v2\/media?parent=65861"}],"wp:term":[{"taxonomy":"product_brand","embeddable":true,"href":"https:\/\/dev.vitalstoffversand.com\/es\/wp-json\/wp\/v2\/product_brand?post=65861"},{"taxonomy":"product_cat","embeddable":true,"href":"https:\/\/dev.vitalstoffversand.com\/es\/wp-json\/wp\/v2\/product_cat?post=65861"},{"taxonomy":"product_tag","embeddable":true,"href":"https:\/\/dev.vitalstoffversand.com\/es\/wp-json\/wp\/v2\/product_tag?post=65861"}],"curies":[{"name":"wp","href":"https:\/\/api.w.org\/{rel}","templated":true}]}}