{"id":65860,"date":"2025-04-07T16:17:31","date_gmt":"2025-04-07T14:17:31","guid":{"rendered":"https:\/\/vitalstoffversand.com\/produkt\/vit4ever-opc-extracto-de-semilla-de-uva-vitamina-c-300-g\/"},"modified":"2025-04-07T16:17:31","modified_gmt":"2025-04-07T14:17:31","slug":"vit4ever-opc-extracto-de-semilla-de-uva-vitamina-c-300-g","status":"publish","type":"product","link":"https:\/\/dev.vitalstoffversand.com\/es\/producto\/vit4ever-opc-extracto-de-semilla-de-uva-vitamina-c-300-g\/","title":{"rendered":"Vit4ever <br>OPC Extracto de Semilla de Uva + Vitamina C &#8211; 300 g"},"content":{"rendered":"<p>OPC extracto de semilla de uva con vitamina C natural de acerola.<\/p>\n<p>Las OPC (proantocianidinas oligom\u00e9ricas) son compuestos vegetales naturales y se encuentran, entre otras cosas, en las semillas de uva.<\/p>\n<p>El producto est\u00e1 optimizado con vitamina C, que garantiza sin\u00e9rgicamente una mejor absorci\u00f3n del OPC.<\/p>\n<ul>\n<li>Vegano<\/li>\n<li>Sin gluten<\/li>\n<li>Sin lactosa<\/li>\n<li>Sin OGM<\/li>\n<li>Fabricado seg\u00fan los estrictos est\u00e1ndares de calidad de la UE.<\/li>\n<\/ul>\n","protected":false},"excerpt":{"rendered":"<p>OPC extracto de semilla de uva con vitamina C natural de acerola. Las OPC (proantocianidinas oligom\u00e9ricas) son compuestos vegetales naturales y se encuentran, entre otras cosas, en las semillas de uva. El producto est\u00e1 optimizado con vitamina C, que garantiza sin\u00e9rgicamente una mejor absorci\u00f3n del OPC. Vegano Sin gluten Sin lactosa Sin OGM Fabricado seg\u00fan [&hellip;]<\/p>\n","protected":false},"featured_media":57067,"template":"","meta":{"_acf_changed":false},"product_brand":[10219],"product_cat":[350,363],"product_tag":[],"class_list":{"0":"post-65860","1":"product","2":"type-product","3":"status-publish","4":"has-post-thumbnail","6":"product_brand-vit4ever-es","7":"product_cat-nutrientes","8":"product_cat-productos-de-a-z","10":"first","11":"instock","12":"taxable","13":"shipping-taxable","14":"purchasable","15":"product-type-simple"},"acf":[],"_links":{"self":[{"href":"https:\/\/dev.vitalstoffversand.com\/es\/wp-json\/wp\/v2\/product\/65860","targetHints":{"allow":["GET"]}}],"collection":[{"href":"https:\/\/dev.vitalstoffversand.com\/es\/wp-json\/wp\/v2\/product"}],"about":[{"href":"https:\/\/dev.vitalstoffversand.com\/es\/wp-json\/wp\/v2\/types\/product"}],"wp:featuredmedia":[{"embeddable":true,"href":"https:\/\/dev.vitalstoffversand.com\/es\/wp-json\/wp\/v2\/media\/57067"}],"wp:attachment":[{"href":"https:\/\/dev.vitalstoffversand.com\/es\/wp-json\/wp\/v2\/media?parent=65860"}],"wp:term":[{"taxonomy":"product_brand","embeddable":true,"href":"https:\/\/dev.vitalstoffversand.com\/es\/wp-json\/wp\/v2\/product_brand?post=65860"},{"taxonomy":"product_cat","embeddable":true,"href":"https:\/\/dev.vitalstoffversand.com\/es\/wp-json\/wp\/v2\/product_cat?post=65860"},{"taxonomy":"product_tag","embeddable":true,"href":"https:\/\/dev.vitalstoffversand.com\/es\/wp-json\/wp\/v2\/product_tag?post=65860"}],"curies":[{"name":"wp","href":"https:\/\/api.w.org\/{rel}","templated":true}]}}