{"id":65853,"date":"2025-04-07T13:52:30","date_gmt":"2025-04-07T11:52:30","guid":{"rendered":"https:\/\/vitalstoffversand.com\/produkt\/vit4ever-extracto-de-ortiga-ecologico-240-capsulas\/"},"modified":"2025-04-07T13:52:30","modified_gmt":"2025-04-07T11:52:30","slug":"vit4ever-extracto-de-ortiga-ecologico-240-capsulas","status":"publish","type":"product","link":"https:\/\/dev.vitalstoffversand.com\/es\/producto\/vit4ever-extracto-de-ortiga-ecologico-240-capsulas\/","title":{"rendered":"Vit4ever <br>Extracto de ortiga ecol\u00f3gico &#8211; 240 c\u00e1psulas"},"content":{"rendered":"<p>Las ortigas (lat.: Urtica dioica) se valoran y utilizan en naturopat\u00eda desde hace siglos.<\/p>\n<p>Esta planta poco exigente y muy extendida ofrece un amplio espectro de sustancias vegetales.<\/p>\n<ul>\n<li>Vegano<\/li>\n<li>Sin gluten<\/li>\n<li>Sin lactosa<\/li>\n<li>Sin OGM<\/li>\n<li>Fabricado seg\u00fan los estrictos est\u00e1ndares de calidad de la UE.<\/li>\n<\/ul>\n","protected":false},"excerpt":{"rendered":"<p>Las ortigas (lat.: Urtica dioica) se valoran y utilizan en naturopat\u00eda desde hace siglos. Esta planta poco exigente y muy extendida ofrece un amplio espectro de sustancias vegetales. Vegano Sin gluten Sin lactosa Sin OGM Fabricado seg\u00fan los estrictos est\u00e1ndares de calidad de la UE.<\/p>\n","protected":false},"featured_media":56947,"template":"","meta":{"_acf_changed":false},"product_brand":[10219],"product_cat":[350,303,363],"product_tag":[],"class_list":{"0":"post-65853","1":"product","2":"type-product","3":"status-publish","4":"has-post-thumbnail","6":"product_brand-vit4ever-es","7":"product_cat-nutrientes","8":"product_cat-ecologico","9":"product_cat-productos-de-a-z","11":"first","12":"instock","13":"taxable","14":"shipping-taxable","15":"purchasable","16":"product-type-simple"},"acf":[],"_links":{"self":[{"href":"https:\/\/dev.vitalstoffversand.com\/es\/wp-json\/wp\/v2\/product\/65853","targetHints":{"allow":["GET"]}}],"collection":[{"href":"https:\/\/dev.vitalstoffversand.com\/es\/wp-json\/wp\/v2\/product"}],"about":[{"href":"https:\/\/dev.vitalstoffversand.com\/es\/wp-json\/wp\/v2\/types\/product"}],"wp:featuredmedia":[{"embeddable":true,"href":"https:\/\/dev.vitalstoffversand.com\/es\/wp-json\/wp\/v2\/media\/56947"}],"wp:attachment":[{"href":"https:\/\/dev.vitalstoffversand.com\/es\/wp-json\/wp\/v2\/media?parent=65853"}],"wp:term":[{"taxonomy":"product_brand","embeddable":true,"href":"https:\/\/dev.vitalstoffversand.com\/es\/wp-json\/wp\/v2\/product_brand?post=65853"},{"taxonomy":"product_cat","embeddable":true,"href":"https:\/\/dev.vitalstoffversand.com\/es\/wp-json\/wp\/v2\/product_cat?post=65853"},{"taxonomy":"product_tag","embeddable":true,"href":"https:\/\/dev.vitalstoffversand.com\/es\/wp-json\/wp\/v2\/product_tag?post=65853"}],"curies":[{"name":"wp","href":"https:\/\/api.w.org\/{rel}","templated":true}]}}