{"id":65577,"date":"2025-06-20T11:30:39","date_gmt":"2025-06-20T09:30:39","guid":{"rendered":"https:\/\/vitalstoffversand.com\/produkt\/vit4ever-triphala-ecologico-365-capsulas\/"},"modified":"2025-06-20T11:30:39","modified_gmt":"2025-06-20T09:30:39","slug":"vit4ever-triphala-ecologico-365-capsulas","status":"publish","type":"product","link":"https:\/\/dev.vitalstoffversand.com\/es\/producto\/vit4ever-triphala-ecologico-365-capsulas\/","title":{"rendered":"Vit4ever <br>Triphala ecol\u00f3gico &#8211; 365 c\u00e1psulas"},"content":{"rendered":"<p>El Triphala es una de las mezclas de plantas m\u00e1s antiguas de la medicina ayurv\u00e9dica.<\/p>\n<p>El nombre hace referencia a la combinaci\u00f3n armoniosa de haritaki, amalaki y bibhitaki, y significa literalmente \u00abtres frutos\u00bb.<\/p>\n<ul>\n<li>Vegano<\/li>\n<li>Sin gluten<\/li>\n<li>Sin lactosa<\/li>\n<li>Sin OGM<\/li>\n<li>Fabricado seg\u00fan los estrictos est\u00e1ndares de calidad de la UE.<\/li>\n<\/ul>\n","protected":false},"excerpt":{"rendered":"<p>El Triphala es una de las mezclas de plantas m\u00e1s antiguas de la medicina ayurv\u00e9dica. El nombre hace referencia a la combinaci\u00f3n armoniosa de haritaki, amalaki y bibhitaki, y significa literalmente \u00abtres frutos\u00bb. Vegano Sin gluten Sin lactosa Sin OGM Fabricado seg\u00fan los estrictos est\u00e1ndares de calidad de la UE.<\/p>\n","protected":false},"featured_media":51834,"template":"","meta":{"_acf_changed":false},"product_brand":[10219],"product_cat":[350,303,363],"product_tag":[],"class_list":{"0":"post-65577","1":"product","2":"type-product","3":"status-publish","4":"has-post-thumbnail","6":"product_brand-vit4ever-es","7":"product_cat-nutrientes","8":"product_cat-ecologico","9":"product_cat-productos-de-a-z","11":"first","12":"instock","13":"taxable","14":"shipping-taxable","15":"purchasable","16":"product-type-simple"},"acf":[],"_links":{"self":[{"href":"https:\/\/dev.vitalstoffversand.com\/es\/wp-json\/wp\/v2\/product\/65577","targetHints":{"allow":["GET"]}}],"collection":[{"href":"https:\/\/dev.vitalstoffversand.com\/es\/wp-json\/wp\/v2\/product"}],"about":[{"href":"https:\/\/dev.vitalstoffversand.com\/es\/wp-json\/wp\/v2\/types\/product"}],"wp:featuredmedia":[{"embeddable":true,"href":"https:\/\/dev.vitalstoffversand.com\/es\/wp-json\/wp\/v2\/media\/51834"}],"wp:attachment":[{"href":"https:\/\/dev.vitalstoffversand.com\/es\/wp-json\/wp\/v2\/media?parent=65577"}],"wp:term":[{"taxonomy":"product_brand","embeddable":true,"href":"https:\/\/dev.vitalstoffversand.com\/es\/wp-json\/wp\/v2\/product_brand?post=65577"},{"taxonomy":"product_cat","embeddable":true,"href":"https:\/\/dev.vitalstoffversand.com\/es\/wp-json\/wp\/v2\/product_cat?post=65577"},{"taxonomy":"product_tag","embeddable":true,"href":"https:\/\/dev.vitalstoffversand.com\/es\/wp-json\/wp\/v2\/product_tag?post=65577"}],"curies":[{"name":"wp","href":"https:\/\/api.w.org\/{rel}","templated":true}]}}