{"id":65467,"date":"2026-01-13T15:11:53","date_gmt":"2026-01-13T14:11:53","guid":{"rendered":"https:\/\/vitalstoffversand.com\/produkt\/gen-control-del-colesterol-180-capsulas\/"},"modified":"2026-03-21T15:52:23","modified_gmt":"2026-03-21T14:52:23","slug":"gen-control-del-colesterol-180-capsulas","status":"publish","type":"product","link":"https:\/\/dev.vitalstoffversand.com\/es\/producto\/gen-control-del-colesterol-180-capsulas\/","title":{"rendered":"GEN <br>Control del colesterol &#8211; 180 c\u00e1psulas"},"content":{"rendered":"<p>GEN Cholest Control combina extractos vegetales seleccionados, fitoesteroles y materias primas de primera calidad, como Lipophytol\u2122 y AstraGin\u00ae, en una f\u00f3rmula nutricional moderna y f\u00e1cil de incorporar a la rutina diaria.<\/p>\n<p>Mientras que los fitoesteroles de Lipophytol\u2122 contribuyen a mantener unos niveles normales de colesterol, siete principios activos sin\u00e9rgicos completan la f\u00f3rmula para crear un producto que no suele encontrarse en esta combinaci\u00f3n.<\/p>\n<ul>\n<li>Vegano<\/li>\n<li>Sin gluten<\/li>\n<li>Sin lactosa<\/li>\n<li>Sin OGM<\/li>\n<li>Fabricado seg\u00fan los estrictos est\u00e1ndares de calidad de la UE.<\/li>\n<\/ul>\n","protected":false},"excerpt":{"rendered":"<p>GEN Cholest Control combina extractos vegetales seleccionados, fitoesteroles y materias primas de primera calidad, como Lipophytol\u2122 y AstraGin\u00ae, en una f\u00f3rmula nutricional moderna y f\u00e1cil de incorporar a la rutina diaria. Mientras que los fitoesteroles de Lipophytol\u2122 contribuyen a mantener unos niveles normales de colesterol, siete principios activos sin\u00e9rgicos completan la f\u00f3rmula para crear un [&hellip;]<\/p>\n","protected":false},"featured_media":65466,"template":"","meta":{"_acf_changed":false},"product_brand":[10201],"product_cat":[343,363],"product_tag":[],"class_list":{"0":"post-65467","1":"product","2":"type-product","3":"status-publish","4":"has-post-thumbnail","6":"product_brand-gen-german-elite-nutrition-es","7":"product_cat-proteinas","8":"product_cat-productos-de-a-z","10":"first","11":"instock","12":"taxable","13":"shipping-taxable","14":"purchasable","15":"product-type-simple"},"acf":[],"_links":{"self":[{"href":"https:\/\/dev.vitalstoffversand.com\/es\/wp-json\/wp\/v2\/product\/65467","targetHints":{"allow":["GET"]}}],"collection":[{"href":"https:\/\/dev.vitalstoffversand.com\/es\/wp-json\/wp\/v2\/product"}],"about":[{"href":"https:\/\/dev.vitalstoffversand.com\/es\/wp-json\/wp\/v2\/types\/product"}],"wp:featuredmedia":[{"embeddable":true,"href":"https:\/\/dev.vitalstoffversand.com\/es\/wp-json\/wp\/v2\/media\/65466"}],"wp:attachment":[{"href":"https:\/\/dev.vitalstoffversand.com\/es\/wp-json\/wp\/v2\/media?parent=65467"}],"wp:term":[{"taxonomy":"product_brand","embeddable":true,"href":"https:\/\/dev.vitalstoffversand.com\/es\/wp-json\/wp\/v2\/product_brand?post=65467"},{"taxonomy":"product_cat","embeddable":true,"href":"https:\/\/dev.vitalstoffversand.com\/es\/wp-json\/wp\/v2\/product_cat?post=65467"},{"taxonomy":"product_tag","embeddable":true,"href":"https:\/\/dev.vitalstoffversand.com\/es\/wp-json\/wp\/v2\/product_tag?post=65467"}],"curies":[{"name":"wp","href":"https:\/\/api.w.org\/{rel}","templated":true}]}}