{"id":65002,"date":"2025-10-08T13:59:47","date_gmt":"2025-10-08T11:59:47","guid":{"rendered":"https:\/\/vitalstoffversand.com\/produkt\/gen-acido-d-aspartico-300-capsulas\/"},"modified":"2026-03-21T15:52:52","modified_gmt":"2026-03-21T14:52:52","slug":"gen-acido-d-aspartico-300-capsulas","status":"publish","type":"product","link":"https:\/\/dev.vitalstoffversand.com\/es\/producto\/gen-acido-d-aspartico-300-capsulas\/","title":{"rendered":"GEN <br>\u00c1cido D-asp\u00e1rtico &#8211; 300 c\u00e1psulas"},"content":{"rendered":"<p>El \u00e1cido D-asp\u00e1rtico (DAA) es un amino\u00e1cido natural que participa en procesos fundamentales del metabolismo de los amino\u00e1cidos.<\/p>\n<p>Complemento \u00fatil para deportistas de fuerza y culturistas en el \u00e1mbito del fitness, junto con una alimentaci\u00f3n equilibrada y un plan de recuperaci\u00f3n estructurado.<\/p>\n<ul>\n<li>Sin gluten<\/li>\n<li>Sin lactosa<\/li>\n<li>Sin OGM<\/li>\n<li>Fabricado seg\u00fan los estrictos est\u00e1ndares de calidad de la UE.<\/li>\n<\/ul>\n","protected":false},"excerpt":{"rendered":"<p>El \u00e1cido asp\u00e1rtico como apoyo \u00fatil y complemento alimenticio para deportistas activos.<\/p>\n","protected":false},"featured_media":60910,"template":"","meta":{"_acf_changed":false},"product_brand":[10201],"product_cat":[334,363],"product_tag":[],"class_list":{"0":"post-65002","1":"product","2":"type-product","3":"status-publish","4":"has-post-thumbnail","6":"product_brand-gen-german-elite-nutrition-es","7":"product_cat-aminoacidos","8":"product_cat-productos-de-a-z","10":"first","11":"instock","12":"taxable","13":"shipping-taxable","14":"purchasable","15":"product-type-simple"},"acf":[],"_links":{"self":[{"href":"https:\/\/dev.vitalstoffversand.com\/es\/wp-json\/wp\/v2\/product\/65002","targetHints":{"allow":["GET"]}}],"collection":[{"href":"https:\/\/dev.vitalstoffversand.com\/es\/wp-json\/wp\/v2\/product"}],"about":[{"href":"https:\/\/dev.vitalstoffversand.com\/es\/wp-json\/wp\/v2\/types\/product"}],"wp:featuredmedia":[{"embeddable":true,"href":"https:\/\/dev.vitalstoffversand.com\/es\/wp-json\/wp\/v2\/media\/60910"}],"wp:attachment":[{"href":"https:\/\/dev.vitalstoffversand.com\/es\/wp-json\/wp\/v2\/media?parent=65002"}],"wp:term":[{"taxonomy":"product_brand","embeddable":true,"href":"https:\/\/dev.vitalstoffversand.com\/es\/wp-json\/wp\/v2\/product_brand?post=65002"},{"taxonomy":"product_cat","embeddable":true,"href":"https:\/\/dev.vitalstoffversand.com\/es\/wp-json\/wp\/v2\/product_cat?post=65002"},{"taxonomy":"product_tag","embeddable":true,"href":"https:\/\/dev.vitalstoffversand.com\/es\/wp-json\/wp\/v2\/product_tag?post=65002"}],"curies":[{"name":"wp","href":"https:\/\/api.w.org\/{rel}","templated":true}]}}