{"id":64811,"date":"2025-09-18T16:59:53","date_gmt":"2025-09-18T14:59:53","guid":{"rendered":"https:\/\/vitalstoffversand.com\/produkt\/gen-arroz-con-leche-3-kg\/"},"modified":"2026-03-21T15:54:00","modified_gmt":"2026-03-21T14:54:00","slug":"gen-arroz-con-leche-3-kg","status":"publish","type":"product","link":"https:\/\/dev.vitalstoffversand.com\/es\/producto\/gen-arroz-con-leche-3-kg\/","title":{"rendered":"GEN <br>Arroz con leche &#8211; 3 kg"},"content":{"rendered":"<p>Arroz con leche vers\u00e1til que combina placer y funcionalidad.<\/p>\n<p>Por supuesto, sin az\u00facares a\u00f1adidos.<\/p>\n<ul>\n<li>Vegano<\/li>\n<li>Sin gluten<\/li>\n<li>Sin lactosa<\/li>\n<li>Sin OGM<\/li>\n<li>Fabricado seg\u00fan los estrictos est\u00e1ndares de calidad de la UE.<\/li>\n<\/ul>\n","protected":false},"excerpt":{"rendered":"<p>Arroz con leche vers\u00e1til que combina placer y funcionalidad. Por supuesto, sin az\u00facares a\u00f1adidos. Vegano Sin gluten Sin lactosa Sin OGM Fabricado seg\u00fan los estrictos est\u00e1ndares de calidad de la UE.<\/p>\n","protected":false},"featured_media":46600,"template":"","meta":{"_acf_changed":false},"product_brand":[10201],"product_cat":[327,363],"product_tag":[],"class_list":{"0":"post-64811","1":"product","2":"type-product","3":"status-publish","4":"has-post-thumbnail","6":"product_brand-gen-german-elite-nutrition-es","7":"product_cat-cocinar-y-picar","8":"product_cat-productos-de-a-z","10":"first","11":"instock","12":"taxable","13":"shipping-taxable","14":"purchasable","15":"product-type-simple"},"acf":[],"_links":{"self":[{"href":"https:\/\/dev.vitalstoffversand.com\/es\/wp-json\/wp\/v2\/product\/64811","targetHints":{"allow":["GET"]}}],"collection":[{"href":"https:\/\/dev.vitalstoffversand.com\/es\/wp-json\/wp\/v2\/product"}],"about":[{"href":"https:\/\/dev.vitalstoffversand.com\/es\/wp-json\/wp\/v2\/types\/product"}],"wp:featuredmedia":[{"embeddable":true,"href":"https:\/\/dev.vitalstoffversand.com\/es\/wp-json\/wp\/v2\/media\/46600"}],"wp:attachment":[{"href":"https:\/\/dev.vitalstoffversand.com\/es\/wp-json\/wp\/v2\/media?parent=64811"}],"wp:term":[{"taxonomy":"product_brand","embeddable":true,"href":"https:\/\/dev.vitalstoffversand.com\/es\/wp-json\/wp\/v2\/product_brand?post=64811"},{"taxonomy":"product_cat","embeddable":true,"href":"https:\/\/dev.vitalstoffversand.com\/es\/wp-json\/wp\/v2\/product_cat?post=64811"},{"taxonomy":"product_tag","embeddable":true,"href":"https:\/\/dev.vitalstoffversand.com\/es\/wp-json\/wp\/v2\/product_tag?post=64811"}],"curies":[{"name":"wp","href":"https:\/\/api.w.org\/{rel}","templated":true}]}}