{"id":64805,"date":"2025-04-10T12:00:55","date_gmt":"2025-04-10T10:00:55","guid":{"rendered":"https:\/\/vitalstoffversand.com\/produkt\/gen-creatina-hcl-365-capsulas\/"},"modified":"2026-03-12T12:24:12","modified_gmt":"2026-03-12T11:24:12","slug":"gen-creatina-hcl-365-capsulas","status":"publish","type":"product","link":"https:\/\/dev.vitalstoffversand.com\/es\/producto\/gen-creatina-hcl-365-capsulas\/","title":{"rendered":"GEN <br>Creatina HCL &#8211; 365 c\u00e1psulas"},"content":{"rendered":"<p><a href=\"https:\/\/dev.vitalstoffversand.com\/knowledge-base\/creatin-kreatin\/\" target=\"_blank\" rel=\"noopener\"><strong><span style=\"color: #0000ff;\">\u2192 La creatina<\/span><\/strong><\/a> es uno de los suplementos m\u00e1s importantes o m\u00e1s utilizados en el deporte de competici\u00f3n.<\/p>\n<p>La creatina HCL (clorhidrato de creatina) es una creatina unida al \u00e1cido clorh\u00eddrico y est\u00e1 destinada a prevenir o reducir los posibles \u00abefectos secundarios\u00bb, como flatulencia o diarrea, que se producen en algunas personas cuando toman monohidrato de creatina.<\/p>\n<p>La forma de dosificaci\u00f3n de las c\u00e1psulas permite una buena y sencilla dosificaci\u00f3n, incluso cuando se viaja.<\/p>\n<ul>\n<li>Sin gluten<\/li>\n<li>Sin lactosa<\/li>\n<li>Sin OGM<\/li>\n<li>Fabricado seg\u00fan los estrictos est\u00e1ndares de calidad de la UE.<\/li>\n<\/ul>\n","protected":false},"excerpt":{"rendered":"<p>\u2192 La creatina es uno de los suplementos m\u00e1s importantes o m\u00e1s utilizados en el deporte de competici\u00f3n. La creatina HCL (clorhidrato de creatina) es una creatina unida al \u00e1cido clorh\u00eddrico y est\u00e1 destinada a prevenir o reducir los posibles \u00abefectos secundarios\u00bb, como flatulencia o diarrea, que se producen en algunas personas cuando toman monohidrato [&hellip;]<\/p>\n","protected":false},"featured_media":46512,"template":"","meta":{"_acf_changed":false},"product_brand":[10201],"product_cat":[351,363],"product_tag":[],"class_list":{"0":"post-64805","1":"product","2":"type-product","3":"status-publish","4":"has-post-thumbnail","6":"product_brand-gen-german-elite-nutrition-es","7":"product_cat-deporte-suplementario","8":"product_cat-productos-de-a-z","10":"first","11":"instock","12":"taxable","13":"shipping-taxable","14":"purchasable","15":"product-type-simple"},"acf":[],"_links":{"self":[{"href":"https:\/\/dev.vitalstoffversand.com\/es\/wp-json\/wp\/v2\/product\/64805","targetHints":{"allow":["GET"]}}],"collection":[{"href":"https:\/\/dev.vitalstoffversand.com\/es\/wp-json\/wp\/v2\/product"}],"about":[{"href":"https:\/\/dev.vitalstoffversand.com\/es\/wp-json\/wp\/v2\/types\/product"}],"wp:featuredmedia":[{"embeddable":true,"href":"https:\/\/dev.vitalstoffversand.com\/es\/wp-json\/wp\/v2\/media\/46512"}],"wp:attachment":[{"href":"https:\/\/dev.vitalstoffversand.com\/es\/wp-json\/wp\/v2\/media?parent=64805"}],"wp:term":[{"taxonomy":"product_brand","embeddable":true,"href":"https:\/\/dev.vitalstoffversand.com\/es\/wp-json\/wp\/v2\/product_brand?post=64805"},{"taxonomy":"product_cat","embeddable":true,"href":"https:\/\/dev.vitalstoffversand.com\/es\/wp-json\/wp\/v2\/product_cat?post=64805"},{"taxonomy":"product_tag","embeddable":true,"href":"https:\/\/dev.vitalstoffversand.com\/es\/wp-json\/wp\/v2\/product_tag?post=64805"}],"curies":[{"name":"wp","href":"https:\/\/api.w.org\/{rel}","templated":true}]}}