{"id":64799,"date":"2024-11-12T13:03:04","date_gmt":"2024-11-12T12:03:04","guid":{"rendered":"https:\/\/vitalstoffversand.com\/produkt\/gen-dextrina-ciclica-en-racimos-1000-g\/"},"modified":"2026-03-11T15:12:50","modified_gmt":"2026-03-11T14:12:50","slug":"gen-dextrina-ciclica-en-racimos-1000-g","status":"publish","type":"product","link":"https:\/\/dev.vitalstoffversand.com\/es\/producto\/gen-dextrina-ciclica-en-racimos-1000-g\/","title":{"rendered":"GEN <br>Dextrina c\u00edclica en racimos &#8211; 1000 g"},"content":{"rendered":"<p>La Cluster Dextrin\u00ae se libera lentamente en el organismo, por lo que se considera una fuente de carbohidratos suave.<\/p>\n<p>Interesante para todos aquellos que necesitan un aporte energ\u00e9tico continuo.<\/p>\n<p>El producto es f\u00e1cilmente soluble y se caracteriza por su baja osmolaridad.<\/p>\n<ul>\n<li>Vegano<\/li>\n<li>Sin gluten<\/li>\n<li>Sin lactosa<\/li>\n<li>Sin OGM<\/li>\n<li>Fabricado seg\u00fan los estrictos est\u00e1ndares de calidad de la UE.<\/li>\n<\/ul>\n","protected":false},"excerpt":{"rendered":"<p>La Cluster Dextrin\u00ae se libera lentamente en el organismo, por lo que se considera una fuente de carbohidratos suave. Interesante para todos aquellos que necesitan un aporte energ\u00e9tico continuo. El producto es f\u00e1cilmente soluble y se caracteriza por su baja osmolaridad. Vegano Sin gluten Sin lactosa Sin OGM Fabricado seg\u00fan los estrictos est\u00e1ndares de calidad [&hellip;]<\/p>\n","protected":false},"featured_media":45799,"template":"","meta":{"_acf_changed":false},"product_brand":[10201],"product_cat":[351,363],"product_tag":[],"class_list":{"0":"post-64799","1":"product","2":"type-product","3":"status-publish","4":"has-post-thumbnail","6":"product_brand-gen-german-elite-nutrition-es","7":"product_cat-deporte-suplementario","8":"product_cat-productos-de-a-z","10":"first","11":"instock","12":"taxable","13":"shipping-taxable","14":"purchasable","15":"product-type-simple"},"acf":[],"_links":{"self":[{"href":"https:\/\/dev.vitalstoffversand.com\/es\/wp-json\/wp\/v2\/product\/64799","targetHints":{"allow":["GET"]}}],"collection":[{"href":"https:\/\/dev.vitalstoffversand.com\/es\/wp-json\/wp\/v2\/product"}],"about":[{"href":"https:\/\/dev.vitalstoffversand.com\/es\/wp-json\/wp\/v2\/types\/product"}],"wp:featuredmedia":[{"embeddable":true,"href":"https:\/\/dev.vitalstoffversand.com\/es\/wp-json\/wp\/v2\/media\/45799"}],"wp:attachment":[{"href":"https:\/\/dev.vitalstoffversand.com\/es\/wp-json\/wp\/v2\/media?parent=64799"}],"wp:term":[{"taxonomy":"product_brand","embeddable":true,"href":"https:\/\/dev.vitalstoffversand.com\/es\/wp-json\/wp\/v2\/product_brand?post=64799"},{"taxonomy":"product_cat","embeddable":true,"href":"https:\/\/dev.vitalstoffversand.com\/es\/wp-json\/wp\/v2\/product_cat?post=64799"},{"taxonomy":"product_tag","embeddable":true,"href":"https:\/\/dev.vitalstoffversand.com\/es\/wp-json\/wp\/v2\/product_tag?post=64799"}],"curies":[{"name":"wp","href":"https:\/\/api.w.org\/{rel}","templated":true}]}}