{"id":64787,"date":"2025-10-01T13:58:24","date_gmt":"2025-10-01T11:58:24","guid":{"rendered":"https:\/\/vitalstoffversand.com\/produkt\/gen-cla-240-capsulas\/"},"modified":"2026-03-21T15:53:26","modified_gmt":"2026-03-21T14:53:26","slug":"gen-cla-240-capsulas","status":"publish","type":"product","link":"https:\/\/dev.vitalstoffversand.com\/es\/producto\/gen-cla-240-capsulas\/","title":{"rendered":"GEN <br>CLA &#8211; 240 c\u00e1psulas"},"content":{"rendered":"<p>El CLA (\u00e1cido linoleico conjugado) es una forma modificada del \u00e1cido linoleico y se encuentra entre los \u00e1cidos grasos esenciales, m\u00e1s concretamente entre los \u00e1cidos grasos omega 6.<\/p>\n<p>Nuestro cuerpo no puede producir este \u00e1cido graso por s\u00ed mismo, por lo que debe obtenerse a trav\u00e9s de la alimentaci\u00f3n.<\/p>\n<ul>\n<li>Sin gluten<\/li>\n<li>Sin lactosa<\/li>\n<li>Sin OGM<\/li>\n<li>Fabricado seg\u00fan los estrictos est\u00e1ndares de calidad de la UE.<\/li>\n<\/ul>\n","protected":false},"excerpt":{"rendered":"<p>El CLA (\u00e1cido linoleico conjugado) es una forma modificada del \u00e1cido linoleico y se encuentra entre los \u00e1cidos grasos esenciales, m\u00e1s concretamente entre los \u00e1cidos grasos omega 6. Nuestro cuerpo no puede producir este \u00e1cido graso por s\u00ed mismo, por lo que debe obtenerse a trav\u00e9s de la alimentaci\u00f3n. Sin gluten Sin lactosa Sin OGM [&hellip;]<\/p>\n","protected":false},"featured_media":44623,"template":"","meta":{"_acf_changed":false},"product_brand":[10201],"product_cat":[335,363],"product_tag":[],"class_list":{"0":"post-64787","1":"product","2":"type-product","3":"status-publish","4":"has-post-thumbnail","6":"product_brand-gen-german-elite-nutrition-es","7":"product_cat-acidos-grasos","8":"product_cat-productos-de-a-z","10":"first","11":"instock","12":"taxable","13":"shipping-taxable","14":"purchasable","15":"product-type-simple"},"acf":[],"_links":{"self":[{"href":"https:\/\/dev.vitalstoffversand.com\/es\/wp-json\/wp\/v2\/product\/64787","targetHints":{"allow":["GET"]}}],"collection":[{"href":"https:\/\/dev.vitalstoffversand.com\/es\/wp-json\/wp\/v2\/product"}],"about":[{"href":"https:\/\/dev.vitalstoffversand.com\/es\/wp-json\/wp\/v2\/types\/product"}],"wp:featuredmedia":[{"embeddable":true,"href":"https:\/\/dev.vitalstoffversand.com\/es\/wp-json\/wp\/v2\/media\/44623"}],"wp:attachment":[{"href":"https:\/\/dev.vitalstoffversand.com\/es\/wp-json\/wp\/v2\/media?parent=64787"}],"wp:term":[{"taxonomy":"product_brand","embeddable":true,"href":"https:\/\/dev.vitalstoffversand.com\/es\/wp-json\/wp\/v2\/product_brand?post=64787"},{"taxonomy":"product_cat","embeddable":true,"href":"https:\/\/dev.vitalstoffversand.com\/es\/wp-json\/wp\/v2\/product_cat?post=64787"},{"taxonomy":"product_tag","embeddable":true,"href":"https:\/\/dev.vitalstoffversand.com\/es\/wp-json\/wp\/v2\/product_tag?post=64787"}],"curies":[{"name":"wp","href":"https:\/\/api.w.org\/{rel}","templated":true}]}}