{"id":62694,"date":"2026-01-29T18:46:13","date_gmt":"2026-01-29T17:46:13","guid":{"rendered":"https:\/\/vitalstoffversand.com\/?post_type=product&#038;p=62694"},"modified":"2026-03-21T15:52:12","modified_gmt":"2026-03-21T14:52:12","slug":"natura-med-cascaras-de-psyllium-ecologicas-molidas-varias-cantidades-kopie","status":"publish","type":"product","link":"https:\/\/dev.vitalstoffversand.com\/es\/producto\/natura-med-cascaras-de-psyllium-ecologicas-molidas-varias-cantidades-kopie\/","title":{"rendered":"Natura Med <br>C\u00e1scara de psyllium org\u00e1nica molida &#8211; 500 g"},"content":{"rendered":"<p>La harina o polvo de c\u00e1scara de psilio ecol\u00f3gico es la forma m\u00e1s fina de c\u00e1scara de psilio.<\/p>\n<p>Las propiedades altamente hinchantes de este producto lo convierten en un apoyo ideal para una dieta o para la limpieza de colon y la rehabilitaci\u00f3n intestinal, as\u00ed como para el estre\u00f1imiento agudo.<\/p>\n<ul>\n<li>100 % natural &#8211; sin aditivos<\/li>\n<li>Vegano<\/li>\n<li>Sin gluten<\/li>\n<li>Sin lactosa<\/li>\n<li>Sin OGM<\/li>\n<li>Fabricado seg\u00fan los estrictos est\u00e1ndares de calidad de la UE.<\/li>\n<\/ul>\n","protected":false},"excerpt":{"rendered":"<p>La harina o polvo de c\u00e1scara de psilio ecol\u00f3gico es la forma m\u00e1s fina de c\u00e1scara de psilio. Las propiedades altamente hinchantes de este producto lo convierten en un apoyo ideal para una dieta o para la limpieza de colon y la rehabilitaci\u00f3n intestinal, as\u00ed como para el estre\u00f1imiento agudo. 100 % natural &#8211; sin [&hellip;]<\/p>\n","protected":false},"featured_media":40493,"template":"","meta":{"_acf_changed":false},"product_brand":[10205],"product_cat":[350,303,363],"product_tag":[],"class_list":{"0":"post-62694","1":"product","2":"type-product","3":"status-publish","4":"has-post-thumbnail","6":"product_brand-natura-med-es","7":"product_cat-nutrientes","8":"product_cat-ecologico","9":"product_cat-productos-de-a-z","11":"first","12":"instock","13":"taxable","14":"shipping-taxable","15":"purchasable","16":"product-type-simple"},"acf":[],"_links":{"self":[{"href":"https:\/\/dev.vitalstoffversand.com\/es\/wp-json\/wp\/v2\/product\/62694","targetHints":{"allow":["GET"]}}],"collection":[{"href":"https:\/\/dev.vitalstoffversand.com\/es\/wp-json\/wp\/v2\/product"}],"about":[{"href":"https:\/\/dev.vitalstoffversand.com\/es\/wp-json\/wp\/v2\/types\/product"}],"wp:featuredmedia":[{"embeddable":true,"href":"https:\/\/dev.vitalstoffversand.com\/es\/wp-json\/wp\/v2\/media\/40493"}],"wp:attachment":[{"href":"https:\/\/dev.vitalstoffversand.com\/es\/wp-json\/wp\/v2\/media?parent=62694"}],"wp:term":[{"taxonomy":"product_brand","embeddable":true,"href":"https:\/\/dev.vitalstoffversand.com\/es\/wp-json\/wp\/v2\/product_brand?post=62694"},{"taxonomy":"product_cat","embeddable":true,"href":"https:\/\/dev.vitalstoffversand.com\/es\/wp-json\/wp\/v2\/product_cat?post=62694"},{"taxonomy":"product_tag","embeddable":true,"href":"https:\/\/dev.vitalstoffversand.com\/es\/wp-json\/wp\/v2\/product_tag?post=62694"}],"curies":[{"name":"wp","href":"https:\/\/api.w.org\/{rel}","templated":true}]}}