{"id":565,"date":"2024-10-09T12:30:22","date_gmt":"2024-10-09T10:30:22","guid":{"rendered":"https:\/\/dev.vitalstoffversand.com\/?post_type=product&#038;p=565"},"modified":"2026-03-11T12:32:51","modified_gmt":"2026-03-11T11:32:51","slug":"natura-med-reishi-ecologico-en-polvo","status":"publish","type":"product","link":"https:\/\/dev.vitalstoffversand.com\/es\/producto\/natura-med-reishi-ecologico-en-polvo\/","title":{"rendered":"Natura Med <br>Seta de Reishi ecol\u00f3gica en polvo &#8211; 100 g"},"content":{"rendered":"<p>El hongo Reishi (Ganoderma lucidum) tambi\u00e9n se conoce como Ling Zi u hongo de laca brillante y se considera el rey de los hongos medicinales y vitalizantes.<\/p>\n<p>El hongo reishi contiene m\u00e1s de 400 sustancias bioactivas, entre ellas unos 140 triterpenos diferentes, 100 polisac\u00e1ridos distintos, as\u00ed como potasio, calcio, magnesio, selenio, zinc, hierro, cobre, vitaminas B1, B2, B3, B5 y D y todos los amino\u00e1cidos esenciales.<\/p>\n<p>En comparaci\u00f3n con muchos otros productos del mercado, nuestro polvo de setas se cultiva y procesa seg\u00fan las normas m\u00e1s estrictas.<\/p>\n<ul>\n<li>100 % natural &#8211; sin aditivos<\/li>\n<li>Vegano<\/li>\n<li>Sin gluten<\/li>\n<li>Sin lactosa<\/li>\n<li>Sin OGM<\/li>\n<li>Fabricado seg\u00fan los estrictos est\u00e1ndares de calidad de la UE.<\/li>\n<\/ul>\n","protected":false},"excerpt":{"rendered":"<p>El polvo de hongo reishi ecol\u00f3gico es un hongo medicinal muy apreciado tradicionalmente. Natural, vegano y procesado cuidadosamente para obtener la mejor calidad y una alta biodisponibilidad.<\/p>\n","protected":false},"featured_media":40302,"template":"","meta":{"_acf_changed":false},"product_brand":[10205],"product_cat":[371,303,363],"product_tag":[],"class_list":{"0":"post-565","1":"product","2":"type-product","3":"status-publish","4":"has-post-thumbnail","6":"product_brand-natura-med-es","7":"product_cat-setas-vitales","8":"product_cat-ecologico","9":"product_cat-productos-de-a-z","11":"first","12":"instock","13":"taxable","14":"shipping-taxable","15":"purchasable","16":"product-type-simple"},"acf":[],"_links":{"self":[{"href":"https:\/\/dev.vitalstoffversand.com\/es\/wp-json\/wp\/v2\/product\/565","targetHints":{"allow":["GET"]}}],"collection":[{"href":"https:\/\/dev.vitalstoffversand.com\/es\/wp-json\/wp\/v2\/product"}],"about":[{"href":"https:\/\/dev.vitalstoffversand.com\/es\/wp-json\/wp\/v2\/types\/product"}],"wp:featuredmedia":[{"embeddable":true,"href":"https:\/\/dev.vitalstoffversand.com\/es\/wp-json\/wp\/v2\/media\/40302"}],"wp:attachment":[{"href":"https:\/\/dev.vitalstoffversand.com\/es\/wp-json\/wp\/v2\/media?parent=565"}],"wp:term":[{"taxonomy":"product_brand","embeddable":true,"href":"https:\/\/dev.vitalstoffversand.com\/es\/wp-json\/wp\/v2\/product_brand?post=565"},{"taxonomy":"product_cat","embeddable":true,"href":"https:\/\/dev.vitalstoffversand.com\/es\/wp-json\/wp\/v2\/product_cat?post=565"},{"taxonomy":"product_tag","embeddable":true,"href":"https:\/\/dev.vitalstoffversand.com\/es\/wp-json\/wp\/v2\/product_tag?post=565"}],"curies":[{"name":"wp","href":"https:\/\/api.w.org\/{rel}","templated":true}]}}