{"id":43159,"date":"2024-11-09T17:25:14","date_gmt":"2024-11-09T16:25:14","guid":{"rendered":"https:\/\/vitalstoffversand.com\/produkt\/vit4ever-mejillon-de-labios-verdes-365-capsulas\/"},"modified":"2026-03-14T15:36:32","modified_gmt":"2026-03-14T14:36:32","slug":"vit4ever-mejillon-de-labios-verdes-365-capsulas","status":"publish","type":"product","link":"https:\/\/dev.vitalstoffversand.com\/es\/producto\/vit4ever-mejillon-de-labios-verdes-365-capsulas\/","title":{"rendered":"Vit4ever <br>Mejill\u00f3n de labios verdes &#8211; 365 c\u00e1psulas"},"content":{"rendered":"<p>El mejill\u00f3n de labios verdes (Perna Canaliculus) es rico en glucosaminoglucanos (GAG), N-acetilglucosamina, \u00e1cidos grasos omega 3, minerales y oligoelementos.<\/p>\n<ul>\n<li>Sin gluten<\/li>\n<li>Sin lactosa<\/li>\n<li>Sin OGM<\/li>\n<li>Fabricado seg\u00fan los estrictos est\u00e1ndares de calidad de la UE.<\/li>\n<\/ul>\n","protected":false},"excerpt":{"rendered":"<p>El mejill\u00f3n de labios verdes (Perna Canaliculus) es rico en glucosaminoglucanos (GAG), N-acetilglucosamina, \u00e1cidos grasos omega 3, minerales y oligoelementos. Sin gluten Sin lactosa Sin OGM Fabricado seg\u00fan los estrictos est\u00e1ndares de calidad de la UE.<\/p>\n","protected":false},"featured_media":50808,"template":"","meta":{"_acf_changed":false},"product_brand":[10219],"product_cat":[350,363],"product_tag":[],"class_list":{"0":"post-43159","1":"product","2":"type-product","3":"status-publish","4":"has-post-thumbnail","6":"product_brand-vit4ever-es","7":"product_cat-nutrientes","8":"product_cat-productos-de-a-z","10":"first","11":"instock","12":"taxable","13":"shipping-taxable","14":"purchasable","15":"product-type-simple"},"acf":[],"_links":{"self":[{"href":"https:\/\/dev.vitalstoffversand.com\/es\/wp-json\/wp\/v2\/product\/43159","targetHints":{"allow":["GET"]}}],"collection":[{"href":"https:\/\/dev.vitalstoffversand.com\/es\/wp-json\/wp\/v2\/product"}],"about":[{"href":"https:\/\/dev.vitalstoffversand.com\/es\/wp-json\/wp\/v2\/types\/product"}],"wp:featuredmedia":[{"embeddable":true,"href":"https:\/\/dev.vitalstoffversand.com\/es\/wp-json\/wp\/v2\/media\/50808"}],"wp:attachment":[{"href":"https:\/\/dev.vitalstoffversand.com\/es\/wp-json\/wp\/v2\/media?parent=43159"}],"wp:term":[{"taxonomy":"product_brand","embeddable":true,"href":"https:\/\/dev.vitalstoffversand.com\/es\/wp-json\/wp\/v2\/product_brand?post=43159"},{"taxonomy":"product_cat","embeddable":true,"href":"https:\/\/dev.vitalstoffversand.com\/es\/wp-json\/wp\/v2\/product_cat?post=43159"},{"taxonomy":"product_tag","embeddable":true,"href":"https:\/\/dev.vitalstoffversand.com\/es\/wp-json\/wp\/v2\/product_tag?post=43159"}],"curies":[{"name":"wp","href":"https:\/\/api.w.org\/{rel}","templated":true}]}}