{"id":27167,"date":"2024-11-11T17:51:46","date_gmt":"2024-11-11T16:51:46","guid":{"rendered":"https:\/\/vitalstoffversand.com\/produkt\/vit4ever-complejo-de-setas-180-capsulas\/"},"modified":"2026-03-16T11:54:26","modified_gmt":"2026-03-16T10:54:26","slug":"vit4ever-complejo-de-setas-180-capsulas","status":"publish","type":"product","link":"https:\/\/dev.vitalstoffversand.com\/es\/producto\/vit4ever-complejo-de-setas-180-capsulas\/","title":{"rendered":"Vit4ever <br>Complejo de setas &#8211; 180 c\u00e1psulas"},"content":{"rendered":"<p>Mezcla de extractos de cuerpos fruct\u00edferos de los hongos medicinales Agaricus Blazei murill, Cordyceps sinensis, Hericium erinaceus, Reishi y Shiitake.<\/p>\n<p>Contiene 240 mg de polisac\u00e1ridos bioactivos por c\u00e1psula.<\/p>\n<p>\u00bfPersigue objetivos espec\u00edficos con los hongos medicinales?<\/p>\n<p>A continuaci\u00f3n, p\u00f3ngase en contacto con nuestro micoterapeuta de Vitalstoff Versand o con otro experto para que pueda utilizar las setas medicinales m\u00e1s adecuadas para usted.<\/p>\n<ul>\n<li>Vegano<\/li>\n<li>Sin gluten<\/li>\n<li>Sin lactosa<\/li>\n<li>Sin OGM<\/li>\n<li>Fabricado seg\u00fan los estrictos est\u00e1ndares de calidad de la UE.<\/li>\n<\/ul>\n","protected":false},"excerpt":{"rendered":"<p>Mezcla de extractos de cuerpos fruct\u00edferos de los hongos medicinales Agaricus Blazei murill, Cordyceps sinensis, Hericium erinaceus, Reishi y Shiitake. Contiene 240 mg de polisac\u00e1ridos bioactivos por c\u00e1psula. \u00bfPersigue objetivos espec\u00edficos con los hongos medicinales? A continuaci\u00f3n, p\u00f3ngase en contacto con nuestro micoterapeuta de Vitalstoff Versand o con otro experto para que pueda utilizar las [&hellip;]<\/p>\n","protected":false},"featured_media":54763,"template":"","meta":{"_acf_changed":false},"product_brand":[10219],"product_cat":[371,363],"product_tag":[],"class_list":{"0":"post-27167","1":"product","2":"type-product","3":"status-publish","4":"has-post-thumbnail","6":"product_brand-vit4ever-es","7":"product_cat-setas-vitales","8":"product_cat-productos-de-a-z","10":"first","11":"instock","12":"taxable","13":"shipping-taxable","14":"purchasable","15":"product-type-simple"},"acf":[],"_links":{"self":[{"href":"https:\/\/dev.vitalstoffversand.com\/es\/wp-json\/wp\/v2\/product\/27167","targetHints":{"allow":["GET"]}}],"collection":[{"href":"https:\/\/dev.vitalstoffversand.com\/es\/wp-json\/wp\/v2\/product"}],"about":[{"href":"https:\/\/dev.vitalstoffversand.com\/es\/wp-json\/wp\/v2\/types\/product"}],"wp:featuredmedia":[{"embeddable":true,"href":"https:\/\/dev.vitalstoffversand.com\/es\/wp-json\/wp\/v2\/media\/54763"}],"wp:attachment":[{"href":"https:\/\/dev.vitalstoffversand.com\/es\/wp-json\/wp\/v2\/media?parent=27167"}],"wp:term":[{"taxonomy":"product_brand","embeddable":true,"href":"https:\/\/dev.vitalstoffversand.com\/es\/wp-json\/wp\/v2\/product_brand?post=27167"},{"taxonomy":"product_cat","embeddable":true,"href":"https:\/\/dev.vitalstoffversand.com\/es\/wp-json\/wp\/v2\/product_cat?post=27167"},{"taxonomy":"product_tag","embeddable":true,"href":"https:\/\/dev.vitalstoffversand.com\/es\/wp-json\/wp\/v2\/product_tag?post=27167"}],"curies":[{"name":"wp","href":"https:\/\/api.w.org\/{rel}","templated":true}]}}