{"id":27125,"date":"2024-11-11T15:24:51","date_gmt":"2024-11-11T14:24:51","guid":{"rendered":"https:\/\/vitalstoffversand.com\/produkt\/vit4ever-complejo-liposomal-de-vitamina-c-240-capsulas\/"},"modified":"2026-03-15T18:53:21","modified_gmt":"2026-03-15T17:53:21","slug":"vit4ever-complejo-liposomal-de-vitamina-c-240-capsulas","status":"publish","type":"product","link":"https:\/\/dev.vitalstoffversand.com\/es\/producto\/vit4ever-complejo-liposomal-de-vitamina-c-240-capsulas\/","title":{"rendered":"Vit4ever <br>Complejo liposomal de vitamina C &#8211; 240 c\u00e1psulas"},"content":{"rendered":"<p><a href=\"https:\/\/dev.vitalstoffversand.com\/knowledge-base\/vitamin-c\/\" target=\"_blank\" rel=\"noopener\"><span style=\"color: #0000ff;\"><strong>\u2192 La vitamina C<\/strong><\/span><\/a> es una de las vitaminas m\u00e1s conocidas e importantes que debemos obtener de nuestra dieta.<\/p>\n<p>La combinaci\u00f3n con fosfol\u00edpidos naturales liposolubles y palmitato de ascorbilo (\u00e9ster C) como forma liposoluble de vitamina C mejora enormemente la absorci\u00f3n en el intestino.<\/p>\n<ul>\n<li>Vegano<\/li>\n<li>Sin gluten<\/li>\n<li>Sin lactosa<\/li>\n<li>Sin OGM<\/li>\n<li>Fabricado seg\u00fan los estrictos est\u00e1ndares de calidad de la UE.<\/li>\n<\/ul>\n","protected":false},"excerpt":{"rendered":"<p>\u2192 La vitamina C es una de las vitaminas m\u00e1s conocidas e importantes que debemos obtener de nuestra dieta. La combinaci\u00f3n con fosfol\u00edpidos naturales liposolubles y palmitato de ascorbilo (\u00e9ster C) como forma liposoluble de vitamina C mejora enormemente la absorci\u00f3n en el intestino. Vegano Sin gluten Sin lactosa Sin OGM Fabricado seg\u00fan los estrictos [&hellip;]<\/p>\n","protected":false},"featured_media":53971,"template":"","meta":{"_acf_changed":false},"product_brand":[10219],"product_cat":[310,363],"product_tag":[],"class_list":{"0":"post-27125","1":"product","2":"type-product","3":"status-publish","4":"has-post-thumbnail","6":"product_brand-vit4ever-es","7":"product_cat-vitaminas","8":"product_cat-productos-de-a-z","10":"first","11":"instock","12":"taxable","13":"shipping-taxable","14":"purchasable","15":"product-type-simple"},"acf":[],"_links":{"self":[{"href":"https:\/\/dev.vitalstoffversand.com\/es\/wp-json\/wp\/v2\/product\/27125","targetHints":{"allow":["GET"]}}],"collection":[{"href":"https:\/\/dev.vitalstoffversand.com\/es\/wp-json\/wp\/v2\/product"}],"about":[{"href":"https:\/\/dev.vitalstoffversand.com\/es\/wp-json\/wp\/v2\/types\/product"}],"wp:featuredmedia":[{"embeddable":true,"href":"https:\/\/dev.vitalstoffversand.com\/es\/wp-json\/wp\/v2\/media\/53971"}],"wp:attachment":[{"href":"https:\/\/dev.vitalstoffversand.com\/es\/wp-json\/wp\/v2\/media?parent=27125"}],"wp:term":[{"taxonomy":"product_brand","embeddable":true,"href":"https:\/\/dev.vitalstoffversand.com\/es\/wp-json\/wp\/v2\/product_brand?post=27125"},{"taxonomy":"product_cat","embeddable":true,"href":"https:\/\/dev.vitalstoffversand.com\/es\/wp-json\/wp\/v2\/product_cat?post=27125"},{"taxonomy":"product_tag","embeddable":true,"href":"https:\/\/dev.vitalstoffversand.com\/es\/wp-json\/wp\/v2\/product_tag?post=27125"}],"curies":[{"name":"wp","href":"https:\/\/api.w.org\/{rel}","templated":true}]}}