{"id":27047,"date":"2024-11-11T14:44:23","date_gmt":"2024-11-11T13:44:23","guid":{"rendered":"https:\/\/vitalstoffversand.com\/produkt\/vit4ever-complejo-de-hialuron-colageno-240-capsulas\/"},"modified":"2026-03-15T18:00:50","modified_gmt":"2026-03-15T17:00:50","slug":"vit4ever-complejo-de-hialuron-colageno-240-capsulas","status":"publish","type":"product","link":"https:\/\/dev.vitalstoffversand.com\/es\/producto\/vit4ever-complejo-de-hialuron-colageno-240-capsulas\/","title":{"rendered":"Vit4ever <br>Complejo de Hialur\u00f3n + Col\u00e1geno &#8211; 240 c\u00e1psulas"},"content":{"rendered":"<p>Preparado combinado de hialur\u00f3n y col\u00e1geno en combinaci\u00f3n con otras vitaminas, minerales y oligoelementos.<\/p>\n<p>El col\u00e1geno es la prote\u00edna estructural del tejido conjuntivo, mientras que el \u00e1cido hialur\u00f3nico (aqu\u00ed en un tama\u00f1o molecular \u00f3ptimo de 500-700 kDA) se encuentra principalmente en el tejido conjuntivo y en la piel.<\/p>\n<p>Al enriquecer el complejo hialur\u00f3nico-col\u00e1geno con biotina, selenio, zinc, extracto de acerola (vitamina C) y extracto de bamb\u00fa rico en silicio, este producto se redondea por completo.<\/p>\n<p>Los minerales selenio, zinc y biotina contribuyen al mantenimiento del cabello, las u\u00f1as y la piel en condiciones normales, as\u00ed como al crecimiento normal del pelo.<br \/>\n(Reglamento CE n\u00ba 1924\/2006 sobre declaraciones de propiedades saludables de la Uni\u00f3n Europea)<\/p>\n<ul>\n<li>Sin gluten<\/li>\n<li>Sin lactosa<\/li>\n<li>Sin OGM<\/li>\n<li>Fabricado seg\u00fan los estrictos est\u00e1ndares de calidad de la UE.<\/li>\n<\/ul>\n","protected":false},"excerpt":{"rendered":"<p>Preparado combinado de hialur\u00f3n y col\u00e1geno en combinaci\u00f3n con otras vitaminas, minerales y oligoelementos. El col\u00e1geno es la prote\u00edna estructural del tejido conjuntivo, mientras que el \u00e1cido hialur\u00f3nico (aqu\u00ed en un tama\u00f1o molecular \u00f3ptimo de 500-700 kDA) se encuentra principalmente en el tejido conjuntivo y en la piel. Al enriquecer el complejo hialur\u00f3nico-col\u00e1geno con biotina, [&hellip;]<\/p>\n","protected":false},"featured_media":53507,"template":"","meta":{"_acf_changed":false},"product_brand":[10219],"product_cat":[343,363],"product_tag":[],"class_list":{"0":"post-27047","1":"product","2":"type-product","3":"status-publish","4":"has-post-thumbnail","6":"product_brand-vit4ever-es","7":"product_cat-proteinas","8":"product_cat-productos-de-a-z","10":"first","11":"instock","12":"taxable","13":"shipping-taxable","14":"purchasable","15":"product-type-simple"},"acf":[],"_links":{"self":[{"href":"https:\/\/dev.vitalstoffversand.com\/es\/wp-json\/wp\/v2\/product\/27047","targetHints":{"allow":["GET"]}}],"collection":[{"href":"https:\/\/dev.vitalstoffversand.com\/es\/wp-json\/wp\/v2\/product"}],"about":[{"href":"https:\/\/dev.vitalstoffversand.com\/es\/wp-json\/wp\/v2\/types\/product"}],"wp:featuredmedia":[{"embeddable":true,"href":"https:\/\/dev.vitalstoffversand.com\/es\/wp-json\/wp\/v2\/media\/53507"}],"wp:attachment":[{"href":"https:\/\/dev.vitalstoffversand.com\/es\/wp-json\/wp\/v2\/media?parent=27047"}],"wp:term":[{"taxonomy":"product_brand","embeddable":true,"href":"https:\/\/dev.vitalstoffversand.com\/es\/wp-json\/wp\/v2\/product_brand?post=27047"},{"taxonomy":"product_cat","embeddable":true,"href":"https:\/\/dev.vitalstoffversand.com\/es\/wp-json\/wp\/v2\/product_cat?post=27047"},{"taxonomy":"product_tag","embeddable":true,"href":"https:\/\/dev.vitalstoffversand.com\/es\/wp-json\/wp\/v2\/product_tag?post=27047"}],"curies":[{"name":"wp","href":"https:\/\/api.w.org\/{rel}","templated":true}]}}