{"id":27011,"date":"2024-11-11T14:28:54","date_gmt":"2024-11-11T13:28:54","guid":{"rendered":"https:\/\/vitalstoffversand.com\/produkt\/vit4ever-hierba-de-cebada-ecologica-365-capsulas\/"},"modified":"2026-03-15T17:44:35","modified_gmt":"2026-03-15T16:44:35","slug":"vit4ever-hierba-de-cebada-ecologica-365-capsulas","status":"publish","type":"product","link":"https:\/\/dev.vitalstoffversand.com\/es\/producto\/vit4ever-hierba-de-cebada-ecologica-365-capsulas\/","title":{"rendered":"Vit4ever <br>Hierba de cebada ecol\u00f3gica &#8211; 365 c\u00e1psulas"},"content":{"rendered":"<p>La cebada forrajera ecol\u00f3gica en polvo se tolera muy bien y se elabora a partir de tallos j\u00f3venes y frescos, que tienen un contenido en nutrientes especialmente elevado.<\/p>\n<p>En comparaci\u00f3n con el zumo de hierba de cebada, otros cereales o legumbres, el polvo de Gestengras tiene un contenido muy alto en fibra, por lo que puede tener un efecto positivo en la digesti\u00f3n.<\/p>\n<ul>\n<li>Vegano<\/li>\n<li>Sin gluten<\/li>\n<li>Sin lactosa<\/li>\n<li>Sin OGM<\/li>\n<li>Fabricado seg\u00fan los estrictos est\u00e1ndares de calidad de la UE.<\/li>\n<\/ul>\n","protected":false},"excerpt":{"rendered":"<p>La cebada forrajera ecol\u00f3gica en polvo se tolera muy bien y se elabora a partir de tallos j\u00f3venes y frescos, que tienen un contenido en nutrientes especialmente elevado. En comparaci\u00f3n con el zumo de hierba de cebada, otros cereales o legumbres, el polvo de Gestengras tiene un contenido muy alto en fibra, por lo que [&hellip;]<\/p>\n","protected":false},"featured_media":53107,"template":"","meta":{"_acf_changed":false},"product_brand":[10219],"product_cat":[350,303,363],"product_tag":[],"class_list":{"0":"post-27011","1":"product","2":"type-product","3":"status-publish","4":"has-post-thumbnail","6":"product_brand-vit4ever-es","7":"product_cat-nutrientes","8":"product_cat-ecologico","9":"product_cat-productos-de-a-z","11":"first","12":"instock","13":"taxable","14":"shipping-taxable","15":"purchasable","16":"product-type-simple"},"acf":[],"_links":{"self":[{"href":"https:\/\/dev.vitalstoffversand.com\/es\/wp-json\/wp\/v2\/product\/27011","targetHints":{"allow":["GET"]}}],"collection":[{"href":"https:\/\/dev.vitalstoffversand.com\/es\/wp-json\/wp\/v2\/product"}],"about":[{"href":"https:\/\/dev.vitalstoffversand.com\/es\/wp-json\/wp\/v2\/types\/product"}],"wp:featuredmedia":[{"embeddable":true,"href":"https:\/\/dev.vitalstoffversand.com\/es\/wp-json\/wp\/v2\/media\/53107"}],"wp:attachment":[{"href":"https:\/\/dev.vitalstoffversand.com\/es\/wp-json\/wp\/v2\/media?parent=27011"}],"wp:term":[{"taxonomy":"product_brand","embeddable":true,"href":"https:\/\/dev.vitalstoffversand.com\/es\/wp-json\/wp\/v2\/product_brand?post=27011"},{"taxonomy":"product_cat","embeddable":true,"href":"https:\/\/dev.vitalstoffversand.com\/es\/wp-json\/wp\/v2\/product_cat?post=27011"},{"taxonomy":"product_tag","embeddable":true,"href":"https:\/\/dev.vitalstoffversand.com\/es\/wp-json\/wp\/v2\/product_tag?post=27011"}],"curies":[{"name":"wp","href":"https:\/\/api.w.org\/{rel}","templated":true}]}}