{"id":27005,"date":"2025-01-02T17:49:49","date_gmt":"2025-01-02T16:49:49","guid":{"rendered":"https:\/\/vitalstoffversand.com\/produkt\/vit4ever-mantequilla-de-almendra-blanca-1000-g\/"},"modified":"2026-03-15T17:28:59","modified_gmt":"2026-03-15T16:28:59","slug":"vit4ever-mantequilla-de-almendra-blanca-1000-g","status":"publish","type":"product","link":"https:\/\/dev.vitalstoffversand.com\/es\/producto\/vit4ever-mantequilla-de-almendra-blanca-1000-g\/","title":{"rendered":"Vit4ever <br>Mantequilla de almendra blanca &#8211; 1000 g"},"content":{"rendered":"<p>La Mantequilla Blanca de Almendras Suave est\u00e1 compuesta al 100% de almendras tostadas y blanqueadas, y tiene un sabor natural.<\/p>\n<p>Adem\u00e1s de un contenido prote\u00ednico del 25% y 8,5 gramos de fibra por cada 100 gramos, tambi\u00e9n aporta valiosas vitaminas y minerales.<\/p>\n<p>Para untar o refinar postres y productos de pasteler\u00eda.<\/p>\n<p>Nota: Es normal que el aceite flote en la superficie de este producto. Basta con removerlo un poco para recuperar su textura cremosa. <\/p>\n<ul>\n<li>vegano<\/li>\n<li>Sin gluten<\/li>\n<li>Sin az\u00facar, aceite de palma ni sal a\u00f1adidos<\/li>\n<\/ul>\n","protected":false},"excerpt":{"rendered":"<p>La Mantequilla Blanca de Almendras Suave est\u00e1 compuesta al 100% de almendras tostadas y blanqueadas, y tiene un sabor natural. Adem\u00e1s de un contenido prote\u00ednico del 25% y 8,5 gramos de fibra por cada 100 gramos, tambi\u00e9n aporta valiosas vitaminas y minerales. Para untar o refinar postres y productos de pasteler\u00eda. Nota: Es normal que [&hellip;]<\/p>\n","protected":false},"featured_media":53027,"template":"","meta":{"_acf_changed":false},"product_brand":[10219],"product_cat":[327,363],"product_tag":[],"class_list":{"0":"post-27005","1":"product","2":"type-product","3":"status-publish","4":"has-post-thumbnail","6":"product_brand-vit4ever-es","7":"product_cat-cocinar-y-picar","8":"product_cat-productos-de-a-z","10":"first","11":"outofstock","12":"taxable","13":"shipping-taxable","14":"purchasable","15":"product-type-simple"},"acf":[],"_links":{"self":[{"href":"https:\/\/dev.vitalstoffversand.com\/es\/wp-json\/wp\/v2\/product\/27005","targetHints":{"allow":["GET"]}}],"collection":[{"href":"https:\/\/dev.vitalstoffversand.com\/es\/wp-json\/wp\/v2\/product"}],"about":[{"href":"https:\/\/dev.vitalstoffversand.com\/es\/wp-json\/wp\/v2\/types\/product"}],"wp:featuredmedia":[{"embeddable":true,"href":"https:\/\/dev.vitalstoffversand.com\/es\/wp-json\/wp\/v2\/media\/53027"}],"wp:attachment":[{"href":"https:\/\/dev.vitalstoffversand.com\/es\/wp-json\/wp\/v2\/media?parent=27005"}],"wp:term":[{"taxonomy":"product_brand","embeddable":true,"href":"https:\/\/dev.vitalstoffversand.com\/es\/wp-json\/wp\/v2\/product_brand?post=27005"},{"taxonomy":"product_cat","embeddable":true,"href":"https:\/\/dev.vitalstoffversand.com\/es\/wp-json\/wp\/v2\/product_cat?post=27005"},{"taxonomy":"product_tag","embeddable":true,"href":"https:\/\/dev.vitalstoffversand.com\/es\/wp-json\/wp\/v2\/product_tag?post=27005"}],"curies":[{"name":"wp","href":"https:\/\/api.w.org\/{rel}","templated":true}]}}