{"id":26924,"date":"2024-11-11T13:58:54","date_gmt":"2024-11-11T12:58:54","guid":{"rendered":"https:\/\/vitalstoffversand.com\/produkt\/vit4ever-proteina-de-guisante-1100-g\/"},"modified":"2026-03-15T16:45:10","modified_gmt":"2026-03-15T15:45:10","slug":"vit4ever-proteina-de-guisante-1100-g","status":"publish","type":"product","link":"https:\/\/dev.vitalstoffversand.com\/es\/producto\/vit4ever-proteina-de-guisante-1100-g\/","title":{"rendered":"Vit4ever <br>Prote\u00edna de guisante &#8211; 1000 g"},"content":{"rendered":"<p>La prote\u00edna de guisante es una alternativa 100% vegetal y, por tanto, vegana a la prote\u00edna de suero.<\/p>\n<p>La prote\u00edna de guisante ofrece un alto contenido proteico del 87% de prote\u00edna total con un alto contenido de m\u00e1s del 7% de arginina y el 6% de lisina y tambi\u00e9n contiene una gran cantidad de hierro natural, f\u00f3sforo y calcio.<\/p>\n<ul>\n<li>Vegano<\/li>\n<li>Sin gluten<\/li>\n<li>Sin lactosa<\/li>\n<li>Sin OGM<\/li>\n<li>Fabricado seg\u00fan los estrictos est\u00e1ndares de calidad de la UE.<\/li>\n<\/ul>\n","protected":false},"excerpt":{"rendered":"<p>La prote\u00edna de guisante es una alternativa 100% vegetal y, por tanto, vegana a la prote\u00edna de suero. La prote\u00edna de guisante ofrece un alto contenido proteico del 87% de prote\u00edna total con un alto contenido de m\u00e1s del 7% de arginina y el 6% de lisina y tambi\u00e9n contiene una gran cantidad de hierro [&hellip;]<\/p>\n","protected":false},"featured_media":63430,"template":"","meta":{"_acf_changed":false},"product_brand":[10219],"product_cat":[343,363],"product_tag":[],"class_list":{"0":"post-26924","1":"product","2":"type-product","3":"status-publish","4":"has-post-thumbnail","6":"product_brand-vit4ever-es","7":"product_cat-proteinas","8":"product_cat-productos-de-a-z","10":"first","11":"instock","12":"taxable","13":"shipping-taxable","14":"purchasable","15":"product-type-simple"},"acf":[],"_links":{"self":[{"href":"https:\/\/dev.vitalstoffversand.com\/es\/wp-json\/wp\/v2\/product\/26924","targetHints":{"allow":["GET"]}}],"collection":[{"href":"https:\/\/dev.vitalstoffversand.com\/es\/wp-json\/wp\/v2\/product"}],"about":[{"href":"https:\/\/dev.vitalstoffversand.com\/es\/wp-json\/wp\/v2\/types\/product"}],"wp:featuredmedia":[{"embeddable":true,"href":"https:\/\/dev.vitalstoffversand.com\/es\/wp-json\/wp\/v2\/media\/63430"}],"wp:attachment":[{"href":"https:\/\/dev.vitalstoffversand.com\/es\/wp-json\/wp\/v2\/media?parent=26924"}],"wp:term":[{"taxonomy":"product_brand","embeddable":true,"href":"https:\/\/dev.vitalstoffversand.com\/es\/wp-json\/wp\/v2\/product_brand?post=26924"},{"taxonomy":"product_cat","embeddable":true,"href":"https:\/\/dev.vitalstoffversand.com\/es\/wp-json\/wp\/v2\/product_cat?post=26924"},{"taxonomy":"product_tag","embeddable":true,"href":"https:\/\/dev.vitalstoffversand.com\/es\/wp-json\/wp\/v2\/product_tag?post=26924"}],"curies":[{"name":"wp","href":"https:\/\/api.w.org\/{rel}","templated":true}]}}