{"id":26833,"date":"2024-11-10T15:23:34","date_gmt":"2024-11-10T14:23:34","guid":{"rendered":"https:\/\/vitalstoffversand.com\/produkt\/vit4ever-extracto-de-ashwagandha-intenso-180-capsulas\/"},"modified":"2026-03-14T18:08:58","modified_gmt":"2026-03-14T17:08:58","slug":"vit4ever-extracto-de-ashwagandha-intenso-180-capsulas","status":"publish","type":"product","link":"https:\/\/dev.vitalstoffversand.com\/es\/producto\/vit4ever-extracto-de-ashwagandha-intenso-180-capsulas\/","title":{"rendered":"Vit4ever <br>Extracto de Ashwagandha Intenso &#8211; 180 c\u00e1psulas"},"content":{"rendered":"<p>Ashwagandha (Withania somnifera) con un 10% de withan\u00f3lidos y diversos alcaloides.<\/p>\n<p>La ra\u00edz se utiliza desde hace cientos de a\u00f1os en la medicina tradicional china, en el Ayurveda y tambi\u00e9n en \u00c1frica, y suele ser un ingrediente de los suplementos diet\u00e9ticos para mejorar el sue\u00f1o o tratar el estr\u00e9s.<\/p>\n<ul>\n<li>Vegano<\/li>\n<li>Sin gluten<\/li>\n<li>Sin lactosa<\/li>\n<li>Sin OGM<\/li>\n<li>Fabricado seg\u00fan los estrictos est\u00e1ndares de calidad de la UE.<\/li>\n<\/ul>\n","protected":false},"excerpt":{"rendered":"<p>Ashwagandha (Withania somnifera) con un 10% de withan\u00f3lidos y diversos alcaloides. La ra\u00edz se utiliza desde hace cientos de a\u00f1os en la medicina tradicional china, en el Ayurveda y tambi\u00e9n en \u00c1frica, y suele ser un ingrediente de los suplementos diet\u00e9ticos para mejorar el sue\u00f1o o tratar el estr\u00e9s. Vegano Sin gluten Sin lactosa Sin [&hellip;]<\/p>\n","protected":false},"featured_media":51714,"template":"","meta":{"_acf_changed":false},"product_brand":[10219],"product_cat":[350,363],"product_tag":[],"class_list":{"0":"post-26833","1":"product","2":"type-product","3":"status-publish","4":"has-post-thumbnail","6":"product_brand-vit4ever-es","7":"product_cat-nutrientes","8":"product_cat-productos-de-a-z","10":"first","11":"instock","12":"taxable","13":"shipping-taxable","14":"purchasable","15":"product-type-simple"},"acf":[],"_links":{"self":[{"href":"https:\/\/dev.vitalstoffversand.com\/es\/wp-json\/wp\/v2\/product\/26833","targetHints":{"allow":["GET"]}}],"collection":[{"href":"https:\/\/dev.vitalstoffversand.com\/es\/wp-json\/wp\/v2\/product"}],"about":[{"href":"https:\/\/dev.vitalstoffversand.com\/es\/wp-json\/wp\/v2\/types\/product"}],"wp:featuredmedia":[{"embeddable":true,"href":"https:\/\/dev.vitalstoffversand.com\/es\/wp-json\/wp\/v2\/media\/51714"}],"wp:attachment":[{"href":"https:\/\/dev.vitalstoffversand.com\/es\/wp-json\/wp\/v2\/media?parent=26833"}],"wp:term":[{"taxonomy":"product_brand","embeddable":true,"href":"https:\/\/dev.vitalstoffversand.com\/es\/wp-json\/wp\/v2\/product_brand?post=26833"},{"taxonomy":"product_cat","embeddable":true,"href":"https:\/\/dev.vitalstoffversand.com\/es\/wp-json\/wp\/v2\/product_cat?post=26833"},{"taxonomy":"product_tag","embeddable":true,"href":"https:\/\/dev.vitalstoffversand.com\/es\/wp-json\/wp\/v2\/product_tag?post=26833"}],"curies":[{"name":"wp","href":"https:\/\/api.w.org\/{rel}","templated":true}]}}