{"id":26832,"date":"2024-11-10T15:21:50","date_gmt":"2024-11-10T14:21:50","guid":{"rendered":"https:\/\/vitalstoffversand.com\/produkt\/vit4ever-reishi-intenso-extracto-180-capsulas\/"},"modified":"2026-03-14T18:08:10","modified_gmt":"2026-03-14T17:08:10","slug":"vit4ever-reishi-intenso-extracto-180-capsulas","status":"publish","type":"product","link":"https:\/\/dev.vitalstoffversand.com\/es\/producto\/vit4ever-reishi-intenso-extracto-180-capsulas\/","title":{"rendered":"Vit4ever <br>Extracto de Reishi Intenso &#8211; 270 c\u00e1psulas"},"content":{"rendered":"<p>Extracto de alta dosis de reishi (lat. Ganoderma lucidum) con un contenido de polisac\u00e1ridos del 40%.<\/p>\n<p>El hongo reishi se ha utilizado con muchos fines durante m\u00e1s de 4000 a\u00f1os y ofrece una amplia gama de aplicaciones.<\/p>\n<p>Los extractos de setas tienen una mayor proporci\u00f3n de polisac\u00e1ridos que el polvo de setas enteras, pero en el proceso de extracci\u00f3n se pierden otros valiosos ingredientes de la seta.<\/p>\n<p>Por lo tanto, recomendamos tomar extractos de hongo reishi junto con <a href=\"https:\/\/dev.vitalstoffversand.com\/produkt\/natura-med-bio-reishi-pilzpulver-100-g\/\" target=\"_blank\" rel=\"noopener\"><span style=\"color: #0000ff;\"><u>Natura Med Organic Reishi Mushroom Powder<\/u><\/span><\/a>, por ejemplo, con el fin de utilizar el otro espectro de ingredientes del hongo entero, adem\u00e1s de la alta proporci\u00f3n de polisac\u00e1ridos del extracto.<\/p>\n<ul>\n<li>Vegano<\/li>\n<li>Sin gluten<\/li>\n<li>Sin lactosa<\/li>\n<li>Sin OGM<\/li>\n<li>Fabricado seg\u00fan los estrictos est\u00e1ndares de calidad de la UE.<\/li>\n<\/ul>\n","protected":false},"excerpt":{"rendered":"<p>Extracto de alta dosis de reishi (lat. Ganoderma lucidum) con un contenido de polisac\u00e1ridos del 40%. El hongo reishi se ha utilizado con muchos fines durante m\u00e1s de 4000 a\u00f1os y ofrece una amplia gama de aplicaciones. Los extractos de setas tienen una mayor proporci\u00f3n de polisac\u00e1ridos que el polvo de setas enteras, pero en [&hellip;]<\/p>\n","protected":false},"featured_media":51690,"template":"","meta":{"_acf_changed":false},"product_brand":[10219],"product_cat":[371],"product_tag":[],"class_list":{"0":"post-26832","1":"product","2":"type-product","3":"status-publish","4":"has-post-thumbnail","6":"product_brand-vit4ever-es","7":"product_cat-setas-vitales","9":"first","10":"instock","11":"taxable","12":"shipping-taxable","13":"purchasable","14":"product-type-simple"},"acf":[],"_links":{"self":[{"href":"https:\/\/dev.vitalstoffversand.com\/es\/wp-json\/wp\/v2\/product\/26832","targetHints":{"allow":["GET"]}}],"collection":[{"href":"https:\/\/dev.vitalstoffversand.com\/es\/wp-json\/wp\/v2\/product"}],"about":[{"href":"https:\/\/dev.vitalstoffversand.com\/es\/wp-json\/wp\/v2\/types\/product"}],"wp:featuredmedia":[{"embeddable":true,"href":"https:\/\/dev.vitalstoffversand.com\/es\/wp-json\/wp\/v2\/media\/51690"}],"wp:attachment":[{"href":"https:\/\/dev.vitalstoffversand.com\/es\/wp-json\/wp\/v2\/media?parent=26832"}],"wp:term":[{"taxonomy":"product_brand","embeddable":true,"href":"https:\/\/dev.vitalstoffversand.com\/es\/wp-json\/wp\/v2\/product_brand?post=26832"},{"taxonomy":"product_cat","embeddable":true,"href":"https:\/\/dev.vitalstoffversand.com\/es\/wp-json\/wp\/v2\/product_cat?post=26832"},{"taxonomy":"product_tag","embeddable":true,"href":"https:\/\/dev.vitalstoffversand.com\/es\/wp-json\/wp\/v2\/product_tag?post=26832"}],"curies":[{"name":"wp","href":"https:\/\/api.w.org\/{rel}","templated":true}]}}