{"id":23417,"date":"2024-11-09T17:31:42","date_gmt":"2024-11-09T16:31:42","guid":{"rendered":"https:\/\/vitalstoffversand.com\/produkt\/vit4ever-name-silvestre-240-capsulas\/"},"modified":"2026-03-14T16:29:08","modified_gmt":"2026-03-14T15:29:08","slug":"vit4ever-name-silvestre-240-capsulas","status":"publish","type":"product","link":"https:\/\/dev.vitalstoffversand.com\/es\/producto\/vit4ever-name-silvestre-240-capsulas\/","title":{"rendered":"Vit4ever <br>\u00d1ame silvestre &#8211; 240 c\u00e1psulas"},"content":{"rendered":"<p>El \u00f1ame silvestre contiene el principio activo diosgenina, muy similar a la hormona femenina progesterona.<\/p>\n<p>La diosgenina tambi\u00e9n puede estimular la secreci\u00f3n de DHEA (dehidroepiandrosterona) del propio organismo.<\/p>\n<ul>\n<li>Vegano<\/li>\n<li>Sin gluten<\/li>\n<li>Sin lactosa<\/li>\n<li>Sin OGM<\/li>\n<li>Fabricado seg\u00fan los estrictos est\u00e1ndares de calidad de la UE.<\/li>\n<\/ul>\n","protected":false},"excerpt":{"rendered":"<p>El \u00f1ame silvestre contiene el principio activo diosgenina, muy similar a la hormona femenina progesterona. La diosgenina tambi\u00e9n puede estimular la secreci\u00f3n de DHEA (dehidroepiandrosterona) del propio organismo. Vegano Sin gluten Sin lactosa Sin OGM Fabricado seg\u00fan los estrictos est\u00e1ndares de calidad de la UE.<\/p>\n","protected":false},"featured_media":51048,"template":"","meta":{"_acf_changed":false},"product_brand":[10219],"product_cat":[350,363],"product_tag":[],"class_list":{"0":"post-23417","1":"product","2":"type-product","3":"status-publish","4":"has-post-thumbnail","6":"product_brand-vit4ever-es","7":"product_cat-nutrientes","8":"product_cat-productos-de-a-z","10":"first","11":"instock","12":"taxable","13":"shipping-taxable","14":"purchasable","15":"product-type-simple"},"acf":[],"_links":{"self":[{"href":"https:\/\/dev.vitalstoffversand.com\/es\/wp-json\/wp\/v2\/product\/23417","targetHints":{"allow":["GET"]}}],"collection":[{"href":"https:\/\/dev.vitalstoffversand.com\/es\/wp-json\/wp\/v2\/product"}],"about":[{"href":"https:\/\/dev.vitalstoffversand.com\/es\/wp-json\/wp\/v2\/types\/product"}],"wp:featuredmedia":[{"embeddable":true,"href":"https:\/\/dev.vitalstoffversand.com\/es\/wp-json\/wp\/v2\/media\/51048"}],"wp:attachment":[{"href":"https:\/\/dev.vitalstoffversand.com\/es\/wp-json\/wp\/v2\/media?parent=23417"}],"wp:term":[{"taxonomy":"product_brand","embeddable":true,"href":"https:\/\/dev.vitalstoffversand.com\/es\/wp-json\/wp\/v2\/product_brand?post=23417"},{"taxonomy":"product_cat","embeddable":true,"href":"https:\/\/dev.vitalstoffversand.com\/es\/wp-json\/wp\/v2\/product_cat?post=23417"},{"taxonomy":"product_tag","embeddable":true,"href":"https:\/\/dev.vitalstoffversand.com\/es\/wp-json\/wp\/v2\/product_tag?post=23417"}],"curies":[{"name":"wp","href":"https:\/\/api.w.org\/{rel}","templated":true}]}}