{"id":22527,"date":"2024-11-07T19:52:40","date_gmt":"2024-11-07T18:52:40","guid":{"rendered":"https:\/\/vitalstoffversand.com\/produkt\/vit4ever-vitamina-d3-10000-u-i-365-comprimidos\/"},"modified":"2026-03-12T16:53:40","modified_gmt":"2026-03-12T15:53:40","slug":"vit4ever-vitamina-d3-10000-u-i-365-comprimidos","status":"publish","type":"product","link":"https:\/\/dev.vitalstoffversand.com\/es\/producto\/vit4ever-vitamina-d3-10000-u-i-365-comprimidos\/","title":{"rendered":"Vit4ever <br>Vitamina D3 10000 U.I. &#8211; 365 comprimidos"},"content":{"rendered":"<p>Como el cuerpo puede almacenar <a href=\"https:\/\/dev.vitalstoffversand.com\/knowledge-base\/vitamin-d\/\" target=\"_blank\" rel=\"noopener\"><strong><span style=\"color: #0000ff;\">\u2192 vitamina D<\/span><\/strong><\/a>, una c\u00e1psula proporciona a nuestro organismo esta importante vitamina durante 10 d\u00edas.<\/p>\n<p>Debe garantizarse un aporte suficiente de vitamina D, especialmente durante los meses m\u00e1s oscuros del a\u00f1o.<\/p>\n<ul>\n<li>Vegetariano<\/li>\n<li>Sin gluten<\/li>\n<li>Sin lactosa<\/li>\n<li>Sin OGM<\/li>\n<li>Fabricado seg\u00fan los estrictos est\u00e1ndares de calidad de la UE.<\/li>\n<\/ul>\n","protected":false},"excerpt":{"rendered":"<p>Como el cuerpo puede almacenar \u2192 vitamina D, una c\u00e1psula proporciona a nuestro organismo esta importante vitamina durante 10 d\u00edas. Debe garantizarse un aporte suficiente de vitamina D, especialmente durante los meses m\u00e1s oscuros del a\u00f1o. Vegetariano Sin gluten Sin lactosa Sin OGM Fabricado seg\u00fan los estrictos est\u00e1ndares de calidad de la UE.<\/p>\n","protected":false},"featured_media":61412,"template":"","meta":{"_acf_changed":false},"product_brand":[10219],"product_cat":[310,363],"product_tag":[],"class_list":{"0":"post-22527","1":"product","2":"type-product","3":"status-publish","4":"has-post-thumbnail","6":"product_brand-vit4ever-es","7":"product_cat-vitaminas","8":"product_cat-productos-de-a-z","10":"first","11":"instock","12":"taxable","13":"shipping-taxable","14":"purchasable","15":"product-type-simple"},"acf":[],"_links":{"self":[{"href":"https:\/\/dev.vitalstoffversand.com\/es\/wp-json\/wp\/v2\/product\/22527","targetHints":{"allow":["GET"]}}],"collection":[{"href":"https:\/\/dev.vitalstoffversand.com\/es\/wp-json\/wp\/v2\/product"}],"about":[{"href":"https:\/\/dev.vitalstoffversand.com\/es\/wp-json\/wp\/v2\/types\/product"}],"wp:featuredmedia":[{"embeddable":true,"href":"https:\/\/dev.vitalstoffversand.com\/es\/wp-json\/wp\/v2\/media\/61412"}],"wp:attachment":[{"href":"https:\/\/dev.vitalstoffversand.com\/es\/wp-json\/wp\/v2\/media?parent=22527"}],"wp:term":[{"taxonomy":"product_brand","embeddable":true,"href":"https:\/\/dev.vitalstoffversand.com\/es\/wp-json\/wp\/v2\/product_brand?post=22527"},{"taxonomy":"product_cat","embeddable":true,"href":"https:\/\/dev.vitalstoffversand.com\/es\/wp-json\/wp\/v2\/product_cat?post=22527"},{"taxonomy":"product_tag","embeddable":true,"href":"https:\/\/dev.vitalstoffversand.com\/es\/wp-json\/wp\/v2\/product_tag?post=22527"}],"curies":[{"name":"wp","href":"https:\/\/api.w.org\/{rel}","templated":true}]}}