{"id":22519,"date":"2024-11-07T15:46:23","date_gmt":"2024-11-07T14:46:23","guid":{"rendered":"https:\/\/vitalstoffversand.com\/produkt\/vit4ever-complejo-de-zinc-400-comprimidos\/"},"modified":"2026-03-12T16:44:54","modified_gmt":"2026-03-12T15:44:54","slug":"vit4ever-complejo-de-zinc-400-comprimidos","status":"publish","type":"product","link":"https:\/\/dev.vitalstoffversand.com\/es\/producto\/vit4ever-complejo-de-zinc-400-comprimidos\/","title":{"rendered":"Vit4ever <br>Complejo de zinc 25 mg &#8211; 400 comprimidos"},"content":{"rendered":"<p><a href=\"https:\/\/dev.vitalstoffversand.com\/knowledge-base\/zink\/\" target=\"_blank\" rel=\"noopener\"><span style=\"color: #0000ff;\"><strong>\u2192 El zinc<\/strong><\/span><\/a> es un oligoelemento vital para nuestro organismo.<\/p>\n<p>Interviene en numerosas reacciones metab\u00f3licas y es un componente de m\u00e1s de 50 enzimas de nuestro organismo.<\/p>\n<p>El zinc refuerza el sistema inmunitario, favorece la s\u00edntesis de prote\u00ednas y puede aumentar la producci\u00f3n de esperma en los hombres.<\/p>\n<p>La L-histidina, que tambi\u00e9n est\u00e1 presente, es un amino\u00e1cido semiesencial y tambi\u00e9n interviene en numerosas reacciones metab\u00f3licas y en la formaci\u00f3n de prote\u00ednas.<\/p>\n<ul>\n<li>Vegano<\/li>\n<li>Sin gluten<\/li>\n<li>Sin lactosa<\/li>\n<li>Sin OGM<\/li>\n<li>Fabricado seg\u00fan los estrictos est\u00e1ndares de calidad de la UE.<\/li>\n<\/ul>\n","protected":false},"excerpt":{"rendered":"<p>\u2192 El zinc es un oligoelemento vital para nuestro organismo. Interviene en numerosas reacciones metab\u00f3licas y es un componente de m\u00e1s de 50 enzimas de nuestro organismo. El zinc refuerza el sistema inmunitario, favorece la s\u00edntesis de prote\u00ednas y puede aumentar la producci\u00f3n de esperma en los hombres. La L-histidina, que tambi\u00e9n est\u00e1 presente, es [&hellip;]<\/p>\n","protected":false},"featured_media":49880,"template":"","meta":{"_acf_changed":false},"product_brand":[10219],"product_cat":[342,363],"product_tag":[],"class_list":{"0":"post-22519","1":"product","2":"type-product","3":"status-publish","4":"has-post-thumbnail","6":"product_brand-vit4ever-es","7":"product_cat-minerales-y-oligoelementos","8":"product_cat-productos-de-a-z","10":"first","11":"instock","12":"taxable","13":"shipping-taxable","14":"purchasable","15":"product-type-simple"},"acf":[],"_links":{"self":[{"href":"https:\/\/dev.vitalstoffversand.com\/es\/wp-json\/wp\/v2\/product\/22519","targetHints":{"allow":["GET"]}}],"collection":[{"href":"https:\/\/dev.vitalstoffversand.com\/es\/wp-json\/wp\/v2\/product"}],"about":[{"href":"https:\/\/dev.vitalstoffversand.com\/es\/wp-json\/wp\/v2\/types\/product"}],"wp:featuredmedia":[{"embeddable":true,"href":"https:\/\/dev.vitalstoffversand.com\/es\/wp-json\/wp\/v2\/media\/49880"}],"wp:attachment":[{"href":"https:\/\/dev.vitalstoffversand.com\/es\/wp-json\/wp\/v2\/media?parent=22519"}],"wp:term":[{"taxonomy":"product_brand","embeddable":true,"href":"https:\/\/dev.vitalstoffversand.com\/es\/wp-json\/wp\/v2\/product_brand?post=22519"},{"taxonomy":"product_cat","embeddable":true,"href":"https:\/\/dev.vitalstoffversand.com\/es\/wp-json\/wp\/v2\/product_cat?post=22519"},{"taxonomy":"product_tag","embeddable":true,"href":"https:\/\/dev.vitalstoffversand.com\/es\/wp-json\/wp\/v2\/product_tag?post=22519"}],"curies":[{"name":"wp","href":"https:\/\/api.w.org\/{rel}","templated":true}]}}