{"id":22473,"date":"2024-11-01T15:33:11","date_gmt":"2024-11-01T14:33:11","guid":{"rendered":"https:\/\/vitalstoffversand.com\/produkt\/vit4ever-ginkgo-biloba-501-extracto-365-comprimidos\/"},"modified":"2026-03-12T16:26:54","modified_gmt":"2026-03-12T15:26:54","slug":"vit4ever-ginkgo-biloba-501-extracto-365-comprimidos","status":"publish","type":"product","link":"https:\/\/dev.vitalstoffversand.com\/es\/producto\/vit4ever-ginkgo-biloba-501-extracto-365-comprimidos\/","title":{"rendered":"Vit4ever <br>Ginkgo Biloba 50:1 Extracto &#8211; 365 Comprimidos"},"content":{"rendered":"<p>El Ginkgo Biloba es uno de los \u00e1rboles m\u00e1s antiguos que sobreviven en nuestro planeta.<\/p>\n<p>Gracias a los gluc\u00f3sidos de flavona y a las lactonas terp\u00e9nicas de ginkg\u00f3lido que contiene, que son terpenos, as\u00ed como a sustancias vegetales secundarias, este \u00e1rbol milenario nos proporciona valiosos principios activos.<\/p>\n<p>La m\u00e1xima calidad tiene prioridad absoluta, por lo que el contenido de \u00e1cido ging\u00f3lico es de s\u00f3lo 1 ppm, muy por debajo del l\u00edmite permitido de 5 ppm.<\/p>\n<ul>\n<li>Vegano<\/li>\n<li>Sin gluten<\/li>\n<li>Sin lactosa<\/li>\n<li>Sin OGM<\/li>\n<li>Fabricado seg\u00fan los estrictos est\u00e1ndares de calidad de la UE.<\/li>\n<\/ul>\n","protected":false},"excerpt":{"rendered":"<p>El Ginkgo Biloba es uno de los \u00e1rboles m\u00e1s antiguos que sobreviven en nuestro planeta. Gracias a los gluc\u00f3sidos de flavona y a las lactonas terp\u00e9nicas de ginkg\u00f3lido que contiene, que son terpenos, as\u00ed como a sustancias vegetales secundarias, este \u00e1rbol milenario nos proporciona valiosos principios activos. La m\u00e1xima calidad tiene prioridad absoluta, por lo [&hellip;]<\/p>\n","protected":false},"featured_media":49720,"template":"","meta":{"_acf_changed":false},"product_brand":[10219],"product_cat":[350,363],"product_tag":[],"class_list":{"0":"post-22473","1":"product","2":"type-product","3":"status-publish","4":"has-post-thumbnail","6":"product_brand-vit4ever-es","7":"product_cat-nutrientes","8":"product_cat-productos-de-a-z","10":"first","11":"instock","12":"taxable","13":"shipping-taxable","14":"purchasable","15":"product-type-simple"},"acf":[],"_links":{"self":[{"href":"https:\/\/dev.vitalstoffversand.com\/es\/wp-json\/wp\/v2\/product\/22473","targetHints":{"allow":["GET"]}}],"collection":[{"href":"https:\/\/dev.vitalstoffversand.com\/es\/wp-json\/wp\/v2\/product"}],"about":[{"href":"https:\/\/dev.vitalstoffversand.com\/es\/wp-json\/wp\/v2\/types\/product"}],"wp:featuredmedia":[{"embeddable":true,"href":"https:\/\/dev.vitalstoffversand.com\/es\/wp-json\/wp\/v2\/media\/49720"}],"wp:attachment":[{"href":"https:\/\/dev.vitalstoffversand.com\/es\/wp-json\/wp\/v2\/media?parent=22473"}],"wp:term":[{"taxonomy":"product_brand","embeddable":true,"href":"https:\/\/dev.vitalstoffversand.com\/es\/wp-json\/wp\/v2\/product_brand?post=22473"},{"taxonomy":"product_cat","embeddable":true,"href":"https:\/\/dev.vitalstoffversand.com\/es\/wp-json\/wp\/v2\/product_cat?post=22473"},{"taxonomy":"product_tag","embeddable":true,"href":"https:\/\/dev.vitalstoffversand.com\/es\/wp-json\/wp\/v2\/product_tag?post=22473"}],"curies":[{"name":"wp","href":"https:\/\/api.w.org\/{rel}","templated":true}]}}