{"id":21788,"date":"2024-11-12T13:14:08","date_gmt":"2024-11-12T12:14:08","guid":{"rendered":"https:\/\/vitalstoffversand.com\/produkt\/gen-bcaa-211-450-g-diferentes-sabores\/"},"modified":"2026-04-02T18:18:31","modified_gmt":"2026-04-02T16:18:31","slug":"gen-bcaa-211-450-g-diferentes-sabores","status":"publish","type":"product","link":"https:\/\/dev.vitalstoffversand.com\/es\/producto\/gen-bcaa-211-450-g-diferentes-sabores\/","title":{"rendered":"GEN <br>BCAA 2:1:1 &#8211; 450 g"},"content":{"rendered":"<p>BCAA en la perfecta proporci\u00f3n 2:1:1 de los amino\u00e1cidos leucina, isoleucina y valina.<\/p>\n<p>Para apoyar sin\u00e9rgicamente el proceso de regeneraci\u00f3n, los BCAA se complementan con L-glutamina y L-taurina.<\/p>\n<ul>\n<li>Vegano<\/li>\n<li>Sin gluten<\/li>\n<li>Sin lactosa<\/li>\n<li>Sin OGM<\/li>\n<li>Fabricado seg\u00fan los estrictos est\u00e1ndares de calidad de la UE.<\/li>\n<\/ul>\n","protected":false},"excerpt":{"rendered":"<p>BCAA en la perfecta proporci\u00f3n 2:1:1 de los amino\u00e1cidos leucina, isoleucina y valina. Para apoyar sin\u00e9rgicamente el proceso de regeneraci\u00f3n, los BCAA se complementan con L-glutamina y L-taurina. Vegano Sin gluten Sin lactosa Sin OGM Fabricado seg\u00fan los estrictos est\u00e1ndares de calidad de la UE.<\/p>\n","protected":false},"featured_media":46328,"template":"","meta":{"_acf_changed":false},"product_brand":[10201],"product_cat":[334,363],"product_tag":[],"class_list":{"0":"post-21788","1":"product","2":"type-product","3":"status-publish","4":"has-post-thumbnail","6":"product_brand-gen-german-elite-nutrition-es","7":"product_cat-aminoacidos","8":"product_cat-productos-de-a-z","10":"first","11":"instock","12":"taxable","13":"shipping-taxable","14":"purchasable","15":"product-type-variable"},"acf":[],"_links":{"self":[{"href":"https:\/\/dev.vitalstoffversand.com\/es\/wp-json\/wp\/v2\/product\/21788","targetHints":{"allow":["GET"]}}],"collection":[{"href":"https:\/\/dev.vitalstoffversand.com\/es\/wp-json\/wp\/v2\/product"}],"about":[{"href":"https:\/\/dev.vitalstoffversand.com\/es\/wp-json\/wp\/v2\/types\/product"}],"wp:featuredmedia":[{"embeddable":true,"href":"https:\/\/dev.vitalstoffversand.com\/es\/wp-json\/wp\/v2\/media\/46328"}],"wp:attachment":[{"href":"https:\/\/dev.vitalstoffversand.com\/es\/wp-json\/wp\/v2\/media?parent=21788"}],"wp:term":[{"taxonomy":"product_brand","embeddable":true,"href":"https:\/\/dev.vitalstoffversand.com\/es\/wp-json\/wp\/v2\/product_brand?post=21788"},{"taxonomy":"product_cat","embeddable":true,"href":"https:\/\/dev.vitalstoffversand.com\/es\/wp-json\/wp\/v2\/product_cat?post=21788"},{"taxonomy":"product_tag","embeddable":true,"href":"https:\/\/dev.vitalstoffversand.com\/es\/wp-json\/wp\/v2\/product_tag?post=21788"}],"curies":[{"name":"wp","href":"https:\/\/api.w.org\/{rel}","templated":true}]}}