{"id":21679,"date":"2024-11-12T12:55:51","date_gmt":"2024-11-12T11:55:51","guid":{"rendered":"https:\/\/vitalstoffversand.com\/produkt\/gen-clear-whey-protein-900-g-diferentes-sabores\/"},"modified":"2026-03-30T15:03:16","modified_gmt":"2026-03-30T13:03:16","slug":"gen-clear-whey-protein-900-g-diferentes-sabores","status":"publish","type":"product","link":"https:\/\/dev.vitalstoffversand.com\/es\/producto\/gen-clear-whey-protein-900-g-diferentes-sabores\/","title":{"rendered":"GEN <br>Clear Whey Protein &#8211; 900 g &#8211; diferentes sabores"},"content":{"rendered":"<p>El aislado de prote\u00edna de suero Clear se obtiene a partir del suero de leche y tiene una tasa de absorci\u00f3n muy elevada y un alto valor biol\u00f3gico.<\/p>\n<p>El aislado de prote\u00edna de suero contiene m\u00e1s del 46% de amino\u00e1cidos esenciales (EAA), incluido un 16% de BCAA y amino\u00e1cidos semiesenciales, con un contenido total de prote\u00ednas superior al 80%. <\/p>\n<p>GEN Clear Whey Protein est\u00e1 disponible en numerosos sabores y apenas contiene az\u00facar, grasa u otros carbohidratos.<\/p>\n<ul>\n<li>Fabricado seg\u00fan los estrictos est\u00e1ndares de calidad de la UE.<\/li>\n<\/ul>\n","protected":false},"excerpt":{"rendered":"<p>El aislado de prote\u00edna de suero Clear se obtiene a partir del suero de leche y tiene una tasa de absorci\u00f3n muy elevada y un alto valor biol\u00f3gico. El aislado de prote\u00edna de suero contiene m\u00e1s del 46% de amino\u00e1cidos esenciales (EAA), incluido un 16% de BCAA y amino\u00e1cidos semiesenciales, con un contenido total de [&hellip;]<\/p>\n","protected":false},"featured_media":45719,"template":"","meta":{"_acf_changed":false},"product_brand":[10201],"product_cat":[343,363],"product_tag":[],"class_list":{"0":"post-21679","1":"product","2":"type-product","3":"status-publish","4":"has-post-thumbnail","6":"product_brand-gen-german-elite-nutrition-es","7":"product_cat-proteinas","8":"product_cat-productos-de-a-z","10":"first","11":"instock","12":"taxable","13":"shipping-taxable","14":"purchasable","15":"product-type-variable"},"acf":[],"_links":{"self":[{"href":"https:\/\/dev.vitalstoffversand.com\/es\/wp-json\/wp\/v2\/product\/21679","targetHints":{"allow":["GET"]}}],"collection":[{"href":"https:\/\/dev.vitalstoffversand.com\/es\/wp-json\/wp\/v2\/product"}],"about":[{"href":"https:\/\/dev.vitalstoffversand.com\/es\/wp-json\/wp\/v2\/types\/product"}],"wp:featuredmedia":[{"embeddable":true,"href":"https:\/\/dev.vitalstoffversand.com\/es\/wp-json\/wp\/v2\/media\/45719"}],"wp:attachment":[{"href":"https:\/\/dev.vitalstoffversand.com\/es\/wp-json\/wp\/v2\/media?parent=21679"}],"wp:term":[{"taxonomy":"product_brand","embeddable":true,"href":"https:\/\/dev.vitalstoffversand.com\/es\/wp-json\/wp\/v2\/product_brand?post=21679"},{"taxonomy":"product_cat","embeddable":true,"href":"https:\/\/dev.vitalstoffversand.com\/es\/wp-json\/wp\/v2\/product_cat?post=21679"},{"taxonomy":"product_tag","embeddable":true,"href":"https:\/\/dev.vitalstoffversand.com\/es\/wp-json\/wp\/v2\/product_tag?post=21679"}],"curies":[{"name":"wp","href":"https:\/\/api.w.org\/{rel}","templated":true}]}}