{"id":21314,"date":"2024-11-12T12:16:50","date_gmt":"2024-11-12T11:16:50","guid":{"rendered":"https:\/\/vitalstoffversand.com\/produkt\/gen-beta-alanina-500-g\/"},"modified":"2026-03-11T14:52:56","modified_gmt":"2026-03-11T13:52:56","slug":"gen-beta-alanina-500-g","status":"publish","type":"product","link":"https:\/\/dev.vitalstoffversand.com\/es\/producto\/gen-beta-alanina-500-g\/","title":{"rendered":"GEN <br>Beta Alanina &#8211; 500 g"},"content":{"rendered":"<p>La beta alanina es un amino\u00e1cido no esencial que nuestro organismo tambi\u00e9n puede producir por s\u00ed mismo.<\/p>\n<p>Con la ayuda de la L-histidina, el organismo convierte la beta alanina en carnosina, que es importante para nuestro equilibrio \u00e1cido-base.<\/p>\n<p>En este sentido, la suplementaci\u00f3n con beta alanina puede aumentar las reservas de carnosina y, por tanto, prevenir mejor la hiperacidez, especialmente en los deportistas.<\/p>\n<ul>\n<li>Vegano<\/li>\n<li>Sin gluten<\/li>\n<li>Sin lactosa<\/li>\n<li>Sin OGM<\/li>\n<li>Fabricado seg\u00fan los estrictos est\u00e1ndares de calidad de la UE.<\/li>\n<\/ul>\n","protected":false},"excerpt":{"rendered":"<p>La beta alanina es un amino\u00e1cido no esencial que nuestro organismo tambi\u00e9n puede producir por s\u00ed mismo. Con la ayuda de la L-histidina, el organismo convierte la beta alanina en carnosina, que es importante para nuestro equilibrio \u00e1cido-base. En este sentido, la suplementaci\u00f3n con beta alanina puede aumentar las reservas de carnosina y, por tanto, [&hellip;]<\/p>\n","protected":false},"featured_media":44871,"template":"","meta":{"_acf_changed":false},"product_brand":[10201],"product_cat":[334,363],"product_tag":[],"class_list":{"0":"post-21314","1":"product","2":"type-product","3":"status-publish","4":"has-post-thumbnail","6":"product_brand-gen-german-elite-nutrition-es","7":"product_cat-aminoacidos","8":"product_cat-productos-de-a-z","10":"first","11":"instock","12":"taxable","13":"shipping-taxable","14":"purchasable","15":"product-type-simple"},"acf":[],"_links":{"self":[{"href":"https:\/\/dev.vitalstoffversand.com\/es\/wp-json\/wp\/v2\/product\/21314","targetHints":{"allow":["GET"]}}],"collection":[{"href":"https:\/\/dev.vitalstoffversand.com\/es\/wp-json\/wp\/v2\/product"}],"about":[{"href":"https:\/\/dev.vitalstoffversand.com\/es\/wp-json\/wp\/v2\/types\/product"}],"wp:featuredmedia":[{"embeddable":true,"href":"https:\/\/dev.vitalstoffversand.com\/es\/wp-json\/wp\/v2\/media\/44871"}],"wp:attachment":[{"href":"https:\/\/dev.vitalstoffversand.com\/es\/wp-json\/wp\/v2\/media?parent=21314"}],"wp:term":[{"taxonomy":"product_brand","embeddable":true,"href":"https:\/\/dev.vitalstoffversand.com\/es\/wp-json\/wp\/v2\/product_brand?post=21314"},{"taxonomy":"product_cat","embeddable":true,"href":"https:\/\/dev.vitalstoffversand.com\/es\/wp-json\/wp\/v2\/product_cat?post=21314"},{"taxonomy":"product_tag","embeddable":true,"href":"https:\/\/dev.vitalstoffversand.com\/es\/wp-json\/wp\/v2\/product_tag?post=21314"}],"curies":[{"name":"wp","href":"https:\/\/api.w.org\/{rel}","templated":true}]}}