{"id":21270,"date":"2024-11-12T11:56:30","date_gmt":"2024-11-12T10:56:30","guid":{"rendered":"https:\/\/vitalstoffversand.com\/produkt\/gen-acido-gamma-aminobutirico-gaba-320-capsulas\/"},"modified":"2026-03-11T14:37:36","modified_gmt":"2026-03-11T13:37:36","slug":"gen-acido-gamma-aminobutirico-gaba-320-capsulas","status":"publish","type":"product","link":"https:\/\/dev.vitalstoffversand.com\/es\/producto\/gen-acido-gamma-aminobutirico-gaba-320-capsulas\/","title":{"rendered":"GEN <br>\u00c1cido gamma-aminobut\u00edrico Gaba &#8211; 320 c\u00e1psulas"},"content":{"rendered":"<p>El \u00e1cido \u03b3-aminobut\u00edrico (GABA) es un amino\u00e1cido no proteog\u00e9nico y, junto con el glutamato, es un importante neurotransmisor del sistema nervioso central.<\/p>\n<p>El GABA puede ralentizar muchos est\u00edmulos, por lo que puede tener un efecto positivo sobre el estr\u00e9s y el sue\u00f1o.<\/p>\n<ul>\n<li>Sin gluten<\/li>\n<li>Sin lactosa<\/li>\n<li>Sin OGM<\/li>\n<li>Fabricado seg\u00fan los estrictos est\u00e1ndares de calidad de la UE.<\/li>\n<\/ul>\n","protected":false},"excerpt":{"rendered":"<p>El \u00e1cido \u03b3-aminobut\u00edrico (GABA) es un amino\u00e1cido no proteog\u00e9nico y, junto con el glutamato, es un importante neurotransmisor del sistema nervioso central. El GABA puede ralentizar muchos est\u00edmulos, por lo que puede tener un efecto positivo sobre el estr\u00e9s y el sue\u00f1o. Sin gluten Sin lactosa Sin OGM Fabricado seg\u00fan los estrictos est\u00e1ndares de calidad [&hellip;]<\/p>\n","protected":false},"featured_media":61173,"template":"","meta":{"_acf_changed":false},"product_brand":[10201],"product_cat":[334,363],"product_tag":[],"class_list":{"0":"post-21270","1":"product","2":"type-product","3":"status-publish","4":"has-post-thumbnail","6":"product_brand-gen-german-elite-nutrition-es","7":"product_cat-aminoacidos","8":"product_cat-productos-de-a-z","10":"first","11":"instock","12":"taxable","13":"shipping-taxable","14":"purchasable","15":"product-type-simple"},"acf":[],"_links":{"self":[{"href":"https:\/\/dev.vitalstoffversand.com\/es\/wp-json\/wp\/v2\/product\/21270","targetHints":{"allow":["GET"]}}],"collection":[{"href":"https:\/\/dev.vitalstoffversand.com\/es\/wp-json\/wp\/v2\/product"}],"about":[{"href":"https:\/\/dev.vitalstoffversand.com\/es\/wp-json\/wp\/v2\/types\/product"}],"wp:featuredmedia":[{"embeddable":true,"href":"https:\/\/dev.vitalstoffversand.com\/es\/wp-json\/wp\/v2\/media\/61173"}],"wp:attachment":[{"href":"https:\/\/dev.vitalstoffversand.com\/es\/wp-json\/wp\/v2\/media?parent=21270"}],"wp:term":[{"taxonomy":"product_brand","embeddable":true,"href":"https:\/\/dev.vitalstoffversand.com\/es\/wp-json\/wp\/v2\/product_brand?post=21270"},{"taxonomy":"product_cat","embeddable":true,"href":"https:\/\/dev.vitalstoffversand.com\/es\/wp-json\/wp\/v2\/product_cat?post=21270"},{"taxonomy":"product_tag","embeddable":true,"href":"https:\/\/dev.vitalstoffversand.com\/es\/wp-json\/wp\/v2\/product_tag?post=21270"}],"curies":[{"name":"wp","href":"https:\/\/api.w.org\/{rel}","templated":true}]}}