{"id":21245,"date":"2024-11-12T11:46:01","date_gmt":"2024-11-12T10:46:01","guid":{"rendered":"https:\/\/vitalstoffversand.com\/produkt\/gen-bcaa-211-neutros-500-g\/"},"modified":"2026-03-11T14:32:25","modified_gmt":"2026-03-11T13:32:25","slug":"gen-bcaa-211-neutros-500-g","status":"publish","type":"product","link":"https:\/\/dev.vitalstoffversand.com\/es\/producto\/gen-bcaa-211-neutros-500-g\/","title":{"rendered":"GEN <br>BCAA 2:1:1 neutros &#8211; 500 g"},"content":{"rendered":"<p>BCAA es la abreviatura de amino\u00e1cidos de cadena ramificada y resume los amino\u00e1cidos proteinog\u00e9nicos leucina, valina e isoleucina.<\/p>\n<p>Son esenciales y no pueden ser producidos por el propio organismo.<\/p>\n<p>BCAA 2:1:1 no contiene aromatizantes.<\/p>\n<p>Por lo general, los BCAA tienen un sabor amargo y son relativamente dif\u00edciles de disolver.<\/p>\n<ul>\n<li>Vegano<\/li>\n<li>Sin gluten<\/li>\n<li>Sin lactosa<\/li>\n<li>Sin OGM<\/li>\n<li>Fabricado seg\u00fan los estrictos est\u00e1ndares de calidad de la UE.<\/li>\n<\/ul>\n","protected":false},"excerpt":{"rendered":"<p>BCAA es la abreviatura de amino\u00e1cidos de cadena ramificada y resume los amino\u00e1cidos proteinog\u00e9nicos leucina, valina e isoleucina. Son esenciales y no pueden ser producidos por el propio organismo. BCAA 2:1:1 no contiene aromatizantes. Por lo general, los BCAA tienen un sabor amargo y son relativamente dif\u00edciles de disolver. Vegano Sin gluten Sin lactosa Sin [&hellip;]<\/p>\n","protected":false},"featured_media":44439,"template":"","meta":{"_acf_changed":false},"product_brand":[10201],"product_cat":[334,363],"product_tag":[],"class_list":{"0":"post-21245","1":"product","2":"type-product","3":"status-publish","4":"has-post-thumbnail","6":"product_brand-gen-german-elite-nutrition-es","7":"product_cat-aminoacidos","8":"product_cat-productos-de-a-z","10":"first","11":"instock","12":"taxable","13":"shipping-taxable","14":"purchasable","15":"product-type-simple"},"acf":[],"_links":{"self":[{"href":"https:\/\/dev.vitalstoffversand.com\/es\/wp-json\/wp\/v2\/product\/21245","targetHints":{"allow":["GET"]}}],"collection":[{"href":"https:\/\/dev.vitalstoffversand.com\/es\/wp-json\/wp\/v2\/product"}],"about":[{"href":"https:\/\/dev.vitalstoffversand.com\/es\/wp-json\/wp\/v2\/types\/product"}],"wp:featuredmedia":[{"embeddable":true,"href":"https:\/\/dev.vitalstoffversand.com\/es\/wp-json\/wp\/v2\/media\/44439"}],"wp:attachment":[{"href":"https:\/\/dev.vitalstoffversand.com\/es\/wp-json\/wp\/v2\/media?parent=21245"}],"wp:term":[{"taxonomy":"product_brand","embeddable":true,"href":"https:\/\/dev.vitalstoffversand.com\/es\/wp-json\/wp\/v2\/product_brand?post=21245"},{"taxonomy":"product_cat","embeddable":true,"href":"https:\/\/dev.vitalstoffversand.com\/es\/wp-json\/wp\/v2\/product_cat?post=21245"},{"taxonomy":"product_tag","embeddable":true,"href":"https:\/\/dev.vitalstoffversand.com\/es\/wp-json\/wp\/v2\/product_tag?post=21245"}],"curies":[{"name":"wp","href":"https:\/\/api.w.org\/{rel}","templated":true}]}}